{"id":9807,"date":"2024-07-05T12:46:59","date_gmt":"2024-07-05T09:46:59","guid":{"rendered":"https:\/\/optiumgrupp.ee\/?post_type=product&#038;p=9807"},"modified":"2024-07-10T12:14:19","modified_gmt":"2024-07-10T09:14:19","slug":"dailies-total-1-for-astigmatism30tk-pk-1-paevased-silikoonhudrogeellaatsed","status":"publish","type":"product","link":"https:\/\/optiumgrupp.ee\/ru\/product\/dailies-total-1-for-astigmatism30tk-pk-1-paevased-silikoonhudrogeellaatsed\/","title":{"rendered":"DAILIES <br>Total 1 for Astigmatism<br><p><span style=\"font-weight:normal\">(30\u0448\u0442\/\u0443\u043f) 1-\u0434\u043d\u0435\u0432\u043d\u044b\u0435 <br>\u0441\u0438\u043b\u0438\u043a\u043e\u043d-\u0433\u0438\u0434\u0440\u043e\u0433\u0435\u043b\u0435\u0432\u044b\u0435 \u043b\u0438\u043d\u0437\u044b<\/small><\/font>"},"content":{"rendered":"<p>Dailies TOTAL1 for Astigmatism on mugavad ja hooldusvabad 1-p\u00e4evased toorilised kontaktl\u00e4\u00e4tsed igap\u00e4evaseks kasutamiseks. L\u00e4\u00e4tsede materjal eritab iga silmapilgutuse ajal silmale vajalikke m\u00e4\u00e4rdeaineid, mille t\u00f5ttu ei teki silmas kuivustunnet. L\u00e4\u00e4tsede pinnale ei teki silma \u00e4rritavat ladestust, mist\u00f5ttu on nad v\u00e4ga h\u00fcgieenilised ja mugavad. Sobivad ideaalselt nii regulaarseks igap\u00e4evaseks kui ebaregulaarseks kasutamiseks (treeningud, t\u00f6\u00f6, hobid, vms). L\u00e4\u00e4tsed \u00fchilduvad silmaga suurep\u00e4raselt.<br \/>\nDailies TOTAL1 for Astigmatism on \u00fchep\u00e4evased silikoonh\u00fcdrogeelist kontaktl\u00e4\u00e4tsed, millel on t\u00e4iuslikult disainitud optika. L\u00e4\u00e4tsed s\u00e4tivad ise ennast paika m\u00f5ne sekundiga ning l\u00e4\u00e4tse disain tagab l\u00e4\u00e4tsede \u00f5ige asendi kogu kandmisperioodi v\u00e4ltel.<\/p>\n<p>T\u00e4iuslik n\u00e4gemisteravus<br \/>\nPRECISION BALANCE 8\/4 on Alcon-i enda t\u00f5estanud tooriliste l\u00e4\u00e4tsede disain. T\u00e4nu kasutatavale tehnoloogiale istub l\u00e4\u00e4ts ideaalselt ja tagab kandjale ideaalse n\u00e4gemisteravuse. Lihtsamaks pealekandmiseks on l\u00e4\u00e4tsedel kella 6 asendis v\u00e4ikese joonena lisatud orientatsioonim\u00e4rk. L\u00e4\u00e4tsedel on ka stabiliseerimis\u00adpunktid kella 8 ja 4 asendis, hoides seega l\u00e4\u00e4tsi \u00f5iges asendis.<\/p>\n<p>Mugav kanda isegi tundlikele silmadele<br \/>\nWater Gradient Technology muudab l\u00e4\u00e4tse materjali \u00e4\u00e4rmiselt mugavaks. L\u00e4\u00e4tsedel on muutuv veesisaldus. L\u00e4\u00e4tse keskosa koosneb 30% veesisaldusega silikoonh\u00fcdrogeelist, mis tagab k\u00f5rge hapniku l\u00e4bilaskvuse. Ja silma \u00f5rnade ja tundlike kudedega kokkupuutuv l\u00e4\u00e4tsepind on valmistatud klassikalisest h\u00fcdrogeelist, mille veesisaldus l\u00e4heneb 100%.<\/p>\n<p>UV-kaitse<br \/>\nL\u00e4\u00e4tsedel on 1. klassi UV-filter, mis p\u00fc\u00fcab kinni 90% UVA- ja 99% UVB-kiirgusest. Silmade t\u00e4iusliku kaitse tagamiseks tuleb l\u00e4\u00e4tsed kombineerida p\u00e4ikeseprillidega, kuna l\u00e4\u00e4tsed kaitsevad ainult osa silmast.<\/p>\n<p>Eelised:<br \/>\n*terav n\u00e4gemine ja mugavus kogu p\u00e4eva<br \/>\n*mugavustunne t\u00e4nu eksklusiivse pilgutusega aktiveeritud niisutusele<br \/>\n*ei mingit deposiitide teket<\/p>\n<p><span style=\"font-size: 1rem;\">\u0418\u043d\u0441\u0442\u0440\u0443\u043a\u0446\u0438\u044e \u043f\u043e \u043f\u043e\u043b\u044c\u0437\u043e\u0432\u0430\u043d\u0438\u044e \u043a\u043e\u043d\u0442\u0430\u043a\u0442\u043d\u044b\u043c\u0438 \u043b\u0438\u043d\u0437\u0430\u043c\u0438 \u043d\u0430\u0439\u0434\u0435\u0442\u0435 <\/span><a style=\"font-size: 1rem;\" href=\"https:\/\/optiumgrupp.ee\/ru\/laatsekandja-meelespea\/\">\u0417\u0414\u0415\u0421\u042c<\/a><\/p>\n<p>\u0415\u0441\u043b\u0438 \u0432\u0430\u043c \u043d\u0443\u0436\u0435\u043d \u0440\u0435\u0446\u0435\u043f\u0442 \u043d\u0430 \u043a\u043e\u043d\u0442\u0430\u043a\u0442\u043d\u044b\u0435 \u043b\u0438\u043d\u0437\u044b, \u0432\u044b \u043c\u043e\u0436\u0435\u0442\u0435 \u0437\u0430\u043f\u0438\u0441\u0430\u0442\u044c\u0441\u044f \u043d\u0430 \u043f\u0440\u0438\u0435\u043c \u0434\u043b\u044f \u043d\u0430\u0437\u043d\u0430\u0447\u0435\u043d\u0438\u044f \u043a\u043e\u043d\u0442\u0430\u043a\u0442\u043d\u044b\u0445 \u043b\u0438\u043d\u0437 <a href=\"https:\/\/optiumgrupp.ee\/ru\/registreerimine-nagemiskontrollile\/\">\u0417\u0414\u0415\u0421\u042c<\/a>.<\/p>","protected":false},"excerpt":{"rendered":"<p>Dailies TOTAL1 for Astigmatism on mugavad ja hooldusvabad 1-p\u00e4evased toorilised kontaktl\u00e4\u00e4tsed igap\u00e4evaseks kasutamiseks. L\u00e4\u00e4tsede materjal eritab iga silmapilgutuse ajal silmale vajalikke m\u00e4\u00e4rdeaineid, mille t\u00f5ttu ei teki silmas kuivustunnet<\/p>\n<p>Kontaktl\u00e4\u00e4tsede tellimusaeg\u00a0 \u00a03-4 n\u00e4dalat<\/p>\n<p>&nbsp;<\/p>","protected":false},"featured_media":9857,"comment_status":"closed","ping_status":"closed","template":"","meta":[],"product_cat":[32,869,860,19,855],"product_tag":[],"class_list":{"0":"post-9807","1":"product","2":"type-product","3":"status-publish","4":"has-post-thumbnail","6":"product_cat-1-paevased-kontaktlaatsed","7":"product_cat-alcon","8":"product_cat-dailies","9":"product_cat-kontaktlaatsed","10":"product_cat-toorilised-kontaktlaatsed","12":"first","13":"instock","14":"shipping-taxable","15":"purchasable","16":"product-type-variable","17":"has-default-attributes"},"_links":{"self":[{"href":"https:\/\/optiumgrupp.ee\/ru\/wp-json\/wp\/v2\/product\/9807","targetHints":{"allow":["GET"]}}],"collection":[{"href":"https:\/\/optiumgrupp.ee\/ru\/wp-json\/wp\/v2\/product"}],"about":[{"href":"https:\/\/optiumgrupp.ee\/ru\/wp-json\/wp\/v2\/types\/product"}],"replies":[{"embeddable":true,"href":"https:\/\/optiumgrupp.ee\/ru\/wp-json\/wp\/v2\/comments?post=9807"}],"wp:featuredmedia":[{"embeddable":true,"href":"https:\/\/optiumgrupp.ee\/ru\/wp-json\/wp\/v2\/media\/9857"}],"wp:attachment":[{"href":"https:\/\/optiumgrupp.ee\/ru\/wp-json\/wp\/v2\/media?parent=9807"}],"wp:term":[{"taxonomy":"product_cat","embeddable":true,"href":"https:\/\/optiumgrupp.ee\/ru\/wp-json\/wp\/v2\/product_cat?post=9807"},{"taxonomy":"product_tag","embeddable":true,"href":"https:\/\/optiumgrupp.ee\/ru\/wp-json\/wp\/v2\/product_tag?post=9807"}],"curies":[{"name":"wp","href":"https:\/\/api.w.org\/{rel}","templated":true}]}}