{"id":9705,"date":"2024-07-05T11:49:47","date_gmt":"2024-07-05T08:49:47","guid":{"rendered":"https:\/\/optiumgrupp.ee\/?post_type=product&#038;p=9705"},"modified":"2024-07-05T13:17:26","modified_gmt":"2024-07-05T10:17:26","slug":"dailies-aqua-comfort-plus-multifocal-1-paevased-kontaktlaatsed-30tk-pk","status":"publish","type":"product","link":"https:\/\/optiumgrupp.ee\/ru\/product\/dailies-aqua-comfort-plus-multifocal-1-paevased-kontaktlaatsed-30tk-pk\/","title":{"rendered":"DAILIES Aqua Comfort Plus Multifocal <br><p><span style=\"font-weight:normal\">\u041e\u0434\u043d\u043e\u0434\u043d\u0435\u0432\u043d\u044b\u0435 \u043a\u043e\u043d\u0442\u0430\u043a\u0442\u043d\u044b\u0435 \u043b\u0438\u043d\u0437\u044b (30 \u0448\u0442.\/\u0443\u043f.)<\/small><\/font>"},"content":{"rendered":"<p>Dailies Aqua Comfort Plus Multifocal 1-p\u00e4evased kontaktl\u00e4\u00e4tsed (30tk\/pk)<br \/>\n1-p\u00e4evased multifocaalsed kontaktl\u00e4\u00e4tsed hooldusvabaks kasutamiseks. Mugavaimad kontaktl\u00e4\u00e4tsed, mis aitavad Sulle h\u00e4sti nii l\u00e4hedale, kui ka kaugele n\u00e4ha. Dailies Aqua Comfort Plus Multifocal on esimesed 1-p\u00e4evased l\u00e4\u00e4tsed, mis eritavad iga pilgutusega silmale vajalike m\u00e4\u00e4rdeaineid. L\u00e4\u00e4tsede pinnale ei teki silma \u00e4rritavat ladestust, muutes selle h\u00fcgieeniliseks ja mugavaks. L\u00e4\u00e4tsedel on hea \u00fchilduvus silmaga ning nad ei tekita kuivustunnet. L\u00e4\u00e4tsed tagavad hea n\u00e4gemisteravuse igal distantsil. L\u00e4\u00e4tsed \u00fchilduvad silmaga ideaalselt ja nad on silmas v\u00e4ga mugavad. L\u00e4\u00e4tsed on saadaval kumerusega BC 8.7.<\/p>\n<p>\u0418\u043d\u0441\u0442\u0440\u0443\u043a\u0446\u0438\u044e \u043f\u043e \u043f\u043e\u043b\u044c\u0437\u043e\u0432\u0430\u043d\u0438\u044e \u043a\u043e\u043d\u0442\u0430\u043a\u0442\u043d\u044b\u043c\u0438 \u043b\u0438\u043d\u0437\u0430\u043c\u0438 \u043d\u0430\u0439\u0434\u0435\u0442\u0435\u00a0<a href=\"https:\/\/new.optiumgrupp.ee\/laatsekandja-meelespea\/\">\u0417\u0414\u0415\u0421\u042c<\/a><\/p>\n<p>\u0415\u0441\u043b\u0438 \u0432\u0430\u043c \u043d\u0443\u0436\u0435\u043d \u0440\u0435\u0446\u0435\u043f\u0442 \u043d\u0430 \u043a\u043e\u043d\u0442\u0430\u043a\u0442\u043d\u044b\u0435 \u043b\u0438\u043d\u0437\u044b, \u0432\u044b \u043c\u043e\u0436\u0435\u0442\u0435 \u0437\u0430\u043f\u0438\u0441\u0430\u0442\u044c\u0441\u044f \u043d\u0430 \u043f\u0440\u0438\u0435\u043c \u0434\u043b\u044f \u043d\u0430\u0437\u043d\u0430\u0447\u0435\u043d\u0438\u044f \u043a\u043e\u043d\u0442\u0430\u043a\u0442\u043d\u044b\u0445 \u043b\u0438\u043d\u0437 <a href=\"https:\/\/new.optiumgrupp.ee\/registreerimine-nagemiskontrollile\/\">\u0417\u0414\u0415\u0421\u042c<\/a>.<\/p>","protected":false},"excerpt":{"rendered":"<p>Dailies Aqua Comfort Plus Multifocal 1-p\u00e4evased kontaktl\u00e4\u00e4tsed (30tk\/pk)<br \/>\n\u0412\u044b\u0441\u043e\u043a\u043e\u043a\u0430\u0447\u0435\u0441\u0442\u0432\u0435\u043d\u043d\u044b\u0435 \u043e\u0434\u043d\u043e\u0440\u0430\u0437\u043e\u0432\u044b\u0435 \u043a\u043e\u043d\u0442\u0430\u043a\u0442\u043d\u044b\u0435 \u043b\u0438\u043d\u0437\u044b \u0441 \u0445\u043e\u0440\u043e\u0448\u0435\u0439 \u0438 \u044d\u0444\u0444\u0435\u043a\u0442\u0438\u0432\u043d\u043e\u0439 \u0443\u0432\u043b\u0430\u0436\u043d\u044f\u044e\u0449\u0435\u0439 \u0441\u043f\u043e\u0441\u043e\u0431\u043d\u043e\u0441\u0442\u044c\u044e.<br \/>\n\u0414\u043e\u0441\u0442\u0443\u043f\u043d\u044b \u043b\u0438\u043d\u0437\u044b \u0441 \u043a\u0440\u0438\u0432\u0438\u0437\u043d\u043e\u0439 BC 8.7.<\/p>\n<p>Kontaktl\u00e4\u00e4tsede tellimusaeg\u00a0 3-4 n\u00e4dalat.<\/p>\n<p>&nbsp;<\/p>","protected":false},"featured_media":9806,"comment_status":"closed","ping_status":"closed","template":"","meta":[],"product_cat":[32,869,860,19,856],"product_tag":[],"class_list":{"0":"post-9705","1":"product","2":"type-product","3":"status-publish","4":"has-post-thumbnail","6":"product_cat-1-paevased-kontaktlaatsed","7":"product_cat-alcon","8":"product_cat-dailies","9":"product_cat-kontaktlaatsed","10":"product_cat-multifokaalsed-kontaktlaatsed","11":"pa_add-multi-hi","12":"pa_add-multi-lo","13":"pa_add-multi-med","15":"first","16":"instock","17":"shipping-taxable","18":"purchasable","19":"product-type-variable"},"_links":{"self":[{"href":"https:\/\/optiumgrupp.ee\/ru\/wp-json\/wp\/v2\/product\/9705","targetHints":{"allow":["GET"]}}],"collection":[{"href":"https:\/\/optiumgrupp.ee\/ru\/wp-json\/wp\/v2\/product"}],"about":[{"href":"https:\/\/optiumgrupp.ee\/ru\/wp-json\/wp\/v2\/types\/product"}],"replies":[{"embeddable":true,"href":"https:\/\/optiumgrupp.ee\/ru\/wp-json\/wp\/v2\/comments?post=9705"}],"wp:featuredmedia":[{"embeddable":true,"href":"https:\/\/optiumgrupp.ee\/ru\/wp-json\/wp\/v2\/media\/9806"}],"wp:attachment":[{"href":"https:\/\/optiumgrupp.ee\/ru\/wp-json\/wp\/v2\/media?parent=9705"}],"wp:term":[{"taxonomy":"product_cat","embeddable":true,"href":"https:\/\/optiumgrupp.ee\/ru\/wp-json\/wp\/v2\/product_cat?post=9705"},{"taxonomy":"product_tag","embeddable":true,"href":"https:\/\/optiumgrupp.ee\/ru\/wp-json\/wp\/v2\/product_tag?post=9705"}],"curies":[{"name":"wp","href":"https:\/\/api.w.org\/{rel}","templated":true}]}}