{"id":9061,"date":"2024-06-14T14:43:28","date_gmt":"2024-06-14T11:43:28","guid":{"rendered":"https:\/\/optiumgrupp.ee\/?post_type=product&#038;p=9061"},"modified":"2024-06-14T14:50:53","modified_gmt":"2024-06-14T11:50:53","slug":"acuvue-oasys-for-astigmatism-1-kuulised-toorilised-kontaktlaatsed-36tk-pk-kopeeri","status":"publish","type":"product","link":"https:\/\/optiumgrupp.ee\/ru\/product\/acuvue-oasys-for-astigmatism-1-kuulised-toorilised-kontaktlaatsed-36tk-pk-kopeeri\/","title":{"rendered":"ACUVUE OASYS for Astigmatism <br><p><span style=\"font-weight:normal\">1-\u0434\u043d\u0435\u0432\u043d\u044b\u0435 \u0442\u043e\u0440\u0438\u0447\u0435\u0441\u043a\u0438\u0435 <br>\u043a\u043e\u043d\u0442\u0430\u043a\u0442\u043d\u044b\u0435 \u043b\u0438\u043d\u0437\u044b (30 \u0448\u0442.\/\u0443\u043f.)<\/small><\/font>"},"content":{"rendered":"<p>Acuvue Oasys 1-Day with HydraLuxe for Astigmatism kontaktl\u00e4\u00e4tsed on \u00fchep\u00e4evased astigmatismi korrigeerivad kontaktl\u00e4\u00e4tsed firmalt Johnson &amp; Johnson. Uuendusliku disaini tehnoloogiaga kontaktl\u00e4\u00e4tsed on saadaval k\u00f5ige laiema v\u00f5imaliku parameetrite valikuga turul pakutavate \u00fchep\u00e4evaste tooriliste l\u00e4\u00e4tsede seas.<\/p>\n<p>Tootja s\u00f5nul sobivad need l\u00e4\u00e4tsed 95%-le esmakasutajatest. L\u00e4\u00e4tsed on h\u00e4sti hapnikku l\u00e4bi laskvad ning m\u00f5juvad silmas pehmelt ja mugavalt, hapniku l\u00e4bikanduvus (Dk\/t) 121 ja veesisaldus 38%.<\/p>\n<p>L\u00e4\u00e4tsed on spetsiaalselt kuiva silma jaoks loodud. L\u00e4\u00e4tsed p\u00fcsivad v\u00e4rsked, pehmed, mugavad ja niisked ka p\u00e4eva l\u00f5pus, sest l\u00e4\u00e4ts sisaldab niiskust lukustavat komponenti PVP-d (pol\u00fcvin\u00fc\u00fcl p\u00fcrrolidoon), mis sarnaneb inimese enda kudedele ja ei tundu silmas v\u00f5\u00f5rkehana, lastes pisaravedelikul vabalt ringelda nii l\u00e4\u00e4tse all kui peal. L\u00e4\u00e4tsedel p\u00fcsib terve p\u00e4eva n\u00f6. \u201csiidine niiskuspadi\u201d. ASD (Accelerated Stabilisation Design) tehnoloogia tugineb l\u00e4\u00e4tsel neljale stabiliseerimise tsoonile, mis annab selge ja stabiilse n\u00e4gemise kogu p\u00e4eva jooksul minimaalse m\u00f5juga, mida tekitab silmade v\u00f5i pea liigutamine. ASD tehnoloogia stabiliseerib l\u00e4\u00e4tse kiiresti silmal rakendades pilgutamisest tekkivat loomulikku survet. L\u00e4\u00e4tsed p\u00fcsivad h\u00e4sti paigal ja n\u00e4gemine on selge ka k\u00f5ige aktiivsema eluviisiga inimestel.<\/p>\n<p>Acuvue Oasys 1-Day with HydraLuxe for Astigmatism l\u00e4\u00e4tsed blokeerivad v\u00e4hemalt 96.1 % UVA kiirtest ja 99.9 % UVB kiirtest. L\u00e4\u00e4tsedel on kerge sinakas toon kergemaks k\u00e4sitsemiseks.<br \/>\nParim valik silmade heaoluks on \u00fchep\u00e4evased l\u00e4\u00e4tsed \u2013 mugavad ja hooldusvabad!<\/p>\n<p>Tootja: Johnson &amp; Johnson<br \/>\nKogus: karbis 30 tk<br \/>\nL\u00e4\u00e4tset\u00fc\u00fcp: 1-p\u00e4evane<br \/>\nKandmisre\u017eiim: p\u00e4evane<br \/>\nTugevuste vahemik: +4,0 kuni -9,0 (vaaata ka all olevat t\u00e4psustavat tugevuste ja valikute lisainfot)<br \/>\nSilinder (Cyl): -0,75; -1,25; -1,75 ja -2,25 (vaaata ka all olevat t\u00e4psustavat tugevuste ja valikute lisainfot)<br \/>\nTelg (Axis): 10 kuni 180 (10 astmega)<br \/>\nKumerus (BC): 8.5<br \/>\nDiameeter (Dia): 14,3<br \/>\nMaterjal: Senofilcon A<br \/>\nMaterjali t\u00fc\u00fcp: h\u00fcdrogeel<br \/>\nVee sisaldus: 38%<br \/>\nHapniku l\u00e4bikanduvus (Dk\/t): 121<br \/>\nUV kaitse: Jah, UVA kaitse (v\u00e4hemalt 96,1%) ja UVB kaitse (v\u00e4hemalt 99,9%)<br \/>\nL\u00e4\u00e4tse paksus: 0.080mm (-3.00D l\u00e4\u00e4ts)<\/p>\n<p>\u0418\u043d\u0441\u0442\u0440\u0443\u043a\u0446\u0438\u044e \u043f\u043e \u043f\u043e\u043b\u044c\u0437\u043e\u0432\u0430\u043d\u0438\u044e \u043a\u043e\u043d\u0442\u0430\u043a\u0442\u043d\u044b\u043c\u0438 \u043b\u0438\u043d\u0437\u0430\u043c\u0438 \u043d\u0430\u0439\u0434\u0435\u0442\u0435\u00a0<a href=\"https:\/\/new.optiumgrupp.ee\/laatsekandja-meelespea\/\">\u0417\u0414\u0415\u0421\u042c<\/a><\/p>\n<p>\u0415\u0441\u043b\u0438 \u0432\u0430\u043c \u043d\u0443\u0436\u0435\u043d \u0440\u0435\u0446\u0435\u043f\u0442 \u043d\u0430 \u043a\u043e\u043d\u0442\u0430\u043a\u0442\u043d\u044b\u0435 \u043b\u0438\u043d\u0437\u044b, \u0432\u044b \u043c\u043e\u0436\u0435\u0442\u0435 \u0437\u0430\u043f\u0438\u0441\u0430\u0442\u044c\u0441\u044f \u043d\u0430 \u043f\u0440\u0438\u0435\u043c \u0434\u043b\u044f \u043d\u0430\u0437\u043d\u0430\u0447\u0435\u043d\u0438\u044f \u043a\u043e\u043d\u0442\u0430\u043a\u0442\u043d\u044b\u0445 \u043b\u0438\u043d\u0437 <a href=\"https:\/\/new.optiumgrupp.ee\/registreerimine-nagemiskontrollile\/\">\u0417\u0414\u0415\u0421\u042c<\/a>.<\/p>","protected":false},"excerpt":{"rendered":"<p>Acuvue Oasys 1-Day with HydraLuxe for Astigmatism l\u00e4\u00e4tsed blokeerivad v\u00e4hemalt 96.1 % UVA kiirtest ja 99.9 % UVB kiirtest. L\u00e4\u00e4tsedel on kerge sinakas toon kergemaks k\u00e4sitsemiseks.<\/p>\n<p>Tellimusl\u00e4\u00e4tsede tarneaeg 4-5 n\u00e4dalat.<\/p>\n<p>&nbsp;<\/p>","protected":false},"featured_media":9189,"comment_status":"closed","ping_status":"closed","template":"","meta":[],"product_cat":[32,861,19,855],"product_tag":[],"class_list":{"0":"post-9061","1":"product","2":"type-product","3":"status-publish","4":"has-post-thumbnail","6":"product_cat-1-paevased-kontaktlaatsed","7":"product_cat-acuvue","8":"product_cat-kontaktlaatsed","9":"product_cat-toorilised-kontaktlaatsed","11":"first","12":"instock","13":"shipping-taxable","14":"purchasable","15":"product-type-variable"},"_links":{"self":[{"href":"https:\/\/optiumgrupp.ee\/ru\/wp-json\/wp\/v2\/product\/9061","targetHints":{"allow":["GET"]}}],"collection":[{"href":"https:\/\/optiumgrupp.ee\/ru\/wp-json\/wp\/v2\/product"}],"about":[{"href":"https:\/\/optiumgrupp.ee\/ru\/wp-json\/wp\/v2\/types\/product"}],"replies":[{"embeddable":true,"href":"https:\/\/optiumgrupp.ee\/ru\/wp-json\/wp\/v2\/comments?post=9061"}],"wp:featuredmedia":[{"embeddable":true,"href":"https:\/\/optiumgrupp.ee\/ru\/wp-json\/wp\/v2\/media\/9189"}],"wp:attachment":[{"href":"https:\/\/optiumgrupp.ee\/ru\/wp-json\/wp\/v2\/media?parent=9061"}],"wp:term":[{"taxonomy":"product_cat","embeddable":true,"href":"https:\/\/optiumgrupp.ee\/ru\/wp-json\/wp\/v2\/product_cat?post=9061"},{"taxonomy":"product_tag","embeddable":true,"href":"https:\/\/optiumgrupp.ee\/ru\/wp-json\/wp\/v2\/product_tag?post=9061"}],"curies":[{"name":"wp","href":"https:\/\/api.w.org\/{rel}","templated":true}]}}