{"id":8982,"date":"2024-06-14T14:21:24","date_gmt":"2024-06-14T11:21:24","guid":{"rendered":"https:\/\/optiumgrupp.ee\/?post_type=product&#038;p=8982"},"modified":"2024-06-14T14:52:27","modified_gmt":"2024-06-14T11:52:27","slug":"acuvue-oasys-for-astigmatism-1-kuulised-toorilised-kontaktlaatsed-6tk-pk","status":"publish","type":"product","link":"https:\/\/optiumgrupp.ee\/ru\/product\/acuvue-oasys-for-astigmatism-1-kuulised-toorilised-kontaktlaatsed-6tk-pk\/","title":{"rendered":"ACUVUE OASYS for Astigmatism <br><p><span style=\"font-weight:normal\">1-\u043c\u0435\u0441\u044f\u0447\u043d\u044b\u0435 \u0442\u043e\u0440\u0438\u0447\u0435\u0441\u043a\u0438\u0435 <br>\u041a\u043e\u043d\u0442\u0430\u043a\u0442\u043d\u044b\u0435 \u043b\u0438\u043d\u0437\u044b (6\u0448\u0442\/\u0443\u043f)<\/small><\/font>"},"content":{"rendered":"<p>Silikoonh\u00fcdrogeelist toorilised kontaktl\u00e4\u00e4tsed, mis sobivad nii p\u00e4evaseks kui ka \u00f6\u00f6p\u00e4evaringseks kandmiseks. L\u00e4\u00e4tsed on loodud spetsiaalselt kuivadele silmadele ja blokeerivad 96% UV-A ja 100% UV-B kiirgusest. T\u00e4nu patenteeritud HYDRACLEAR\u00ae Plus tehnoloogiale on l\u00e4\u00e4tsed ekstra siledad ja h\u00e4sti m\u00e4rguvad ning suure hapniku l\u00e4bilaskev\u00f5imega. L\u00e4\u00e4tsed ei tekita kuivustunnet isegi rasketes oludes nagu n\u00e4iteks pikka aega arvuti taga t\u00f6\u00f6tamine, v\u00f5i pikem viibimine lennukis v\u00f5i konditsioneeritud ruumides. L\u00e4\u00e4tsede kergemaks k\u00e4sitlemiseks on need kergelt sinakat tooni.<\/p>\n<p>\u041b\u0438\u043d\u0437\u044b \u043c\u043e\u0436\u043d\u043e \u0438\u0441\u043f\u043e\u043b\u044c\u0437\u043e\u0432\u0430\u0442\u044c \u043a\u0440\u0443\u0433\u043b\u043e\u0441\u0443\u0442\u043e\u0447\u043d\u043e \u0434\u043e 1 \u043d\u0435\u0434\u0435\u043b\u0438 \u043f\u043e\u0434\u0440\u044f\u0434 \u0438\u043b\u0438 \u043a\u0430\u043a \u0434\u043d\u0435\u0432\u043d\u044b\u0435 \u043b\u0438\u043d\u0437\u044b \u0432 \u0442\u0435\u0447\u0435\u043d\u0438\u0435 2-4 \u043d\u0435\u0434\u0435\u043b\u044c. \u0421\u0440\u043e\u043a \u0438\u0441\u043f\u043e\u043b\u044c\u0437\u043e\u0432\u0430\u043d\u0438\u044f \u043b\u0438\u043d\u0437 \u0438 \u0440\u0435\u0436\u0438\u043c \u043d\u043e\u0448\u0435\u043d\u0438\u044f \u0438\u043d\u0434\u0438\u0432\u0438\u0434\u0443\u0430\u043b\u044c\u043d\u044b. \u0421\u043b\u0435\u0434\u0443\u0439\u0442\u0435 \u0440\u0435\u043a\u043e\u043c\u0435\u043d\u0434\u0430\u0446\u0438\u044f\u043c \u0441\u0432\u043e\u0435\u0433\u043e \u043e\u043f\u0442\u043e\u043c\u0435\u0442\u0440\u0438\u0441\u0442\u0430 \u0438\u043b\u0438 \u043e\u0444\u0442\u0430\u043b\u044c\u043c\u043e\u043b\u043e\u0433\u0430 \u043f\u0440\u0438 \u0438\u0441\u043f\u043e\u043b\u044c\u0437\u043e\u0432\u0430\u043d\u0438\u0438 \u043b\u0438\u043d\u0437.<\/p>\n<p>Kandmisre\u017eiim: p\u00e4evane (2-4 n\u00e4dalat) v\u00f5i \u00f6\u00f6p\u00e4evaringne (1 n\u00e4dal)<br \/>\nTugevuste vahemik: +6,0 kuni -9,0<br \/>\nSilinder (Cyl): -0,75; -1,25; -1,75; -2,25; -2.75<br \/>\nTelg (Axis): 10 kuni 180 (10 astmega)<br \/>\nKumerus (BC): 8.6<br \/>\nDiameeter (Dia): 14,5<br \/>\nMaterjal: Senofilcon A<br \/>\nMaterjali t\u00fc\u00fcp: Silikoonh\u00fcdrogeel<br \/>\nVee sisaldus: 38%<br \/>\nDisain: sf\u00e4\u00e4riline<br \/>\nHapniku l\u00e4bikanduvus (Dk\/t): 129<br \/>\nUV kaitse: Jah<\/p>\n<p>\u0418\u043d\u0441\u0442\u0440\u0443\u043a\u0446\u0438\u044e \u043f\u043e \u043f\u043e\u043b\u044c\u0437\u043e\u0432\u0430\u043d\u0438\u044e \u043a\u043e\u043d\u0442\u0430\u043a\u0442\u043d\u044b\u043c\u0438 \u043b\u0438\u043d\u0437\u0430\u043c\u0438 \u043d\u0430\u0439\u0434\u0435\u0442\u0435\u00a0<a href=\"https:\/\/new.optiumgrupp.ee\/laatsekandja-meelespea\/\">\u0417\u0414\u0415\u0421\u042c<\/a><\/p>\n<p>\u0415\u0441\u043b\u0438 \u0432\u0430\u043c \u043d\u0443\u0436\u0435\u043d \u0440\u0435\u0446\u0435\u043f\u0442 \u043d\u0430 \u043a\u043e\u043d\u0442\u0430\u043a\u0442\u043d\u044b\u0435 \u043b\u0438\u043d\u0437\u044b, \u0432\u044b \u043c\u043e\u0436\u0435\u0442\u0435 \u0437\u0430\u043f\u0438\u0441\u0430\u0442\u044c\u0441\u044f \u043d\u0430 \u043f\u0440\u0438\u0435\u043c \u0434\u043b\u044f \u043d\u0430\u0437\u043d\u0430\u0447\u0435\u043d\u0438\u044f \u043a\u043e\u043d\u0442\u0430\u043a\u0442\u043d\u044b\u0445 \u043b\u0438\u043d\u0437 <a href=\"https:\/\/new.optiumgrupp.ee\/registreerimine-nagemiskontrollile\/\">\u0417\u0414\u0415\u0421\u042c<\/a>.<\/p>","protected":false},"excerpt":{"rendered":"<p>Acuvue Oasys for Astigmatism \u00a0toorilised silikoonh\u00fcdrogeell\u00e4\u00e4tsed on loodud spetsiaalselt kuivade silmade jaoks ja mida v\u00f5ib kanda \u00f6\u00f6p\u00e4evaringselt kuni 1 n\u00e4dal v\u00f5i p\u00e4eval\u00e4\u00e4tsedena 2-4 n\u00e4dalat (konsulteeri oma optometristiga).<\/p>\n<p>Tellimusl\u00e4\u00e4tsede tarneaeg 4-5 n\u00e4dalat.<\/p>\n<p>&nbsp;<\/p>","protected":false},"featured_media":9010,"comment_status":"closed","ping_status":"closed","template":"","meta":[],"product_cat":[30,861,19,855],"product_tag":[],"class_list":{"0":"post-8982","1":"product","2":"type-product","3":"status-publish","4":"has-post-thumbnail","6":"product_cat-1-kuulised-kontaktlaatsed","7":"product_cat-acuvue","8":"product_cat-kontaktlaatsed","9":"product_cat-toorilised-kontaktlaatsed","11":"first","12":"instock","13":"shipping-taxable","14":"purchasable","15":"product-type-variable"},"_links":{"self":[{"href":"https:\/\/optiumgrupp.ee\/ru\/wp-json\/wp\/v2\/product\/8982","targetHints":{"allow":["GET"]}}],"collection":[{"href":"https:\/\/optiumgrupp.ee\/ru\/wp-json\/wp\/v2\/product"}],"about":[{"href":"https:\/\/optiumgrupp.ee\/ru\/wp-json\/wp\/v2\/types\/product"}],"replies":[{"embeddable":true,"href":"https:\/\/optiumgrupp.ee\/ru\/wp-json\/wp\/v2\/comments?post=8982"}],"wp:featuredmedia":[{"embeddable":true,"href":"https:\/\/optiumgrupp.ee\/ru\/wp-json\/wp\/v2\/media\/9010"}],"wp:attachment":[{"href":"https:\/\/optiumgrupp.ee\/ru\/wp-json\/wp\/v2\/media?parent=8982"}],"wp:term":[{"taxonomy":"product_cat","embeddable":true,"href":"https:\/\/optiumgrupp.ee\/ru\/wp-json\/wp\/v2\/product_cat?post=8982"},{"taxonomy":"product_tag","embeddable":true,"href":"https:\/\/optiumgrupp.ee\/ru\/wp-json\/wp\/v2\/product_tag?post=8982"}],"curies":[{"name":"wp","href":"https:\/\/api.w.org\/{rel}","templated":true}]}}