{"id":8908,"date":"2024-06-14T12:30:54","date_gmt":"2024-06-14T09:30:54","guid":{"rendered":"https:\/\/optiumgrupp.ee\/?post_type=product&#038;p=8908"},"modified":"2024-06-14T14:27:31","modified_gmt":"2024-06-14T11:27:31","slug":"acuvue-oasys-max-1-day30tk-pk-1-paevased-silikoonhudrogeellaatsed","status":"publish","type":"product","link":"https:\/\/optiumgrupp.ee\/ru\/product\/acuvue-oasys-max-1-day30tk-pk-1-paevased-silikoonhudrogeellaatsed\/","title":{"rendered":"ACUVUE OASYS <br>MAX 1-Day<br><p><span style=\"font-weight:normal\">(30\u0448\u0442\/\u0443\u043f) 1-\u0434\u043d\u0435\u0432\u043d\u044b\u0435 <br>\u0441\u0438\u043b\u0438\u043a\u043e\u043d-\u0433\u0438\u0434\u0440\u043e\u0433\u0435\u043b\u0435\u0432\u044b\u0435 \u043b\u0438\u043d\u0437\u044b<\/small><\/font>"},"content":{"rendered":"<p>Acuvue Oasys 1-Day MAX kontaktl\u00e4\u00e4tsed on tipptasemel tehnoloogia ja innovatsiooni tulemus, mis on loodud eesm\u00e4rgiga pakkuda kandjatele suurep\u00e4rast mugavust ja kristallselget n\u00e4gemist igas olukorras. Need \u00fchep\u00e4evased kontaktl\u00e4\u00e4tsed on loodud silmas pidades k\u00f5ige k\u00f5rgemaid n\u00f5udmisi visuaalsele selgusele ja mugavusele, olles ideaalsed valikud nii igap\u00e4evaseks kandmiseks kui ka erilisteks s\u00fcndmusteks. Acuvue Oasys 1-Day MAX on edasiarendus Acuvue Oasys 1-Day with HydraLuxe l\u00e4\u00e4tsedest, kus on parandatud UV-kaitset ja l\u00e4\u00e4tse stabiilsust silmas ning sinise-violet valguse kaitset!<\/p>\n<p><strong>Peamised Omadused:<\/strong><\/p>\n<ol>\n<li><strong>TearStable\u2122 Tehnoloogia:<\/strong>\u00a0Acuvue Oasys 1-Day l\u00e4\u00e4tsed on varustatud unikaalse TearStable\u2122 tehnoloogiaga, mis tagab pideva niisutuse ja s\u00e4ilitab optimaalse niiskustaseme kogu p\u00e4eva v\u00e4ltel. See v\u00e4hendab oluliselt kuivuse tundeid ja silmade \u00e4rritust.<\/li>\n<li><strong>UV-Kaitse:<\/strong>\u00a0Need l\u00e4\u00e4tsed kaitsevad silmi ohtliku UV-kiirguse eest.\u00a0<strong>Nad blokeerivad 99.9% UVA- ja 100% UVB-kiirtest<\/strong>, aidates s\u00e4ilitada silmade tervist.<\/li>\n<li><strong>\u00dclipehme Materjal:<\/strong>\u00a0Valmistatud silikoonh\u00fcdrogeelist, pakuvad l\u00e4\u00e4tsed kandjatele pehmust ja mugavust, mis teeb nende kandmise m\u00e4rkamatuks.<\/li>\n<li><strong>Terav ja Selge N\u00e4gemine:<\/strong>\u00a0L\u00e4\u00e4tsede asf\u00e4\u00e4riline disain ja k\u00f5rge hapniku l\u00e4bilaskvus tagavad terava ja selge n\u00e4gemise isegi n\u00f5udlikemates tingimustes.<\/li>\n<li><strong>Lihtne K\u00e4sitlemine:<\/strong>\u00a0Kuna tegu on \u00fchep\u00e4evaliste l\u00e4\u00e4tsedega, pole vaja neid p\u00e4rast kasutamist hooldada. Lihtsalt kasuta uusi l\u00e4\u00e4tsesid iga p\u00e4ev.<\/li>\n<\/ol>\n<p>Avasta Acuvue Oasys 1-Day kontaktl\u00e4\u00e4tsede maailm ja naudi kristallselget n\u00e4gemist ilma mugavust ohverdamata.<\/p>\n<p>Acuvue Oasys 1-Day with HydraLuxe on Johnson &amp; Johnsoni uusimad innovaatilised \u00fchep\u00e4evased l\u00e4\u00e4tsed ja m\u00f5eldud l\u00e4\u00e4tsekandjale, kelle silmad kipuvad p\u00e4eva l\u00f5puks v\u00e4sima v\u00f5i liigselt kuivama. Uudne l\u00e4\u00e4tsematerjal koosneb \u00fchtsest pisarate sarnasest v\u00f5rgustikust, mis aitab silmadel s\u00e4ilitada loomulikku niiskustaset kogu p\u00e4eva kestel. HydraLuxe tehnoloogia abil on loodud spetsiaalne l\u00e4\u00e4tse kattev pind, mis v\u00e4hendab silmade v\u00e4simuse s\u00fcmptomeid ning aitab v\u00e4ltida silmade kuivamist ja ebamugavustunnet. Silma pisaravedelikust inspireeritud l\u00e4\u00e4tsematerjal harmoneerub l\u00e4\u00e4tsekandja pisarakihiga ja l\u00e4\u00e4tsed nagu polekski silmas kogu p\u00e4eva v\u00e4ltel. L\u00e4\u00e4tsi on kerge k\u00e4sitseda ka k\u00f5ige n\u00f5udlikumal l\u00e4\u00e4tsekandjal. Samuti on need l\u00e4\u00e4tsed v\u00e4ga hea valik, kui viibid palju kuiva \u00f5huga siseruumides ning ekraanide taga. HydraLuxe tehnoloogia tagab k\u00f5rgkvaliteedilise n\u00e4gemise ja parima UV-kaitse, mis seni Acuvue l\u00e4\u00e4tsedel olnud. L\u00e4\u00e4tsedel on suurep\u00e4rane hapniku l\u00e4bilaskev\u00f5ime (Dk\/t 121) ning UV-kaitse (blokeerib 99% UVA ja 90% UVB kiirtest). Hoolduslahuses paremini m\u00e4rgatavaks tegemiseks on l\u00e4\u00e4tsed kergelt sinaka varjundiga. L\u00e4\u00e4tsed on saadaval kahe kumerusega \u2013 BC 8.5 ja BC 9.0.<\/p>\n<p>\u0418\u043d\u0441\u0442\u0440\u0443\u043a\u0446\u0438\u044e \u043f\u043e \u043f\u043e\u043b\u044c\u0437\u043e\u0432\u0430\u043d\u0438\u044e \u043a\u043e\u043d\u0442\u0430\u043a\u0442\u043d\u044b\u043c\u0438 \u043b\u0438\u043d\u0437\u0430\u043c\u0438 \u043d\u0430\u0439\u0434\u0435\u0442\u0435\u00a0<a href=\"https:\/\/new.optiumgrupp.ee\/laatsekandja-meelespea\/\">\u0417\u0414\u0415\u0421\u042c<\/a><\/p>\n<p>\u0415\u0441\u043b\u0438 \u0432\u0430\u043c \u043d\u0443\u0436\u0435\u043d \u0440\u0435\u0446\u0435\u043f\u0442 \u043d\u0430 \u043a\u043e\u043d\u0442\u0430\u043a\u0442\u043d\u044b\u0435 \u043b\u0438\u043d\u0437\u044b, \u0432\u044b \u043c\u043e\u0436\u0435\u0442\u0435 \u0437\u0430\u043f\u0438\u0441\u0430\u0442\u044c\u0441\u044f \u043d\u0430 \u043f\u0440\u0438\u0435\u043c \u0434\u043b\u044f \u043d\u0430\u0437\u043d\u0430\u0447\u0435\u043d\u0438\u044f \u043a\u043e\u043d\u0442\u0430\u043a\u0442\u043d\u044b\u0445 \u043b\u0438\u043d\u0437 <a href=\"https:\/\/new.optiumgrupp.ee\/registreerimine-nagemiskontrollile\/\">\u0417\u0414\u0415\u0421\u042c<\/a>.<\/p>","protected":false},"excerpt":{"rendered":"<p>Acuvue Oasys 1-Day MAX kontaktl\u00e4\u00e4tsed sobivad suurep\u00e4raselt nendele, kes otsivad kvaliteetseid \u00fchep\u00e4evaseid l\u00e4\u00e4tsesid, mis pakuvad k\u00f5rget mugavustaset ja selget n\u00e4gemist ka n\u00f5udlikemates tingimustes. Need on ideaalsed inimestele, kellel on tundlikud silmad v\u00f5i kes soovivad v\u00e4ltida pikaajalist l\u00e4\u00e4tsede hooldamist.<\/p>\n<p>Tellimusl\u00e4\u00e4tsede tarneaeg 4-5 n\u00e4dalat.<\/p>\n<p>&nbsp;<\/p>","protected":false},"featured_media":8940,"comment_status":"closed","ping_status":"closed","template":"","meta":[],"product_cat":[32,861,19],"product_tag":[],"class_list":{"0":"post-8908","1":"product","2":"type-product","3":"status-publish","4":"has-post-thumbnail","6":"product_cat-1-paevased-kontaktlaatsed","7":"product_cat-acuvue","8":"product_cat-kontaktlaatsed","10":"first","11":"instock","12":"shipping-taxable","13":"purchasable","14":"product-type-variable"},"_links":{"self":[{"href":"https:\/\/optiumgrupp.ee\/ru\/wp-json\/wp\/v2\/product\/8908","targetHints":{"allow":["GET"]}}],"collection":[{"href":"https:\/\/optiumgrupp.ee\/ru\/wp-json\/wp\/v2\/product"}],"about":[{"href":"https:\/\/optiumgrupp.ee\/ru\/wp-json\/wp\/v2\/types\/product"}],"replies":[{"embeddable":true,"href":"https:\/\/optiumgrupp.ee\/ru\/wp-json\/wp\/v2\/comments?post=8908"}],"wp:featuredmedia":[{"embeddable":true,"href":"https:\/\/optiumgrupp.ee\/ru\/wp-json\/wp\/v2\/media\/8940"}],"wp:attachment":[{"href":"https:\/\/optiumgrupp.ee\/ru\/wp-json\/wp\/v2\/media?parent=8908"}],"wp:term":[{"taxonomy":"product_cat","embeddable":true,"href":"https:\/\/optiumgrupp.ee\/ru\/wp-json\/wp\/v2\/product_cat?post=8908"},{"taxonomy":"product_tag","embeddable":true,"href":"https:\/\/optiumgrupp.ee\/ru\/wp-json\/wp\/v2\/product_tag?post=8908"}],"curies":[{"name":"wp","href":"https:\/\/api.w.org\/{rel}","templated":true}]}}