{"id":6906,"date":"2023-03-09T18:30:30","date_gmt":"2023-03-09T18:30:30","guid":{"rendered":"https:\/\/new.optiumgrupp.ee\/?post_type=product&#038;p=6906"},"modified":"2025-07-03T10:08:54","modified_gmt":"2025-07-03T07:08:54","slug":"nebuvis-10-mlsilmasprei-kuivadele-silmadele","status":"publish","type":"product","link":"https:\/\/optiumgrupp.ee\/ru\/product\/nebuvis-10-mlsilmasprei-kuivadele-silmadele\/","title":{"rendered":"NEBUVIS <br>\u0421\u043f\u0440\u0435\u0439 \u0434\u043b\u044f \u0433\u043b\u0430\u0437 <br><p><span style=\"font-weight:normal\">\u043e\u0442 \u0441\u0443\u0445\u043e\u0441\u0442\u0438 \u0433\u043b\u0430\u0437 <br>10\u043c\u043b <\/small><\/font>"},"content":{"rendered":"<p>H\u00fcaluroonhapet sisaldav niisutav silmasprei.<\/p>\n<p>\u0411\u043b\u0430\u0433\u043e\u0434\u0430\u0440\u044f \u0438\u043d\u043d\u043e\u0432\u0430\u0446\u0438\u043e\u043d\u043d\u043e\u0439 \u0441\u0438\u0441\u0442\u0435\u043c\u0435 \u0440\u0430\u0441\u043f\u044b\u043b\u0435\u043d\u0438\u044f \u0441\u043f\u0440\u0435\u0439 \u0434\u043b\u044f \u0433\u043b\u0430\u0437 NebuVis \u044f\u0432\u043b\u044f\u0435\u0442\u0441\u044f \u0433\u0438\u0433\u0438\u0435\u043d\u0438\u0447\u043d\u044b\u043c, \u043f\u0440\u0430\u043a\u0442\u0438\u0447\u043d\u044b\u043c \u0438 \u044d\u0444\u0444\u0435\u043a\u0442\u0438\u0432\u043d\u044b\u043c \u043f\u0440\u043e\u0434\u0443\u043a\u0442\u043e\u043c. \u041e\u0434\u043d\u0438\u043c \u0440\u0430\u0441\u043f\u044b\u043b\u0435\u043d\u0438\u0435\u043c \u043f\u0440\u043e\u0434\u0443\u043a\u0442 \u043c\u043e\u0436\u043d\u043e \u043d\u0430\u043d\u0435\u0441\u0442\u0438 \u043d\u0430 \u0432\u0441\u044e \u043e\u0431\u043b\u0430\u0441\u0442\u044c \u0432\u043e\u043a\u0440\u0443\u0433 \u0433\u043b\u0430\u0437 \u0438 \u043e\u0431\u043b\u0430\u0441\u0442\u044c \u0432\u043e\u043a\u0440\u0443\u0433 \u0433\u043b\u0430\u0437, \u0447\u0442\u043e\u0431\u044b \u043e\u0431\u0435\u0441\u043f\u0435\u0447\u0438\u0442\u044c \u0443\u0432\u043b\u0430\u0436\u043d\u0435\u043d\u0438\u0435 \u0438 \u0431\u044b\u0441\u0442\u0440\u043e\u0435 \u043e\u0441\u0432\u0435\u0436\u0435\u043d\u0438\u0435 \u043f\u0440\u0438 \u0441\u0443\u0445\u043e\u0441\u0442\u0438 \u0433\u043b\u0430\u0437.<\/p>\n<p>\u041f\u043e\u043a\u0430\u0437\u0430\u043d\u0438\u044f:<\/p>\n<p>Libestab ning niisutab kuivi ja punetavaid silmi. Toodet on soovitav kasutada v\u00e4hese pisaravooluse korral; kontaktl\u00e4\u00e4tsede pikemaajalisel kandmisel; \u00f5hu kvaliteetist ning kuivusest tingitud silmade \u00e4rrituse korral; kuiva silma tunde korral; p\u00e4ikesevalguse, tuule v\u00f5i liig kuivast kliimast tingitud \u00e4rrituse korral; arvutiekraanide vaatamisest v\u00f5i lugemisest tingitud v\u00e4simuse korral.<\/p>\n<p>\u041f\u0440\u0438\u043c\u0435\u043d\u0435\u043d\u0438\u0435<\/p>\n<p>\u041f\u043e\u0434\u0445\u043e\u0434\u0438\u0442 \u0434\u043b\u044f \u0438\u0441\u043f\u043e\u043b\u044c\u0437\u043e\u0432\u0430\u043d\u0438\u044f \u0441 \u043a\u043e\u043d\u0442\u0430\u043a\u0442\u043d\u044b\u043c\u0438 \u043b\u0438\u043d\u0437\u0430\u043c\u0438.<br \/>\n\u041f\u0440\u0438\u043c\u0435\u043d\u0435\u043d\u0438\u0435: \u0440\u0430\u0441\u043f\u044b\u043b\u044f\u0442\u044c \u043d\u0430 \u0433\u043b\u0430\u0437\u0430 2-3 \u0440\u0430\u0437\u0430 \u0432 \u0434\u0435\u043d\u044c \u0438\u043b\u0438 \u043f\u043e \u043c\u0435\u0440\u0435 \u043d\u0435\u043e\u0431\u0445\u043e\u0434\u0438\u043c\u043e\u0441\u0442\u0438 \u0441 \u0440\u0430\u0441\u0441\u0442\u043e\u044f\u043d\u0438\u044f 5-10 \u0441\u043c \u043e\u0442 \u0432\u043d\u0435\u0448\u043d\u0435\u0433\u043e \u0443\u0433\u043e\u043b\u043a\u0430 \u0433\u043b\u0430\u0437\u0430.<\/p>\n<p>\u0421\u043e\u0441\u0442\u0430\u0432:<\/p>\n<p>EI SISALDA: Bensalkooniumkloriidi, kloroksidiini, timerosaali, fenoks\u00fcetanooli.<\/p>\n<p>Hoiatus: \u00c4rrituse ilmnemisel l\u00f5petada sprei kasutamine ning kontakteeruda oftalmoloogiga.<br \/>\n\u041d\u0435 \u0438\u0441\u043f\u043e\u043b\u044c\u0437\u0443\u0439\u0442\u0435 \u0440\u0430\u0441\u0442\u0432\u043e\u0440, \u0435\u0441\u043b\u0438 \u0443 \u0432\u0430\u0441 \u0430\u043b\u043b\u0435\u0440\u0433\u0438\u044f \u043d\u0430 \u043a\u0430\u043a\u043e\u0439-\u043b\u0438\u0431\u043e \u0438\u0437 \u0438\u043d\u0433\u0440\u0435\u0434\u0438\u0435\u043d\u0442\u043e\u0432 \u044d\u0442\u043e\u0433\u043e \u043f\u0440\u043e\u0434\u0443\u043a\u0442\u0430.<br \/>\nSulgeda pudel kindlalt iga kord p\u00e4rast kasutamist.V\u00e4ltida pihusti puudutamist k\u00e4te, silmade ja muude pindadega.<br \/>\nHoiustada temperatuuril 5 -35 kraadi C ning kaitsta valguse eest. Hoida lastele k\u00e4ttesaamatus kohas.<br \/>\nMitte (alla) neelata. Mitte kasutada p\u00e4rast realiseerimiskuup\u00e4eva l\u00f5ppu.<br \/>\nTarvitada 90 p\u00e4eva jooksul p\u00e4rast avamist.<br \/>\nPakend on steriilne kuni avamiseni.<br \/>\nVastun\u00e4idustused: ei ole leitud \u00fchtegi vastun\u00e4idustust.<br \/>\nMitte kasutada, kui on \u00fclitundlikkus m\u00f5ne koostisosa suhtes.<br \/>\nEi ole vastun\u00e4idustatud homo\u00f6paatilise ravi korral.<\/p>","protected":false},"excerpt":{"rendered":"<p>H\u00fcaluroonhapet sisaldav niisutav silmasprei NebuVis<\/p>","protected":false},"featured_media":6935,"comment_status":"closed","ping_status":"closed","template":"","meta":[],"product_cat":[922],"product_tag":[],"class_list":{"0":"post-6906","1":"product","2":"type-product","3":"status-publish","4":"has-post-thumbnail","6":"product_cat-silmasprei","8":"first","9":"instock","10":"shipping-taxable","11":"purchasable","12":"product-type-simple"},"_links":{"self":[{"href":"https:\/\/optiumgrupp.ee\/ru\/wp-json\/wp\/v2\/product\/6906","targetHints":{"allow":["GET"]}}],"collection":[{"href":"https:\/\/optiumgrupp.ee\/ru\/wp-json\/wp\/v2\/product"}],"about":[{"href":"https:\/\/optiumgrupp.ee\/ru\/wp-json\/wp\/v2\/types\/product"}],"replies":[{"embeddable":true,"href":"https:\/\/optiumgrupp.ee\/ru\/wp-json\/wp\/v2\/comments?post=6906"}],"wp:featuredmedia":[{"embeddable":true,"href":"https:\/\/optiumgrupp.ee\/ru\/wp-json\/wp\/v2\/media\/6935"}],"wp:attachment":[{"href":"https:\/\/optiumgrupp.ee\/ru\/wp-json\/wp\/v2\/media?parent=6906"}],"wp:term":[{"taxonomy":"product_cat","embeddable":true,"href":"https:\/\/optiumgrupp.ee\/ru\/wp-json\/wp\/v2\/product_cat?post=6906"},{"taxonomy":"product_tag","embeddable":true,"href":"https:\/\/optiumgrupp.ee\/ru\/wp-json\/wp\/v2\/product_tag?post=6906"}],"curies":[{"name":"wp","href":"https:\/\/api.w.org\/{rel}","templated":true}]}}