{"id":6553,"date":"2023-03-09T18:27:50","date_gmt":"2023-03-09T18:27:50","guid":{"rendered":"https:\/\/new.optiumgrupp.ee\/?post_type=product&#038;p=6553"},"modified":"2024-07-05T15:58:23","modified_gmt":"2024-07-05T12:58:23","slug":"airoptix-plus-hydraglyde-sphere-2-4-nadalane-silikoonhudrogeellaats-3tk-pk","status":"publish","type":"product","link":"https:\/\/optiumgrupp.ee\/ru\/product\/airoptix-plus-hydraglyde-sphere-2-4-nadalane-silikoonhudrogeellaats-3tk-pk\/","title":{"rendered":"AIR OPTIX PLUS <br>HydraGlyde for Astigmatism <br><p><span style=\"font-weight:normal\">(3\u0448\u0442\/\u0443\u043f) 2-4 \u043d\u0435\u0434\u0435\u043b\u044c\u043d\u044b\u0435 \u0441\u0438\u043b\u0438\u043a\u043e\u043d-\u0433\u0438\u0434\u0440\u043e\u0433\u0435\u043b\u0435\u0432\u044b\u0435 \u043b\u0438\u043d\u0437\u044b  <\/small><\/font>"},"content":{"rendered":"<p>AirOptix plus HydraGlyde for Astigmatism silikoonh\u00fcdrogeelist 1-kuulised toorilised kontaktl\u00e4\u00e4tsed sobivad nii p\u00e4evaseks kui ka \u00f6\u00f6p\u00e4evaringseks kandmiseks astigmaatilise korrektsiooni vajaduse puhul.<\/p>\n<p>L\u00e4\u00e4tse pinnal on kasutatud plasmat\u00f6\u00f6tlust, mis hoiab l\u00e4\u00e4tsepinna puhtana ja niiskena ning v\u00e4ldib proteiinide ja deposiitide ladestumist l\u00e4\u00e4tse pinnale. Uus Precision Balance stabiilsuss\u00fcsteem ning lai optiline tsoon annavad hea n\u00e4gemisteravuse ja silmas \u201cistuvuse\u201d.<\/p>\n<p>L\u00e4\u00e4tsel on nn t\u00e4psusm\u00e4rgistus \u2013 kolm kriipsukest vastavalt kella kolme, kuue ja \u00fcheksa suunas ning \u201cinside-out\u201d m\u00e4rgistus aitavad sul l\u00e4\u00e4tse alati \u00f5igesti silma panna.<\/p>\n<p>AirOptix plus HydraGlyde for Astigmatism l\u00e4\u00e4tsi v\u00f5ib kasutada p\u00e4evaste l\u00e4\u00e4tsedena 1 kuu jooksul v\u00f5i \u00f6\u00f6p\u00e4eval\u00e4\u00e4tsedena maksimaalselt 6 \u00f6\u00f6p\u00e4eva j\u00e4rjest. L\u00e4\u00e4tsede kasutusaeg ja kandmisreziim on individuaalsed. J\u00e4rgi l\u00e4\u00e4tsede kasutamisel optometristi v\u00f5i silmaarsti soovitusi.<\/p>\n<p>L\u00e4\u00e4tsed on saadaval kumerusega BC 8.6.<\/p>\n<p>\u0418\u043d\u0441\u0442\u0440\u0443\u043a\u0446\u0438\u044e \u043f\u043e \u043f\u043e\u043b\u044c\u0437\u043e\u0432\u0430\u043d\u0438\u044e \u043a\u043e\u043d\u0442\u0430\u043a\u0442\u043d\u044b\u043c\u0438 \u043b\u0438\u043d\u0437\u0430\u043c\u0438 \u043d\u0430\u0439\u0434\u0435\u0442\u0435 <a href=\"https:\/\/new.optiumgrupp.ee\/laatsekandja-meelespea\/\">\u0417\u0414\u0415\u0421\u042c<\/a><\/p>\n<p>\u0415\u0441\u043b\u0438 \u0432\u0430\u043c \u043d\u0443\u0436\u0435\u043d \u0440\u0435\u0446\u0435\u043f\u0442 \u043d\u0430 \u043a\u043e\u043d\u0442\u0430\u043a\u0442\u043d\u044b\u0435 \u043b\u0438\u043d\u0437\u044b, \u0432\u044b \u043c\u043e\u0436\u0435\u0442\u0435 \u0437\u0430\u043f\u0438\u0441\u0430\u0442\u044c\u0441\u044f \u043d\u0430 \u043f\u0440\u0438\u0435\u043c \u0434\u043b\u044f \u043d\u0430\u0437\u043d\u0430\u0447\u0435\u043d\u0438\u044f \u043a\u043e\u043d\u0442\u0430\u043a\u0442\u043d\u044b\u0445 \u043b\u0438\u043d\u0437 <a href=\"https:\/\/new.optiumgrupp.ee\/registreerimine-nagemiskontrollile\/\">\u0417\u0414\u0415\u0421\u042c<\/a>.<\/p>","protected":false},"excerpt":{"rendered":"<p>AirOptix plus HydraGlyde for Astigmatism silikoonh\u00fcdrogeelist 1-kuulised toorilised kontaktl\u00e4\u00e4tsed sobivad nii p\u00e4evaseks kui ka \u00f6\u00f6p\u00e4evaringseks kandmiseks astigmaatilise korrektsiooni vajaduse puhul.<\/p>\n<p>Tellimusl\u00e4\u00e4tsede tarneaeg 3-4 n\u00e4dalat.<\/p>\n<p>&nbsp;<\/p>","protected":false},"featured_media":17762,"comment_status":"closed","ping_status":"closed","template":"","meta":[],"product_cat":[29,862,869,19],"product_tag":[],"class_list":{"0":"post-6553","1":"product","2":"type-product","3":"status-publish","4":"has-post-thumbnail","6":"product_cat-2-4-nadalased-kontaktlaatsed-2","7":"product_cat-air-optix","8":"product_cat-alcon","9":"product_cat-kontaktlaatsed","11":"first","12":"instock","13":"shipping-taxable","14":"purchasable","15":"product-type-variable"},"_links":{"self":[{"href":"https:\/\/optiumgrupp.ee\/ru\/wp-json\/wp\/v2\/product\/6553","targetHints":{"allow":["GET"]}}],"collection":[{"href":"https:\/\/optiumgrupp.ee\/ru\/wp-json\/wp\/v2\/product"}],"about":[{"href":"https:\/\/optiumgrupp.ee\/ru\/wp-json\/wp\/v2\/types\/product"}],"replies":[{"embeddable":true,"href":"https:\/\/optiumgrupp.ee\/ru\/wp-json\/wp\/v2\/comments?post=6553"}],"wp:featuredmedia":[{"embeddable":true,"href":"https:\/\/optiumgrupp.ee\/ru\/wp-json\/wp\/v2\/media\/17762"}],"wp:attachment":[{"href":"https:\/\/optiumgrupp.ee\/ru\/wp-json\/wp\/v2\/media?parent=6553"}],"wp:term":[{"taxonomy":"product_cat","embeddable":true,"href":"https:\/\/optiumgrupp.ee\/ru\/wp-json\/wp\/v2\/product_cat?post=6553"},{"taxonomy":"product_tag","embeddable":true,"href":"https:\/\/optiumgrupp.ee\/ru\/wp-json\/wp\/v2\/product_tag?post=6553"}],"curies":[{"name":"wp","href":"https:\/\/api.w.org\/{rel}","templated":true}]}}