{"id":6492,"date":"2023-03-09T18:27:43","date_gmt":"2023-03-09T18:27:43","guid":{"rendered":"https:\/\/new.optiumgrupp.ee\/?post_type=product&#038;p=6492"},"modified":"2024-07-05T14:41:02","modified_gmt":"2024-07-05T11:41:02","slug":"airoptix-nightday-2-4-nadalane-silikoonhudrogeellaats-6tk-pk-sobib-oopaevaringseks-kandmiseks","status":"publish","type":"product","link":"https:\/\/optiumgrupp.ee\/ru\/product\/airoptix-nightday-2-4-nadalane-silikoonhudrogeellaats-6tk-pk-sobib-oopaevaringseks-kandmiseks\/","title":{"rendered":"AIR OPTIX <br>Night&amp;Day (6\u0448\u0442\/\u0443\u043f) <br><p><span style=\"font-weight:normal\"> 2-4 \u043d\u0435\u0434\u0435\u043b\u044c\u043d\u044b\u0435 <br>\u0441\u0438\u043b\u0438\u043a\u043e\u043d-\u0433\u0438\u0434\u0440\u043e\u0433\u0435\u043b\u0435\u0432\u044b\u0435 \u043b\u0438\u043d\u0437\u044b <\/small><\/font>"},"content":{"rendered":"<p>\u0421\u0438\u043b\u0438\u043a\u043e\u043d-\u0433\u0438\u0434\u0440\u043e\u0433\u0435\u043b\u0435\u0432\u044b\u0435 \u043a\u043e\u043d\u0442\u0430\u043a\u0442\u043d\u044b\u0435 \u043b\u0438\u043d\u0437\u044b Airoptix Night&amp;Day, 2-4 \u043d\u0435\u0434\u0435\u043b\u0438 (6 \u0448\u0442.\/\u0443\u043f.).<\/p>\n<p>\u0421\u0438\u043b\u0438\u043a\u043e\u043d-\u0433\u0438\u0434\u0440\u043e\u0433\u0435\u043b\u0435\u0432\u044b\u0435 \u043a\u043e\u043d\u0442\u0430\u043a\u0442\u043d\u044b\u0435 \u043b\u0438\u043d\u0437\u044b \u0441 \u0430\u0441\u0444\u0435\u0440\u0438\u0447\u0435\u0441\u043a\u0438\u043c \u0434\u0438\u0437\u0430\u0439\u043d\u043e\u043c \u043d\u0430 2-4 \u043d\u0435\u0434\u0435\u043b\u0438, \u043f\u043e\u0434\u0445\u043e\u0434\u044f\u0449\u0438\u0435 \u043a\u0430\u043a \u0434\u043b\u044f \u0434\u043d\u0435\u0432\u043d\u043e\u0433\u043e, \u0442\u0430\u043a \u0438 \u0434\u043b\u044f \u043a\u0440\u0443\u0433\u043b\u043e\u0441\u0443\u0442\u043e\u0447\u043d\u043e\u0433\u043e \u043d\u043e\u0448\u0435\u043d\u0438\u044f. \u041c\u0430\u0442\u0435\u0440\u0438\u0430\u043b \u0441 \u0432\u044b\u0441\u043e\u043a\u043e\u0439 \u043a\u0438\u0441\u043b\u043e\u0440\u043e\u0434\u043e\u043f\u0440\u043e\u043d\u0438\u0446\u0430\u0435\u043c\u043e\u0441\u0442\u044c\u044e (Dk\/t 175) \u0438 \u0441\u043f\u0435\u0446\u0438\u0430\u043b\u044c\u043d\u0430\u044f \u0441\u0438\u0441\u0442\u0435\u043c\u0430 \u0433\u0438\u0434\u0440\u0430\u0442\u0430\u0446\u0438\u0438 \u043e\u0431\u0435\u0441\u043f\u0435\u0447\u0438\u0432\u0430\u044e\u0442 \u0431\u043e\u043b\u044c\u0448\u0438\u0439 \u043a\u043e\u043c\u0444\u043e\u0440\u0442 \u0438 \u043b\u0443\u0447\u0448\u0435\u0435 \u0437\u0440\u0435\u043d\u0438\u0435. \u0423\u043d\u0438\u043a\u0430\u043b\u044c\u043d\u0430\u044f \u043f\u043e\u0432\u0435\u0440\u0445\u043d\u043e\u0441\u0442\u044c \u043b\u0438\u043d\u0437\u044b, \u043e\u0431\u0440\u0430\u0431\u043e\u0442\u0430\u043d\u043d\u0430\u044f \u043f\u043b\u0430\u0437\u043c\u043e\u0439, \u0443\u043c\u0435\u043d\u044c\u0448\u0430\u0435\u0442 \u0431\u0435\u043b\u043a\u043e\u0432\u044b\u0435 \u043e\u0442\u043b\u043e\u0436\u0435\u043d\u0438\u044f \u043d\u0430 \u043f\u043e\u0432\u0435\u0440\u0445\u043d\u043e\u0441\u0442\u0438 \u043b\u0438\u043d\u0437\u044b \u0438 \u0434\u043e\u043b\u044c\u0448\u0435 \u0441\u043e\u0445\u0440\u0430\u043d\u044f\u0435\u0442 \u0447\u0438\u0441\u0442\u043e\u0442\u0443 \u043b\u0438\u043d\u0437\u044b.<\/p>\n<p>\u0418\u043d\u0441\u0442\u0440\u0443\u043a\u0446\u0438\u044e \u043f\u043e \u043f\u043e\u043b\u044c\u0437\u043e\u0432\u0430\u043d\u0438\u044e \u043a\u043e\u043d\u0442\u0430\u043a\u0442\u043d\u044b\u043c\u0438 \u043b\u0438\u043d\u0437\u0430\u043c\u0438 \u043d\u0430\u0439\u0434\u0435\u0442\u0435 <a href=\"https:\/\/new.optiumgrupp.ee\/laatsekandja-meelespea\/\">\u0417\u0414\u0415\u0421\u042c<\/a><\/p>\n<p>\u0415\u0441\u043b\u0438 \u0432\u0430\u043c \u043d\u0443\u0436\u0435\u043d \u0440\u0435\u0446\u0435\u043f\u0442 \u043d\u0430 \u043a\u043e\u043d\u0442\u0430\u043a\u0442\u043d\u044b\u0435 \u043b\u0438\u043d\u0437\u044b, \u0432\u044b \u043c\u043e\u0436\u0435\u0442\u0435 \u0437\u0430\u043f\u0438\u0441\u0430\u0442\u044c\u0441\u044f \u043d\u0430 \u043f\u0440\u0438\u0435\u043c \u0434\u043b\u044f \u043d\u0430\u0437\u043d\u0430\u0447\u0435\u043d\u0438\u044f \u043a\u043e\u043d\u0442\u0430\u043a\u0442\u043d\u044b\u0445 \u043b\u0438\u043d\u0437 <a href=\"https:\/\/new.optiumgrupp.ee\/registreerimine-nagemiskontrollile\/\">\u0417\u0414\u0415\u0421\u042c<\/a>.<\/p>","protected":false},"excerpt":{"rendered":"<p><span style=\"color: #008000;\">\u041f\u043e\u0434\u0445\u043e\u0434\u0438\u0442 \u0434\u043b\u044f \u043a\u0440\u0443\u0433\u043b\u043e\u0441\u0443\u0442\u043e\u0447\u043d\u043e\u0433\u043e \u043d\u043e\u0448\u0435\u043d\u0438\u044f!<\/span><\/p>\n<p>\u0421\u0438\u043b\u0438\u043a\u043e\u043d-\u0433\u0438\u0434\u0440\u043e\u0433\u0435\u043b\u0435\u0432\u044b\u0435 \u043a\u043e\u043d\u0442\u0430\u043a\u0442\u043d\u044b\u0435 \u043b\u0438\u043d\u0437\u044b \u0441 \u0430\u0441\u0444\u0435\u0440\u0438\u0447\u0435\u0441\u043a\u0438\u043c \u0434\u0438\u0437\u0430\u0439\u043d\u043e\u043c \u043d\u0430 2-4 \u043d\u0435\u0434\u0435\u043b\u0438, \u043f\u043e\u0434\u0445\u043e\u0434\u044f\u0449\u0438\u0435 \u043a\u0430\u043a \u0434\u043b\u044f \u0434\u043d\u0435\u0432\u043d\u043e\u0433\u043e, \u0442\u0430\u043a \u0438 \u0434\u043b\u044f \u043a\u0440\u0443\u0433\u043b\u043e\u0441\u0443\u0442\u043e\u0447\u043d\u043e\u0433\u043e \u043d\u043e\u0448\u0435\u043d\u0438\u044f. \u041c\u0430\u0442\u0435\u0440\u0438\u0430\u043b \u0441 \u0432\u044b\u0441\u043e\u043a\u043e\u0439 \u043a\u0438\u0441\u043b\u043e\u0440\u043e\u0434\u043e\u043f\u0440\u043e\u043d\u0438\u0446\u0430\u0435\u043c\u043e\u0441\u0442\u044c\u044e (Dk\/t 175) \u0438 \u0441\u043f\u0435\u0446\u0438\u0430\u043b\u044c\u043d\u0430\u044f \u0441\u0438\u0441\u0442\u0435\u043c\u0430 \u0433\u0438\u0434\u0440\u0430\u0442\u0430\u0446\u0438\u0438 \u043e\u0431\u0435\u0441\u043f\u0435\u0447\u0438\u0432\u0430\u044e\u0442 \u0431\u043e\u043b\u044c\u0448\u0438\u0439 \u043a\u043e\u043c\u0444\u043e\u0440\u0442 \u0438 \u043b\u0443\u0447\u0448\u0435\u0435 \u0437\u0440\u0435\u043d\u0438\u0435. \u0423\u043d\u0438\u043a\u0430\u043b\u044c\u043d\u0430\u044f \u043f\u043e\u0432\u0435\u0440\u0445\u043d\u043e\u0441\u0442\u044c \u043b\u0438\u043d\u0437\u044b, \u043e\u0431\u0440\u0430\u0431\u043e\u0442\u0430\u043d\u043d\u0430\u044f \u043f\u043b\u0430\u0437\u043c\u043e\u0439, \u0443\u043c\u0435\u043d\u044c\u0448\u0430\u0435\u0442 \u0431\u0435\u043b\u043a\u043e\u0432\u044b\u0435 \u043e\u0442\u043b\u043e\u0436\u0435\u043d\u0438\u044f \u043d\u0430 \u043f\u043e\u0432\u0435\u0440\u0445\u043d\u043e\u0441\u0442\u0438 \u043b\u0438\u043d\u0437\u044b \u0438 \u0434\u043e\u043b\u044c\u0448\u0435 \u0441\u043e\u0445\u0440\u0430\u043d\u044f\u0435\u0442 \u0447\u0438\u0441\u0442\u043e\u0442\u0443 \u043b\u0438\u043d\u0437\u044b.<\/p>\n<p>Tellimusl\u00e4\u00e4tsede tarneaeg 3-4 n\u00e4dalat.<\/p>\n<p>&nbsp;<\/p>","protected":false},"featured_media":8112,"comment_status":"closed","ping_status":"closed","template":"","meta":[],"product_cat":[29,862,869,19],"product_tag":[],"class_list":{"0":"post-6492","1":"product","2":"type-product","3":"status-publish","4":"has-post-thumbnail","6":"product_cat-2-4-nadalased-kontaktlaatsed-2","7":"product_cat-air-optix","8":"product_cat-alcon","9":"product_cat-kontaktlaatsed","11":"first","12":"instock","13":"shipping-taxable","14":"purchasable","15":"product-type-variable"},"_links":{"self":[{"href":"https:\/\/optiumgrupp.ee\/ru\/wp-json\/wp\/v2\/product\/6492","targetHints":{"allow":["GET"]}}],"collection":[{"href":"https:\/\/optiumgrupp.ee\/ru\/wp-json\/wp\/v2\/product"}],"about":[{"href":"https:\/\/optiumgrupp.ee\/ru\/wp-json\/wp\/v2\/types\/product"}],"replies":[{"embeddable":true,"href":"https:\/\/optiumgrupp.ee\/ru\/wp-json\/wp\/v2\/comments?post=6492"}],"wp:featuredmedia":[{"embeddable":true,"href":"https:\/\/optiumgrupp.ee\/ru\/wp-json\/wp\/v2\/media\/8112"}],"wp:attachment":[{"href":"https:\/\/optiumgrupp.ee\/ru\/wp-json\/wp\/v2\/media?parent=6492"}],"wp:term":[{"taxonomy":"product_cat","embeddable":true,"href":"https:\/\/optiumgrupp.ee\/ru\/wp-json\/wp\/v2\/product_cat?post=6492"},{"taxonomy":"product_tag","embeddable":true,"href":"https:\/\/optiumgrupp.ee\/ru\/wp-json\/wp\/v2\/product_tag?post=6492"}],"curies":[{"name":"wp","href":"https:\/\/api.w.org\/{rel}","templated":true}]}}