{"id":579,"date":"2023-03-09T17:36:04","date_gmt":"2023-03-09T17:36:04","guid":{"rendered":"https:\/\/new.optiumgrupp.ee\/?post_type=product&#038;p=579"},"modified":"2024-07-10T10:31:11","modified_gmt":"2024-07-10T07:31:11","slug":"biofinity-xr-1-kuulised-kontaktlaatsed-3tk-pk-sph-8-50-kuni-15-00-sph-12-50-kuni-20-00","status":"publish","type":"product","link":"https:\/\/optiumgrupp.ee\/ru\/product\/biofinity-xr-1-kuulised-kontaktlaatsed-3tk-pk-sph-8-50-kuni-15-00-sph-12-50-kuni-20-00\/","title":{"rendered":"BIOFINITY XR (3 \u0448\u0442.\/\u0443\u043f.)<br><p><span style=\"font-weight:normal\">\u041a\u043e\u043d\u0442\u0430\u043a\u0442\u043d\u044b\u0435 \u043b\u0438\u043d\u0437\u044b \u043d\u0430 1 \u043c\u0435\u0441\u044f\u0446 <\/small><\/font><br><small><font size= \"2\" color=\"GREEN\">  sph (\u0441\u0444) \u043e\u0442 +8,50 \u0434\u043e +15,00 <br>sph (\u0441\u0444) \u043e\u0442 -12.50 \u0434\u043e -20.00<\/small><\/font>"},"content":{"rendered":"<p>\u0421\u0438\u043b\u0438\u043a\u043e\u043d-\u0433\u0438\u0434\u0440\u043e\u0433\u0435\u043b\u0435\u0432\u044b\u0435 \u043b\u0438\u043d\u0437\u044b \u043f\u0440\u0435\u043c\u0438\u0443\u043c-\u043a\u043b\u0430\u0441\u0441\u0430 \u043d\u0430 1 \u043c\u0435\u0441\u044f\u0446 \u0434\u043b\u044f \u043c\u0430\u043a\u0441\u0438\u043c\u0430\u043b\u044c\u043d\u043e\u0433\u043e \u043a\u043e\u043c\u0444\u043e\u0440\u0442\u0430. \u041a\u043e\u043d\u0442\u0430\u043a\u0442\u043d\u044b\u0435 \u043b\u0438\u043d\u0437\u044b \u043f\u0440\u0435\u0434\u043d\u0430\u0437\u043d\u0430\u0447\u0435\u043d\u044b \u0434\u043b\u044f \u043a\u043e\u043c\u0444\u043e\u0440\u0442\u043d\u043e\u0433\u043e \u043d\u043e\u0448\u0435\u043d\u0438\u044f \u043a\u0430\u043a \u0434\u043d\u0435\u043c, \u0442\u0430\u043a \u0438 \u043d\u043e\u0447\u044c\u044e. \u042d\u0442\u0438 \u043b\u0438\u043d\u0437\u044b \u0442\u0430\u043a\u0436\u0435 \u043f\u043e\u0434\u0445\u043e\u0434\u044f\u0442 \u0434\u043b\u044f \u0434\u043d\u0435\u0432\u043d\u043e\u0433\u043e \u043d\u043e\u0448\u0435\u043d\u0438\u044f (\u0434\u043e 29 \u043d\u043e\u0447\u0435\u0439).<br \/>\n\u0428\u0438\u0440\u043e\u043a\u0430\u044f \u0434\u0438\u043e\u043f\u0442\u0440\u0438\u0439\u043d\u0430\u044f \u0448\u043a\u0430\u043b\u0430 (sph \u043e\u0442 +8,50 \u0434\u043e +15,00 \u0438 \u043e\u0442 -12,50 \u0434\u043e -20,00)<br \/>\n\u041a\u043e\u043d\u0442\u0430\u043a\u0442\u043d\u044b\u0435 \u043b\u0438\u043d\u0437\u044b \u0445\u043e\u0440\u043e\u0448\u0438 \u0442\u0435\u043c, \u0447\u0442\u043e:<br \/>\n\u2013 \u043c\u0430\u0442\u0435\u0440\u0438\u0430\u043b \u0441\u043e\u0445\u0440\u0430\u043d\u044f\u0435\u0442 \u0441\u043e\u0434\u0435\u0440\u0436\u0430\u043d\u0438\u0435 \u0432\u043e\u0434\u044b \u0432 \u043b\u0438\u043d\u0437\u0430\u0445 \u0438 \u0443\u043c\u0435\u043d\u044c\u0448\u0430\u0435\u0442 \u043d\u0430\u043a\u043e\u043f\u043b\u0435\u043d\u0438\u0435 \u043e\u0442\u043b\u043e\u0436\u0435\u043d\u0438\u0439 \u043d\u0430 \u043f\u043e\u0432\u0435\u0440\u0445\u043d\u043e\u0441\u0442\u0438 \u043b\u0438\u043d\u0437<br \/>\n- \u0432\u044b\u0441\u043e\u043a\u0430\u044f \u043a\u0438\u0441\u043b\u043e\u0440\u043e\u0434\u043e\u043f\u0440\u043e\u043d\u0438\u0446\u0430\u0435\u043c\u043e\u0441\u0442\u044c \u043e\u0431\u0435\u0441\u043f\u0435\u0447\u0438\u0432\u0430\u0435\u0442 \u043b\u0443\u0447\u0448\u0435\u0435 \u0437\u0434\u043e\u0440\u043e\u0432\u044c\u0435 \u0433\u043b\u0430\u0437<br \/>\n\u2013 \u043f\u0440\u043e\u0444\u0438\u043b\u044c \u0441 \u0437\u0430\u043a\u0440\u0443\u0433\u043b\u0435\u043d\u043d\u044b\u043c\u0438 \u043a\u0440\u0430\u044f\u043c\u0438 \u0441\u043d\u0438\u0436\u0430\u0435\u0442 \u0442\u0440\u0435\u043d\u0438\u0435 \u043c\u0435\u0436\u0434\u0443 \u043a\u043e\u043d\u0442\u0430\u043a\u0442\u043d\u043e\u0439 \u043b\u0438\u043d\u0437\u043e\u0439 \u0438 \u0432\u0435\u043a\u043e\u043c.<\/p>\n<p>\u0418\u043d\u0441\u0442\u0440\u0443\u043a\u0446\u0438\u044e \u043f\u043e \u043f\u043e\u043b\u044c\u0437\u043e\u0432\u0430\u043d\u0438\u044e \u043a\u043e\u043d\u0442\u0430\u043a\u0442\u043d\u044b\u043c\u0438 \u043b\u0438\u043d\u0437\u0430\u043c\u0438 \u043d\u0430\u0439\u0434\u0435\u0442\u0435\u00a0<a href=\"https:\/\/new.optiumgrupp.ee\/laatsekandja-meelespea\/\">\u0417\u0414\u0415\u0421\u042c<\/a><\/p>\n<p>\u0415\u0441\u043b\u0438 \u0432\u0430\u043c \u043d\u0443\u0436\u0435\u043d \u0440\u0435\u0446\u0435\u043f\u0442 \u043d\u0430 \u043a\u043e\u043d\u0442\u0430\u043a\u0442\u043d\u044b\u0435 \u043b\u0438\u043d\u0437\u044b, \u0432\u044b \u043c\u043e\u0436\u0435\u0442\u0435 \u0437\u0430\u043f\u0438\u0441\u0430\u0442\u044c\u0441\u044f \u043d\u0430 \u043f\u0440\u0438\u0435\u043c \u0434\u043b\u044f \u043d\u0430\u0437\u043d\u0430\u0447\u0435\u043d\u0438\u044f \u043a\u043e\u043d\u0442\u0430\u043a\u0442\u043d\u044b\u0445 \u043b\u0438\u043d\u0437 <a href=\"https:\/\/new.optiumgrupp.ee\/registreerimine-nagemiskontrollile\/\">\u0417\u0414\u0415\u0421\u042c<\/a>.<\/p>","protected":false},"excerpt":{"rendered":"<p>\u0421\u0438\u043b\u0438\u043a\u043e\u043d-\u0433\u0438\u0434\u0440\u043e\u0433\u0435\u043b\u0435\u0432\u044b\u0435 \u043a\u043e\u043d\u0442\u0430\u043a\u0442\u043d\u044b\u0435 \u043b\u0438\u043d\u0437\u044b Biofinity XR \u043f\u0440\u0435\u043c\u0438\u0443\u043c-\u043a\u043b\u0430\u0441\u0441\u0430 \u043d\u0430 1 \u043c\u0435\u0441\u044f\u0446 \u0434\u043b\u044f \u043c\u0430\u043a\u0441\u0438\u043c\u0430\u043b\u044c\u043d\u043e\u0433\u043e \u043a\u043e\u043c\u0444\u043e\u0440\u0442\u0430. \u041a\u043e\u043d\u0442\u0430\u043a\u0442\u043d\u044b\u0435 \u043b\u0438\u043d\u0437\u044b \u043f\u0440\u0435\u0434\u043d\u0430\u0437\u043d\u0430\u0447\u0435\u043d\u044b \u0434\u043b\u044f \u043a\u043e\u043c\u0444\u043e\u0440\u0442\u043d\u043e\u0433\u043e \u043d\u043e\u0448\u0435\u043d\u0438\u044f \u043a\u0430\u043a \u0434\u043d\u0435\u043c, \u0442\u0430\u043a \u0438 \u043d\u043e\u0447\u044c\u044e (\u043a\u0440\u0443\u0433\u043b\u043e\u0441\u0443\u0442\u043e\u0447\u043d\u043e \u0434\u043e 29 \u043d\u043e\u0447\u0435\u0439).<\/p>\n<p>\u041e\u0431\u0440\u0430\u0442\u0438\u0442\u0435 \u0432\u043d\u0438\u043c\u0430\u043d\u0438\u0435! \u041f\u0440\u0438 \u043a\u0440\u0443\u0433\u043b\u043e\u0441\u0443\u0442\u043e\u0447\u043d\u043e\u043c \u043d\u043e\u0448\u0435\u043d\u0438\u0438 \u043d\u0435\u043e\u0431\u0445\u043e\u0434\u0438\u043c\u043e \u0447\u0438\u0441\u0442\u0438\u0442\u044c \u0438 \u0434\u0435\u0437\u0438\u043d\u0444\u0438\u0446\u0438\u0440\u043e\u0432\u0430\u0442\u044c \u043b\u0438\u043d\u0437\u044b \u043a\u0430\u0436\u0434\u044b\u0435 7 \u0434\u043d\u0435\u0439!<\/p>\n<p>\u0428\u0438\u0440\u043e\u043a\u0430\u044f \u0434\u0438\u043e\u043f\u0442\u0440\u0438\u0439\u043d\u0430\u044f \u0448\u043a\u0430\u043b\u0430 (sph \u043e\u0442 +8,50 \u0434\u043e +15,00 \u0438 \u043e\u0442 -12,50 \u0434\u043e -20,00)<\/p>\n<p>Tellimusl\u00e4\u00e4tsede tarneaeg 3-4 n\u00e4dalat.<\/p>\n<p>&nbsp;<\/p>","protected":false},"featured_media":8120,"comment_status":"closed","ping_status":"closed","template":"","meta":[],"product_cat":[30,859,31,19],"product_tag":[],"class_list":{"0":"post-579","1":"product","2":"type-product","3":"status-publish","4":"has-post-thumbnail","6":"product_cat-1-kuulised-kontaktlaatsed","7":"product_cat-biofinity","8":"product_cat-cooper-vision","9":"product_cat-kontaktlaatsed","11":"first","12":"instock","13":"shipping-taxable","14":"purchasable","15":"product-type-variable"},"_links":{"self":[{"href":"https:\/\/optiumgrupp.ee\/ru\/wp-json\/wp\/v2\/product\/579","targetHints":{"allow":["GET"]}}],"collection":[{"href":"https:\/\/optiumgrupp.ee\/ru\/wp-json\/wp\/v2\/product"}],"about":[{"href":"https:\/\/optiumgrupp.ee\/ru\/wp-json\/wp\/v2\/types\/product"}],"replies":[{"embeddable":true,"href":"https:\/\/optiumgrupp.ee\/ru\/wp-json\/wp\/v2\/comments?post=579"}],"wp:featuredmedia":[{"embeddable":true,"href":"https:\/\/optiumgrupp.ee\/ru\/wp-json\/wp\/v2\/media\/8120"}],"wp:attachment":[{"href":"https:\/\/optiumgrupp.ee\/ru\/wp-json\/wp\/v2\/media?parent=579"}],"wp:term":[{"taxonomy":"product_cat","embeddable":true,"href":"https:\/\/optiumgrupp.ee\/ru\/wp-json\/wp\/v2\/product_cat?post=579"},{"taxonomy":"product_tag","embeddable":true,"href":"https:\/\/optiumgrupp.ee\/ru\/wp-json\/wp\/v2\/product_tag?post=579"}],"curies":[{"name":"wp","href":"https:\/\/api.w.org\/{rel}","templated":true}]}}