{"id":574,"date":"2023-03-09T17:36:04","date_gmt":"2023-03-09T17:36:04","guid":{"rendered":"https:\/\/new.optiumgrupp.ee\/?post_type=product&#038;p=574"},"modified":"2025-07-02T14:15:08","modified_gmt":"2025-07-02T11:15:08","slug":"desinfitseeriv-prillipuhastusvedelik-25ml","status":"publish","type":"product","link":"https:\/\/optiumgrupp.ee\/ru\/product\/desinfitseeriv-prillipuhastusvedelik-25ml\/","title":{"rendered":"ALBINEX <br>25\u043c\u043b <br><p><span style=\"font-weight:normal\">\u0434\u0435\u0437\u0438\u043d\u0444\u0438\u0446\u0438\u0440\u0443\u044e\u0449\u0435\u0435 <br>\u0441\u0440\u0435\u0434\u0441\u0442\u0432\u043e \u0434\u043b\u044f \u0447\u0438\u0441\u0442\u043a\u0438 \u043e\u0447\u043a\u043e\u0432 <\/small><\/font>"},"content":{"rendered":"<p>\u0414\u0435\u0437\u0438\u043d\u0444\u0438\u0446\u0438\u0440\u0443\u044e\u0449\u0430\u044f \u0436\u0438\u0434\u043a\u043e\u0441\u0442\u044c \u0434\u043b\u044f \u043e\u0447\u0438\u0441\u0442\u043a\u0438 \u043e\u0447\u043a\u043e\u0432 25\u043c\u043b<br \/>\n\u041e\u0447\u0438\u0449\u0430\u044e\u0449\u0430\u044f \u0438 \u0434\u0435\u0437\u0438\u043d\u0444\u0438\u0446\u0438\u0440\u0443\u044e\u0449\u0430\u044f \u0436\u0438\u0434\u043a\u043e\u0441\u0442\u044c \u0434\u043b\u044f \u043e\u0447\u0438\u0441\u0442\u043a\u0438 \u043e\u0447\u043a\u043e\u0432\u044b\u0445 \u043b\u0438\u043d\u0437.<br \/>\n\u041f\u0440\u0438\u043c\u0435\u043d\u0435\u043d\u0438\u0435: \u0440\u0430\u0441\u043f\u044b\u043b\u0438\u0442\u044c \u043d\u0430 \u043e\u0447\u043a\u0438 \u0438 \u043f\u0440\u043e\u0442\u0435\u0440\u0435\u0442\u044c \u043c\u044f\u0433\u043a\u043e\u0439 \u0442\u043a\u0430\u043d\u044c\u044e \u0434\u043e \u043f\u043e\u043b\u043d\u043e\u0433\u043e \u0432\u044b\u0441\u044b\u0445\u0430\u043d\u0438\u044f.<br \/>\n\u041d\u0435 \u043f\u0440\u0435\u0434\u043d\u0430\u0437\u043d\u0430\u0447\u0435\u043d \u0434\u043b\u044f \u043e\u0447\u0438\u0441\u0442\u043a\u0438 \u043a\u043e\u043d\u0442\u0430\u043a\u0442\u043d\u044b\u0445 \u043b\u0438\u043d\u0437.<\/p>","protected":false},"excerpt":{"rendered":"<p>Desinfitseeriv prillipuhastusvedelik 25ml Puhastav ja desinfitseeriv vedelik prilliklaaside puhastamiseks. Kasutamine: pihustada m\u00e4\u00e4rdunud prilliklaasidele ja p\u00fchkida pehme lapiga kuni kuivamiseni. Pole ette n\u00e4htud kontaktl\u00e4\u00e4tsede puhastamiseks.<\/p>","protected":false},"featured_media":8186,"comment_status":"closed","ping_status":"closed","template":"","meta":[],"product_cat":[210],"product_tag":[],"class_list":{"0":"post-574","1":"product","2":"type-product","3":"status-publish","4":"has-post-thumbnail","6":"product_cat-puhastusvedelikud","8":"first","9":"instock","10":"shipping-taxable","11":"purchasable","12":"product-type-simple"},"_links":{"self":[{"href":"https:\/\/optiumgrupp.ee\/ru\/wp-json\/wp\/v2\/product\/574","targetHints":{"allow":["GET"]}}],"collection":[{"href":"https:\/\/optiumgrupp.ee\/ru\/wp-json\/wp\/v2\/product"}],"about":[{"href":"https:\/\/optiumgrupp.ee\/ru\/wp-json\/wp\/v2\/types\/product"}],"replies":[{"embeddable":true,"href":"https:\/\/optiumgrupp.ee\/ru\/wp-json\/wp\/v2\/comments?post=574"}],"wp:featuredmedia":[{"embeddable":true,"href":"https:\/\/optiumgrupp.ee\/ru\/wp-json\/wp\/v2\/media\/8186"}],"wp:attachment":[{"href":"https:\/\/optiumgrupp.ee\/ru\/wp-json\/wp\/v2\/media?parent=574"}],"wp:term":[{"taxonomy":"product_cat","embeddable":true,"href":"https:\/\/optiumgrupp.ee\/ru\/wp-json\/wp\/v2\/product_cat?post=574"},{"taxonomy":"product_tag","embeddable":true,"href":"https:\/\/optiumgrupp.ee\/ru\/wp-json\/wp\/v2\/product_tag?post=574"}],"curies":[{"name":"wp","href":"https:\/\/api.w.org\/{rel}","templated":true}]}}