{"id":41511,"date":"2024-07-10T14:28:16","date_gmt":"2024-07-10T11:28:16","guid":{"rendered":"https:\/\/optiumgrupp.ee\/?post_type=product&#038;p=41511"},"modified":"2024-07-10T14:29:12","modified_gmt":"2024-07-10T11:29:12","slug":"proclear-multifocal-6tk-pk-1-kuulised-mitmevaatelised-kontaktlaatsed","status":"publish","type":"product","link":"https:\/\/optiumgrupp.ee\/ru\/product\/proclear-multifocal-6tk-pk-1-kuulised-mitmevaatelised-kontaktlaatsed\/","title":{"rendered":"Proclear Multifocal <br><p><span style=\"font-weight:normal\">(6tk\/pk) 1-kuulised mitmevaatelised kontaktl\u00e4\u00e4tsed <\/small><\/font>"},"content":{"rendered":"<p>Presb\u00fcoopia\u00a0on vananemisega kaasnev n\u00e4htus, mis m\u00f5jutab peaaegu igat inimest. Alates 40. eluaastast algab j\u00e4rk-j\u00e4rguline n\u00e4gemisv\u00f5ime halvenemine, mis raskendab l\u00e4hedale ja kaugele fokusseerimist. Multifokaalsed l\u00e4\u00e4tsed aitavad teie n\u00e4gemist parandada.<\/p>\n<p>Lisaks n\u00e4itas CooperVisioni uuring, et need l\u00e4\u00e4tsed p\u00fcsivad kogu p\u00e4eva jooksul isegi p\u00e4rast 12-tunnist kandmist 96% h\u00fcdreeritud.<br \/>\nProclear\u00ae multifokaalsed torilised l\u00e4\u00e4tsed pakuvad Teile piiramatut mugavust, maksimeerides samal ajal binokulaarse n\u00e4gemisteravuse k\u00f5ikidel kaugustel.<\/p>\n<p>\u0418\u043d\u0441\u0442\u0440\u0443\u043a\u0446\u0438\u044e \u043f\u043e \u043f\u043e\u043b\u044c\u0437\u043e\u0432\u0430\u043d\u0438\u044e \u043a\u043e\u043d\u0442\u0430\u043a\u0442\u043d\u044b\u043c\u0438 \u043b\u0438\u043d\u0437\u0430\u043c\u0438 \u043d\u0430\u0439\u0434\u0435\u0442\u0435\u00a0<a href=\"https:\/\/new.optiumgrupp.ee\/laatsekandja-meelespea\/\">\u0417\u0414\u0415\u0421\u042c<\/a><\/p>\n<p>\u0415\u0441\u043b\u0438 \u0432\u0430\u043c \u043d\u0443\u0436\u0435\u043d \u0440\u0435\u0446\u0435\u043f\u0442 \u043d\u0430 \u043a\u043e\u043d\u0442\u0430\u043a\u0442\u043d\u044b\u0435 \u043b\u0438\u043d\u0437\u044b, \u0432\u044b \u043c\u043e\u0436\u0435\u0442\u0435 \u0437\u0430\u043f\u0438\u0441\u0430\u0442\u044c\u0441\u044f \u043d\u0430 \u043f\u0440\u0438\u0435\u043c \u0434\u043b\u044f \u043d\u0430\u0437\u043d\u0430\u0447\u0435\u043d\u0438\u044f \u043a\u043e\u043d\u0442\u0430\u043a\u0442\u043d\u044b\u0445 \u043b\u0438\u043d\u0437 <a href=\"https:\/\/new.optiumgrupp.ee\/registreerimine-nagemiskontrollile\/\">\u0417\u0414\u0415\u0421\u042c<\/a>.<\/p>","protected":false},"excerpt":{"rendered":"<p><span style=\"font-size: 1rem;\"><strong>Proclear Multifocal<\/strong>\u00a0multifokaalsed kontaktl\u00e4\u00e4tsed, mis v\u00f5imaldavad n\u00e4ha h\u00e4sti k\u00f5igile kaugustele. L\u00e4\u00e4tsed korrigeerivad presb\u00fcoopiat ning on m\u00f5eldud\u00a0<a href=\"https:\/\/www.alensa.ee\/kuuajalised-laatsed.html\">1-kuuse kasutusajaga<\/a>\u00a0p\u00e4evaseks kandmiseks.<\/span><\/p>\n<p><span style=\"font-size: 1rem;\">Tellimusl\u00e4\u00e4tsede tarneaeg 3-4 n\u00e4dalat.<\/span><\/p>\n<p>&nbsp;<\/p>","protected":false},"featured_media":41498,"comment_status":"closed","ping_status":"closed","template":"","meta":[],"product_cat":[30,31,19,856],"product_tag":[],"class_list":{"0":"post-41511","1":"product","2":"type-product","3":"status-publish","4":"has-post-thumbnail","6":"product_cat-1-kuulised-kontaktlaatsed","7":"product_cat-cooper-vision","8":"product_cat-kontaktlaatsed","9":"product_cat-multifokaalsed-kontaktlaatsed","11":"first","12":"instock","13":"shipping-taxable","14":"purchasable","15":"product-type-variable"},"_links":{"self":[{"href":"https:\/\/optiumgrupp.ee\/ru\/wp-json\/wp\/v2\/product\/41511","targetHints":{"allow":["GET"]}}],"collection":[{"href":"https:\/\/optiumgrupp.ee\/ru\/wp-json\/wp\/v2\/product"}],"about":[{"href":"https:\/\/optiumgrupp.ee\/ru\/wp-json\/wp\/v2\/types\/product"}],"replies":[{"embeddable":true,"href":"https:\/\/optiumgrupp.ee\/ru\/wp-json\/wp\/v2\/comments?post=41511"}],"wp:featuredmedia":[{"embeddable":true,"href":"https:\/\/optiumgrupp.ee\/ru\/wp-json\/wp\/v2\/media\/41498"}],"wp:attachment":[{"href":"https:\/\/optiumgrupp.ee\/ru\/wp-json\/wp\/v2\/media?parent=41511"}],"wp:term":[{"taxonomy":"product_cat","embeddable":true,"href":"https:\/\/optiumgrupp.ee\/ru\/wp-json\/wp\/v2\/product_cat?post=41511"},{"taxonomy":"product_tag","embeddable":true,"href":"https:\/\/optiumgrupp.ee\/ru\/wp-json\/wp\/v2\/product_tag?post=41511"}],"curies":[{"name":"wp","href":"https:\/\/api.w.org\/{rel}","templated":true}]}}