{"id":39085,"date":"2024-07-10T13:12:02","date_gmt":"2024-07-10T10:12:02","guid":{"rendered":"https:\/\/optiumgrupp.ee\/?post_type=product&#038;p=39085"},"modified":"2024-07-10T13:49:03","modified_gmt":"2024-07-10T10:49:03","slug":"clariti-multifocal1-paevased-kontaktlaatsed-30tk-pk-2","status":"publish","type":"product","link":"https:\/\/optiumgrupp.ee\/ru\/product\/clariti-multifocal1-paevased-kontaktlaatsed-30tk-pk-2\/","title":{"rendered":"Proclear Multifocal<br><span style=\"font-weight:normal\"><small><\/small><\/font><br>1-\u0434\u043d\u0435\u0432\u043d\u044b\u0435 <br>\u043a\u043e\u043d\u0442\u0430\u043a\u0442\u043d\u044b\u0435 \u043b\u0438\u043d\u0437\u044b (30 \u0448\u0442.\/\u0443\u043f.)"},"content":{"rendered":"<p>Proclear 1 Day Multifocal on p\u00e4evased \u00fchekordsed multifokaalsed kontaktl\u00e4\u00e4tsed firmalt CooperVision. L\u00e4\u00e4tsed korrigeerivad presb\u00fcoopiat ning k\u00f5rvaldavad silmade kuivustunde. L\u00e4\u00e4tsede optiline konstruktsioon v\u00f5imaldab silmal leida instinktiivselt tsooni, kus n\u00e4gemisteravus on optimaalseim. J\u00e4rk-j\u00e4rguline \u00fchelt tsoonilt teisele \u00fcleminek tagab selge ja terava n\u00e4gemise ilma, et silmi peaks fokusseerimisel pingutama.<\/p>\n<p>Mugav ja tervislik l\u00e4\u00e4tsekandmise viis<br \/>\n\u00dchekordsed kontaktl\u00e4\u00e4tsed on \u00fcks tervislikeim ning mugavaim l\u00e4\u00e4tsede kandmise viise. Peale iga kasutuskorda visatakse l\u00e4\u00e4tsed minema ning j\u00e4rgmisel p\u00e4eval v\u00f5etakse uued, seega ei ole vajadust l\u00e4\u00e4tsi puhastada, desinfitseerida ega konteineris s\u00e4ilitada. \u00dchekordsed kontaktl\u00e4\u00e4tsed sobivad h\u00e4sti neile, kellel esineb allergiaid v\u00f5i kellel ei ole aega regulaarseks l\u00e4\u00e4tsede hooldamiseks.<\/p>\n<p>PC niisutav tehnoloogia\u2122<br \/>\nNiisutav PC\u2122 tehnoloogia p\u00f5hineb h\u00fcdrofiilsel (vett siduval) fosfor\u00fc\u00fclkoliinil (PC), mis \u00fchildub inimese keha sisekeskkonnaga. PC seob vett l\u00e4\u00e4tse pinnal ning takistab selle aurumist. Pinnale moodustuv kaitsekile hoiab \u00e4ra tolmu kogunemise ning v\u00e4hendab valgu- ja lipiidij\u00e4\u00e4kide ladestumist. Samuti tagab kaitsekile l\u00e4\u00e4tse normaalse t\u00f6\u00f6tamise ja kandmismugavuse terve p\u00e4eva jooksul.<\/p>\n<p>L\u00e4hilisa (ADD)<br \/>\nProclear 1 Day Multifocal kontaktl\u00e4\u00e4tsede puhul pole l\u00e4hilisa (ADD) v\u00e4\u00e4rtus t\u00e4psustatud. Tootja v\u00e4idab, et need l\u00e4\u00e4tsed on disainitud kasutajatele, kelle l\u00e4hilisa (ADD) v\u00e4\u00e4rtus ulatub kuni +2,5-ni. Seega soovitame teil enne l\u00e4\u00e4tsede ostmist konsulteerida spetsialistiga.<\/p>\n<p>\u0418\u043d\u0441\u0442\u0440\u0443\u043a\u0446\u0438\u044e \u043f\u043e \u043f\u043e\u043b\u044c\u0437\u043e\u0432\u0430\u043d\u0438\u044e \u043a\u043e\u043d\u0442\u0430\u043a\u0442\u043d\u044b\u043c\u0438 \u043b\u0438\u043d\u0437\u0430\u043c\u0438 \u043d\u0430\u0439\u0434\u0435\u0442\u0435\u00a0<a href=\"https:\/\/new.optiumgrupp.ee\/laatsekandja-meelespea\/\">\u0417\u0414\u0415\u0421\u042c<\/a><\/p>","protected":false},"excerpt":{"rendered":"<p>Selge ja terav n\u00e4gemine k\u00f5igil kaugustel<br \/>\nL\u00e4\u00e4tsed korrigeerivad n\u00e4gemist k\u00f5igis olukordades \u2013 autoga s\u00f5itmisel, lugemisel v\u00f5i arvutiga t\u00f6\u00f6tamisel ning tagavad selge n\u00e4gemise k\u00f5igil kaugustel, olles seega heaks alternatiiviks prillide kandmisele.<\/p>\n<p>Tellimusl\u00e4\u00e4tsede tarneaeg 3-4 n\u00e4dalat.<\/p>\n<p>&nbsp;<\/p>","protected":false},"featured_media":39771,"comment_status":"closed","ping_status":"closed","template":"","meta":[],"product_cat":[32,31,19,856],"product_tag":[],"class_list":{"0":"post-39085","1":"product","2":"type-product","3":"status-publish","4":"has-post-thumbnail","6":"product_cat-1-paevased-kontaktlaatsed","7":"product_cat-cooper-vision","8":"product_cat-kontaktlaatsed","9":"product_cat-multifokaalsed-kontaktlaatsed","10":"pa_add-multi-add-kuni-250","12":"first","13":"instock","14":"shipping-taxable","15":"purchasable","16":"product-type-variable"},"_links":{"self":[{"href":"https:\/\/optiumgrupp.ee\/ru\/wp-json\/wp\/v2\/product\/39085","targetHints":{"allow":["GET"]}}],"collection":[{"href":"https:\/\/optiumgrupp.ee\/ru\/wp-json\/wp\/v2\/product"}],"about":[{"href":"https:\/\/optiumgrupp.ee\/ru\/wp-json\/wp\/v2\/types\/product"}],"replies":[{"embeddable":true,"href":"https:\/\/optiumgrupp.ee\/ru\/wp-json\/wp\/v2\/comments?post=39085"}],"wp:featuredmedia":[{"embeddable":true,"href":"https:\/\/optiumgrupp.ee\/ru\/wp-json\/wp\/v2\/media\/39771"}],"wp:attachment":[{"href":"https:\/\/optiumgrupp.ee\/ru\/wp-json\/wp\/v2\/media?parent=39085"}],"wp:term":[{"taxonomy":"product_cat","embeddable":true,"href":"https:\/\/optiumgrupp.ee\/ru\/wp-json\/wp\/v2\/product_cat?post=39085"},{"taxonomy":"product_tag","embeddable":true,"href":"https:\/\/optiumgrupp.ee\/ru\/wp-json\/wp\/v2\/product_tag?post=39085"}],"curies":[{"name":"wp","href":"https:\/\/api.w.org\/{rel}","templated":true}]}}