{"id":35146,"date":"2024-07-10T11:31:26","date_gmt":"2024-07-10T08:31:26","guid":{"rendered":"https:\/\/optiumgrupp.ee\/?post_type=product&#038;p=35146"},"modified":"2024-07-10T13:48:46","modified_gmt":"2024-07-10T10:48:46","slug":"myday-toric1-paevased-kontaktlaatsed-30tk-pk","status":"publish","type":"product","link":"https:\/\/optiumgrupp.ee\/ru\/product\/myday-toric1-paevased-kontaktlaatsed-30tk-pk\/","title":{"rendered":"MyDay Toric<br><span style=\"font-weight:normal\"><small><\/small><\/font><br>1-\u0434\u043d\u0435\u0432\u043d\u044b\u0435 <br>\u043a\u043e\u043d\u0442\u0430\u043a\u0442\u043d\u044b\u0435 \u043b\u0438\u043d\u0437\u044b (30 \u0448\u0442.\/\u0443\u043f.)"},"content":{"rendered":"<p class=\"trademark-replaced\">MyDay\u00a0<sup>\u00ae<\/sup> \u00fchep\u00e4evased kontaktl\u00e4\u00e4tsed<\/p>\n<div class=\"body-item cv-product__body cv-product--full__body field_type--text_with_summary even flexible-page__body\">\n<p>MyDay \u00ae toric on Coopervisioni igap\u00e4evased toorilised l\u00e4\u00e4tsed . Need on valmistatud t\u00e4iustatud silikoonh\u00fcdro\u00adgeelmaterjalis\u00adt, t\u00f6\u00f6deldud Aquaform \u2122 tehnoloogiaga. See tehnoloogia v\u00e4listab vajaduse teha mugavuse ja hingavuse vahel kompromisse, v\u00e4hendades l\u00e4\u00e4tsedes kasutatava toorsilikooni kogust, j\u00e4ttes rohkem ruumi h\u00fcdrogeelile . T\u00e4nu sellele tehnoloogiale on tootja loonud l\u00e4\u00e4tsed, millel on teiste looduslike silikoonh\u00fcdrogeeli l\u00e4\u00e4tsedega v\u00f5rreldes loomulik m\u00e4rguvus ning optimaalne pehmus ja paindlikkus.<br \/>\nMyDay \u00ae igap\u00e4evaseid \u00fchekordseid toorilisi l\u00e4\u00e4tsi on h\u00f5lbus k\u00e4sitseda ja sisestada, need on toonitud helesinisel toonil ja neile on pandud orientatsioonim\u00e4rk\u00ad..<\/p>\n<p>L\u00e4\u00e4tse geomeetria on loodud v\u00e4ltima silma soovimatut liikumist ja p\u00f6\u00f6rlemist kui see on kulunud. Stabiilne sobivus ja korrektne tsentreerimine on n\u00e4gemisteravuse tagamiseks \u00e4\u00e4rmiselt olulised tooriliste l\u00e4\u00e4tsede jaoks. MyDay \u00ae toorilised l\u00e4\u00e4tsed tagavad t\u00e4pselt selle, kasutades Optimeeritud toorilise l\u00e4\u00e4tse geomeetriat \u2122 . CooperVision on selle tehnoloogia edukust juba t\u00f5estanud oma populaarsete Biofinity \u00ae toorikute igakuiste l\u00e4\u00e4tsedega.<\/p>\n<\/div>\n<p>\u0418\u043d\u0441\u0442\u0440\u0443\u043a\u0446\u0438\u044e \u043f\u043e \u043f\u043e\u043b\u044c\u0437\u043e\u0432\u0430\u043d\u0438\u044e \u043a\u043e\u043d\u0442\u0430\u043a\u0442\u043d\u044b\u043c\u0438 \u043b\u0438\u043d\u0437\u0430\u043c\u0438 \u043d\u0430\u0439\u0434\u0435\u0442\u0435\u00a0<a href=\"https:\/\/new.optiumgrupp.ee\/laatsekandja-meelespea\/\">\u0417\u0414\u0415\u0421\u042c<\/a><\/p>","protected":false},"excerpt":{"rendered":"<p>MyDay\u00a0p\u00e4evased\u00a0<a href=\"https:\/\/www.alensa.ee\/uhepaevased-laatsed.html\">\u00fchekordseks kasutamiseks<\/a>\u00a0m\u00f5eldud silikoon-h\u00fcdrogeel l\u00e4\u00e4tsed firmalt\u00a0CooperVision. Optimaalne hapnikujuhtivus ning kerge ja h\u00fcgieeniline kasutamine.<\/p>\n<p>Tellimusl\u00e4\u00e4tsede tarneaeg 3-4 n\u00e4dalat.<\/p>\n<p>&nbsp;<\/p>","protected":false},"featured_media":34956,"comment_status":"closed","ping_status":"closed","template":"","meta":[],"product_cat":[32,31,19,882],"product_tag":[],"class_list":{"0":"post-35146","1":"product","2":"type-product","3":"status-publish","4":"has-post-thumbnail","6":"product_cat-1-paevased-kontaktlaatsed","7":"product_cat-cooper-vision","8":"product_cat-kontaktlaatsed","9":"product_cat-myday","11":"first","12":"instock","13":"shipping-taxable","14":"purchasable","15":"product-type-variable"},"_links":{"self":[{"href":"https:\/\/optiumgrupp.ee\/ru\/wp-json\/wp\/v2\/product\/35146","targetHints":{"allow":["GET"]}}],"collection":[{"href":"https:\/\/optiumgrupp.ee\/ru\/wp-json\/wp\/v2\/product"}],"about":[{"href":"https:\/\/optiumgrupp.ee\/ru\/wp-json\/wp\/v2\/types\/product"}],"replies":[{"embeddable":true,"href":"https:\/\/optiumgrupp.ee\/ru\/wp-json\/wp\/v2\/comments?post=35146"}],"wp:featuredmedia":[{"embeddable":true,"href":"https:\/\/optiumgrupp.ee\/ru\/wp-json\/wp\/v2\/media\/34956"}],"wp:attachment":[{"href":"https:\/\/optiumgrupp.ee\/ru\/wp-json\/wp\/v2\/media?parent=35146"}],"wp:term":[{"taxonomy":"product_cat","embeddable":true,"href":"https:\/\/optiumgrupp.ee\/ru\/wp-json\/wp\/v2\/product_cat?post=35146"},{"taxonomy":"product_tag","embeddable":true,"href":"https:\/\/optiumgrupp.ee\/ru\/wp-json\/wp\/v2\/product_tag?post=35146"}],"curies":[{"name":"wp","href":"https:\/\/api.w.org\/{rel}","templated":true}]}}