{"id":35080,"date":"2024-07-10T11:19:26","date_gmt":"2024-07-10T08:19:26","guid":{"rendered":"https:\/\/optiumgrupp.ee\/?post_type=product&#038;p=35080"},"modified":"2024-07-10T13:13:04","modified_gmt":"2024-07-10T10:13:04","slug":"clariti-multifocal1-paevased-kontaktlaatsed-30tk-pk","status":"publish","type":"product","link":"https:\/\/optiumgrupp.ee\/ru\/product\/clariti-multifocal1-paevased-kontaktlaatsed-30tk-pk\/","title":{"rendered":"Clariti Multifocal<br><span style=\"font-weight:normal\"><small><\/small><\/font><br>1-\u0434\u043d\u0435\u0432\u043d\u044b\u0435 <br>\u043a\u043e\u043d\u0442\u0430\u043a\u0442\u043d\u044b\u0435 \u043b\u0438\u043d\u0437\u044b (30 \u0448\u0442.\/\u0443\u043f.)"},"content":{"rendered":"<p>Clariti 1 day multifocal\u00a0on silikoonh\u00fcdro\u00adgeelsed kontaktl\u00e4\u00e4tsed, mille igap\u00e4evane asenduskava on toodetud\u00a0<a href=\"https:\/\/www.alensa.ee\/cooper-vision.html\">CooperVisioni<\/a>\u00a0poolt, et parandada presb\u00fcoopiat. Nende hingav materjal ja WetLoc-tehnoloogia v\u00f5imaldavad l\u00e4\u00e4tsedel mitte ainult varustada Teie silmi tervisliku hapniku annusega, vaid hoiab neid terve p\u00e4eva niiske. Sisaldab\u00a030 l\u00e4\u00e4tse.<\/p>\n<p><span class=\"jj-text\">Clariti 1 Day multifocal\u00a0on valmistatud silikoonh\u00fcdro\u00adgeelist. See k\u00f5rgelt arenenud materjal hoiab niiskust, pakkudes samas sarvkestale palju hapnikku. See hoiab Teie silmad terved.<\/span><\/p>\n<p><span class=\"jj-text\">WetLoc\u00ae tehnoloogia\u00a0aitab kogu p\u00e4eva mugavustundele, levitades ja vabastades sisseehitatud niiskust pidevalt kogu p\u00e4eva v\u00e4ltel.<\/span><\/p>\n<p><span class=\"jj-text\">Clariti 1 Day multifocal\u00a0l\u00e4\u00e4tsedel on sisseehitatud\u00a0UVA- ja UVB-filter, mis kaitseb osa Teie silmadest kahjulike p\u00e4ikesekiirte eest. Pidage meeles, et kontaktl\u00e4\u00e4ts ei kaitse silmi t\u00e4ielikult. Seda suudavad ainult hea p\u00e4ikeseprillid.<\/span><\/p>\n<p>ADD vahemikud K\u00f5rge (+2.50D &#8211; +3.00D), Madal (MAX ADD +2.25D)<\/p>\n<p>\u0418\u043d\u0441\u0442\u0440\u0443\u043a\u0446\u0438\u044e \u043f\u043e \u043f\u043e\u043b\u044c\u0437\u043e\u0432\u0430\u043d\u0438\u044e \u043a\u043e\u043d\u0442\u0430\u043a\u0442\u043d\u044b\u043c\u0438 \u043b\u0438\u043d\u0437\u0430\u043c\u0438 \u043d\u0430\u0439\u0434\u0435\u0442\u0435\u00a0<a href=\"https:\/\/new.optiumgrupp.ee\/laatsekandja-meelespea\/\">\u0417\u0414\u0415\u0421\u042c<\/a><\/p>","protected":false},"excerpt":{"rendered":"<p>Clariti daily disposable multifocal l\u00e4\u00e4tsed on \u00fchep\u00e4evased silikoonh\u00fcdro\u00adgeelsed kontaktl\u00e4\u00e4tsed, mis on loodud firmalt CooperVision presb\u00fcoopia korrigeerimiseks. L\u00e4\u00e4tsi peetakse \u00fclimugavateks ja need sobivad ideaalselt 98% kasutajatest, kellele silmahooldusspet\u00adsialist on neid soovitanud.<\/p>\n<p>Tellimusl\u00e4\u00e4tsede tarneaeg 3-4 n\u00e4dalat.<\/p>\n<p>&nbsp;<\/p>","protected":false},"featured_media":39005,"comment_status":"closed","ping_status":"closed","template":"","meta":[],"product_cat":[32,31,19],"product_tag":[],"class_list":{"0":"post-35080","1":"product","2":"type-product","3":"status-publish","4":"has-post-thumbnail","6":"product_cat-1-paevased-kontaktlaatsed","7":"product_cat-cooper-vision","8":"product_cat-kontaktlaatsed","9":"pa_add-multi-korge","10":"pa_add-multi-madal","12":"first","13":"instock","14":"shipping-taxable","15":"purchasable","16":"product-type-variable"},"_links":{"self":[{"href":"https:\/\/optiumgrupp.ee\/ru\/wp-json\/wp\/v2\/product\/35080","targetHints":{"allow":["GET"]}}],"collection":[{"href":"https:\/\/optiumgrupp.ee\/ru\/wp-json\/wp\/v2\/product"}],"about":[{"href":"https:\/\/optiumgrupp.ee\/ru\/wp-json\/wp\/v2\/types\/product"}],"replies":[{"embeddable":true,"href":"https:\/\/optiumgrupp.ee\/ru\/wp-json\/wp\/v2\/comments?post=35080"}],"wp:featuredmedia":[{"embeddable":true,"href":"https:\/\/optiumgrupp.ee\/ru\/wp-json\/wp\/v2\/media\/39005"}],"wp:attachment":[{"href":"https:\/\/optiumgrupp.ee\/ru\/wp-json\/wp\/v2\/media?parent=35080"}],"wp:term":[{"taxonomy":"product_cat","embeddable":true,"href":"https:\/\/optiumgrupp.ee\/ru\/wp-json\/wp\/v2\/product_cat?post=35080"},{"taxonomy":"product_tag","embeddable":true,"href":"https:\/\/optiumgrupp.ee\/ru\/wp-json\/wp\/v2\/product_tag?post=35080"}],"curies":[{"name":"wp","href":"https:\/\/api.w.org\/{rel}","templated":true}]}}