{"id":34957,"date":"2024-07-10T11:09:26","date_gmt":"2024-07-10T08:09:26","guid":{"rendered":"https:\/\/optiumgrupp.ee\/?post_type=product&#038;p=34957"},"modified":"2024-07-10T11:32:09","modified_gmt":"2024-07-10T08:32:09","slug":"live1-paevased-kontaktlaatsed-30tk-pk-kopeeri","status":"publish","type":"product","link":"https:\/\/optiumgrupp.ee\/ru\/product\/live1-paevased-kontaktlaatsed-30tk-pk-kopeeri\/","title":{"rendered":"Live<br><span style=\"font-weight:normal\"><small><\/small><\/font><br>1-\u0434\u043d\u0435\u0432\u043d\u044b\u0435 <br>\u043a\u043e\u043d\u0442\u0430\u043a\u0442\u043d\u044b\u0435 \u043b\u0438\u043d\u0437\u044b (30 \u0448\u0442.\/\u0443\u043f.)"},"content":{"rendered":"<p>Live\u00ae \u00fchep\u00e4evased l\u00e4\u00e4tsed on populaarse tootja CooperVision\u00ae uusim toode. Need l\u00e4\u00e4tsed on valmistatud noorte t\u00e4iskasvanute jaoks, kes soovivad, et nende kontaktl\u00e4\u00e4tsed oleksid taskukohased, mugavad ja tervislikud. \u00dchep\u00e4evased l\u00e4\u00e4tsed Live\u00ae vastavad k\u00f5igile neile vajadustele, et v\u00f5imaldada kasutajal elada probleemivaba elu.<\/p>\n<p>Nende igap\u00e4evane asendamise ajakava annab v\u00f5imaluse hoolitseda l\u00e4\u00e4tsede eest v\u00e4hem. Teil pole vaja mingeid lahendusi ega juhtumeid. See muudab need l\u00e4\u00e4tsed ideaalseks reisimiseks ja sportimiseks.<br \/>\nSilikoonh\u00fcdro\u00adgeelmaterjal, millest Live\u00ae l\u00e4\u00e4tsi valmistatakse, tagab Teie sarvkestale kogu p\u00e4eva jooksul optimaalse ja tervisliku hapnikuvarustuse. Nende l\u00e4\u00e4tsede hapniku l\u00e4bilaskvus on 86 Dk\/t.<br \/>\nL\u00e4\u00e4tses sisalduv suur vee hulk (56%) koos AquaGen\u00ae tehnoloogiaga tagab t\u00e4iendava kandmismugavuse &#8211; isegi pikkadel p\u00e4evadel. Pole ohtu, et l\u00e4\u00e4tse materjal kuivab .<br \/>\nLive\u00ae l\u00e4\u00e4tsedes on sisseehitatud UV-filter, mis kaitseb Teie silmi kahjuliku p\u00e4ikesevalguse eest igasuguse \u00f5ues viibimise ajal. Live\u00ae-l\u00e4\u00e4tsede UV-filter neelab 98% kogu UVB-kiirgusest ja 78% kogu UVA-kiirgusest . (Kontaktl\u00e4\u00e4tsed ei kata kogu silma pinda, nii et \u00fchendage l\u00e4\u00e4tsed kindlasti p\u00e4ikeseprillidega. Ainult see tagab 100% UV-kaitse.)<\/p>\n<p>\u0418\u043d\u0441\u0442\u0440\u0443\u043a\u0446\u0438\u044e \u043f\u043e \u043f\u043e\u043b\u044c\u0437\u043e\u0432\u0430\u043d\u0438\u044e \u043a\u043e\u043d\u0442\u0430\u043a\u0442\u043d\u044b\u043c\u0438 \u043b\u0438\u043d\u0437\u0430\u043c\u0438 \u043d\u0430\u0439\u0434\u0435\u0442\u0435\u00a0<a href=\"https:\/\/new.optiumgrupp.ee\/laatsekandja-meelespea\/\">\u0417\u0414\u0415\u0421\u042c<\/a><\/p>","protected":false},"excerpt":{"rendered":"<p>Live\u00ae \u00fchep\u00e4evased silikoonh\u00fcdro\u00adgeelsed kontaktl\u00e4\u00e4tsed on\u00a0<strong>mugavuse ja hea hinna kombinatsioon<\/strong>. Kui olete aktiine, v\u00f5ib Live\u00ae \u00fchep\u00e4evased l\u00e4\u00e4tsed saada Teie jaoks ideaalseks partneriks &#8211; l\u00e4hi- ja kaugn\u00e4gemise korrigeerimiseks.<\/p>\n<p>Tellimusl\u00e4\u00e4tsede tarneaeg 3-4 n\u00e4dalat.<\/p>\n<p>&nbsp;<\/p>","protected":false},"featured_media":35079,"comment_status":"closed","ping_status":"closed","template":"","meta":[],"product_cat":[32,31,19],"product_tag":[],"class_list":{"0":"post-34957","1":"product","2":"type-product","3":"status-publish","4":"has-post-thumbnail","6":"product_cat-1-paevased-kontaktlaatsed","7":"product_cat-cooper-vision","8":"product_cat-kontaktlaatsed","10":"first","11":"instock","12":"shipping-taxable","13":"purchasable","14":"product-type-variable"},"_links":{"self":[{"href":"https:\/\/optiumgrupp.ee\/ru\/wp-json\/wp\/v2\/product\/34957","targetHints":{"allow":["GET"]}}],"collection":[{"href":"https:\/\/optiumgrupp.ee\/ru\/wp-json\/wp\/v2\/product"}],"about":[{"href":"https:\/\/optiumgrupp.ee\/ru\/wp-json\/wp\/v2\/types\/product"}],"replies":[{"embeddable":true,"href":"https:\/\/optiumgrupp.ee\/ru\/wp-json\/wp\/v2\/comments?post=34957"}],"wp:featuredmedia":[{"embeddable":true,"href":"https:\/\/optiumgrupp.ee\/ru\/wp-json\/wp\/v2\/media\/35079"}],"wp:attachment":[{"href":"https:\/\/optiumgrupp.ee\/ru\/wp-json\/wp\/v2\/media?parent=34957"}],"wp:term":[{"taxonomy":"product_cat","embeddable":true,"href":"https:\/\/optiumgrupp.ee\/ru\/wp-json\/wp\/v2\/product_cat?post=34957"},{"taxonomy":"product_tag","embeddable":true,"href":"https:\/\/optiumgrupp.ee\/ru\/wp-json\/wp\/v2\/product_tag?post=34957"}],"curies":[{"name":"wp","href":"https:\/\/api.w.org\/{rel}","templated":true}]}}