{"id":34821,"date":"2024-07-10T10:54:26","date_gmt":"2024-07-10T07:54:26","guid":{"rendered":"https:\/\/optiumgrupp.ee\/?post_type=product&#038;p=34821"},"modified":"2024-07-10T11:08:19","modified_gmt":"2024-07-10T08:08:19","slug":"myday1-paevased-kontaktlaatsed-30tk-pk","status":"publish","type":"product","link":"https:\/\/optiumgrupp.ee\/ru\/product\/myday1-paevased-kontaktlaatsed-30tk-pk\/","title":{"rendered":"MyDay<br><span style=\"font-weight:normal\"><small><\/small><\/font><br>1-\u0434\u043d\u0435\u0432\u043d\u044b\u0435 <br>\u043a\u043e\u043d\u0442\u0430\u043a\u0442\u043d\u044b\u0435 \u043b\u0438\u043d\u0437\u044b (30 \u0448\u0442.\/\u0443\u043f.)"},"content":{"rendered":"<p class=\"trademark-replaced\"><span>MyDay\u00a0<\/span><sup><span>\u00ae<\/span><\/sup><span> \u00fchep\u00e4evased kontaktl\u00e4\u00e4tsed<\/span><\/p>\n<div class=\"body-item cv-product__body cv-product--full__body field_type--text_with_summary even flexible-page__body\">\n<p><span>CooperVisioni igap\u00e4evased <\/span><span>\u00a0MyDay\u00ae\u00a0kontaktl\u00e4\u00e4tsed on k\u00f5igi aegade pehmeimad silikoonh\u00fcdrogeeli l\u00e4\u00e4tsed. <\/span><span>Need on ka maailma esimesed 1-p\u00e4evased kontaktl\u00e4\u00e4tsed, mis on valmistatud tehnoloogiaga CooperVision\u00a0<\/span><sup><span>\u00ae<\/span><\/sup><span>\u00a0Aquaform\u00a0<\/span><strong><sup><span>\u00ae<\/span><\/sup><\/strong><span> , mis aitavad hoida teie silmad selged ja valged ning tunnevad end mugavalt terve p\u00e4eva. P\u00e4evase \u00fchekordse kasutusega MyDay abil olete valmis oma p\u00e4eva v\u00f5itma.<\/span><\/p>\n<p><span>Lisaks teeme iga USA-s m\u00fc\u00fcdava MyDay kontaktl\u00e4\u00e4tse puhul koost\u00f6\u00f6d Plastic Bank\u00a0<\/span><sup><span>\u00ae-<\/span><\/sup><span> iga , et koguda ja konverteerida nende \u00fclemaailmse v\u00f5rgustiku kaudu v\u00f5rdne kogus plastikut<\/span><span> . Rannikukogukondade kollektsion\u00e4\u00e4rid saavad kogutud materjalide eest lisatasu, mis aitab neil varustada pere esmatarbekaupu, nagu toidukaubad, toiduvalmistamisk\u00fctus, kooli\u00f5pe ja tervisekindlustus. Seega saate MyDay kontaktl\u00e4\u00e4tsedega nautida suurep\u00e4rast n\u00e4gemiskvaliteeti<\/span><span>\u00a0ja mugavat l\u00e4\u00e4tsede kandmise kogemust, muutes samal ajal meie keskkonda.\u00a0<\/span><\/p>\n<\/div>\n<p>\u0418\u043d\u0441\u0442\u0440\u0443\u043a\u0446\u0438\u044e \u043f\u043e \u043f\u043e\u043b\u044c\u0437\u043e\u0432\u0430\u043d\u0438\u044e \u043a\u043e\u043d\u0442\u0430\u043a\u0442\u043d\u044b\u043c\u0438 \u043b\u0438\u043d\u0437\u0430\u043c\u0438 \u043d\u0430\u0439\u0434\u0435\u0442\u0435\u00a0<a href=\"https:\/\/new.optiumgrupp.ee\/laatsekandja-meelespea\/\">\u0417\u0414\u0415\u0421\u042c<\/a><\/p>","protected":false},"excerpt":{"rendered":"<p>MyDay\u00a0p\u00e4evased\u00a0<a href=\"https:\/\/www.alensa.ee\/uhepaevased-laatsed.html\">\u00fchekordseks kasutamiseks<\/a>\u00a0m\u00f5eldud silikoon-h\u00fcdrogeel l\u00e4\u00e4tsed firmalt\u00a0CooperVision. Optimaalne hapnikujuhtivus ning kerge ja h\u00fcgieeniline kasutamine.<\/p>\n<p>Tellimusl\u00e4\u00e4tsede tarneaeg 3-4 n\u00e4dalat.<\/p>\n<p>&nbsp;<\/p>","protected":false},"featured_media":34956,"comment_status":"closed","ping_status":"closed","template":"","meta":[],"product_cat":[32,31,19,882],"product_tag":[],"class_list":{"0":"post-34821","1":"product","2":"type-product","3":"status-publish","4":"has-post-thumbnail","6":"product_cat-1-paevased-kontaktlaatsed","7":"product_cat-cooper-vision","8":"product_cat-kontaktlaatsed","9":"product_cat-myday","11":"first","12":"instock","13":"shipping-taxable","14":"purchasable","15":"product-type-variable"},"_links":{"self":[{"href":"https:\/\/optiumgrupp.ee\/ru\/wp-json\/wp\/v2\/product\/34821","targetHints":{"allow":["GET"]}}],"collection":[{"href":"https:\/\/optiumgrupp.ee\/ru\/wp-json\/wp\/v2\/product"}],"about":[{"href":"https:\/\/optiumgrupp.ee\/ru\/wp-json\/wp\/v2\/types\/product"}],"replies":[{"embeddable":true,"href":"https:\/\/optiumgrupp.ee\/ru\/wp-json\/wp\/v2\/comments?post=34821"}],"wp:featuredmedia":[{"embeddable":true,"href":"https:\/\/optiumgrupp.ee\/ru\/wp-json\/wp\/v2\/media\/34956"}],"wp:attachment":[{"href":"https:\/\/optiumgrupp.ee\/ru\/wp-json\/wp\/v2\/media?parent=34821"}],"wp:term":[{"taxonomy":"product_cat","embeddable":true,"href":"https:\/\/optiumgrupp.ee\/ru\/wp-json\/wp\/v2\/product_cat?post=34821"},{"taxonomy":"product_tag","embeddable":true,"href":"https:\/\/optiumgrupp.ee\/ru\/wp-json\/wp\/v2\/product_tag?post=34821"}],"curies":[{"name":"wp","href":"https:\/\/api.w.org\/{rel}","templated":true}]}}