{"id":28961,"date":"2024-07-08T11:33:20","date_gmt":"2024-07-08T08:33:20","guid":{"rendered":"https:\/\/optiumgrupp.ee\/?post_type=product&#038;p=28961"},"modified":"2024-07-08T15:48:49","modified_gmt":"2024-07-08T12:48:49","slug":"dailies-precision130tk-pk-1-paevased-silikoonhudrogeellaatsed","status":"publish","type":"product","link":"https:\/\/optiumgrupp.ee\/ru\/product\/dailies-precision130tk-pk-1-paevased-silikoonhudrogeellaatsed\/","title":{"rendered":"DAILIES <br>Precision1<br><p><span style=\"font-weight:normal\">(30\u0448\u0442\/\u0443\u043f) 1-\u0434\u043d\u0435\u0432\u043d\u044b\u0435 <br>\u0441\u0438\u043b\u0438\u043a\u043e\u043d-\u0433\u0438\u0434\u0440\u043e\u0433\u0435\u043b\u0435\u0432\u044b\u0435 \u043b\u0438\u043d\u0437\u044b<\/small><\/font>"},"content":{"rendered":"<p>PRECISION1<br \/>\nUsaldusv\u00e4\u00e4rne mugavus Teie silmadele<br \/>\nVarem kasutatud Dailies TOTAL1 l\u00e4\u00e4tsede tehnoloogiat, n\u00fc\u00fcd kasutab PRECISION1 t\u00e4iustatud SMARTSURFACE\u00ae tehnoloogiat, mis muudab kontaktl\u00e4\u00e4tsed veetakistavateks. Nende s\u00fcdamik koosneb silikoonh\u00fcdro\u00adgeelmaterjalis\u00adt, mille veesisaldus on 51% , mis tagab k\u00f5rge hapniku l\u00e4bilaskvuse. L\u00e4\u00e4tse pind, mis puutub kokku tundliku silmakudega, on valmistatud klassikalisest h\u00fcdrogeelist, mille veesisaldus on \u00fcle 80%. Selle tulemuseks on kontaktl\u00e4\u00e4ts, mida on \u00fclimugav kanda.<\/p>\n<p>K\u00f5ige tervislikum l\u00e4\u00e4tse valik<br \/>\nKontaktl\u00e4\u00e4tsed PRECISION1 on \u00fchep\u00e4evased &#8211; tavaliselt k\u00f5ige tervislikumad l\u00e4\u00e4tsed. Kasutaja alustab iga p\u00e4ev v\u00e4rskete, steriilsete l\u00e4\u00e4tsedega ja viskab neid \u00e4ra p\u00e4eva l\u00f5pus.<\/p>\n<p>UV-kaitse<br \/>\nNendel l\u00e4\u00e4tsedel on UV-filter, mis blokeerib umbes 90% UVA- ja 99% UVB-kiirte.<br \/>\nSelleks, et Teie silmad oleksid kahjulike p\u00e4ikesekiirte eest t\u00e4iesti kaitstud, kandke ka kvaliteetseid p\u00e4ikeseprille. Te ei tohiks kunagi unustada, et kontaktl\u00e4\u00e4ts katab vaid osa silmast.<\/p>\n<p>\u0418\u043d\u0441\u0442\u0440\u0443\u043a\u0446\u0438\u044e \u043f\u043e \u043f\u043e\u043b\u044c\u0437\u043e\u0432\u0430\u043d\u0438\u044e \u043a\u043e\u043d\u0442\u0430\u043a\u0442\u043d\u044b\u043c\u0438 \u043b\u0438\u043d\u0437\u0430\u043c\u0438 \u043d\u0430\u0439\u0434\u0435\u0442\u0435\u00a0<a href=\"https:\/\/new.optiumgrupp.ee\/laatsekandja-meelespea\/\">\u0417\u0414\u0415\u0421\u042c<\/a><\/p>\n<p>\u0415\u0441\u043b\u0438 \u0432\u0430\u043c \u043d\u0443\u0436\u0435\u043d \u0440\u0435\u0446\u0435\u043f\u0442 \u043d\u0430 \u043a\u043e\u043d\u0442\u0430\u043a\u0442\u043d\u044b\u0435 \u043b\u0438\u043d\u0437\u044b, \u0432\u044b \u043c\u043e\u0436\u0435\u0442\u0435 \u0437\u0430\u043f\u0438\u0441\u0430\u0442\u044c\u0441\u044f \u043d\u0430 \u043f\u0440\u0438\u0435\u043c \u0434\u043b\u044f \u043d\u0430\u0437\u043d\u0430\u0447\u0435\u043d\u0438\u044f \u043a\u043e\u043d\u0442\u0430\u043a\u0442\u043d\u044b\u0445 \u043b\u0438\u043d\u0437 <a href=\"https:\/\/new.optiumgrupp.ee\/registreerimine-nagemiskontrollile\/\">\u0417\u0414\u0415\u0421\u042c<\/a>.<\/p>","protected":false},"excerpt":{"rendered":"<p>PRECISION1 \u00fchep\u00e4evased l\u00e4\u00e4tsed on tunnustatud tootja Alconi \u00fcks uusimaid kvaliteetseid l\u00e4\u00e4tsesid. Need on loodud optimaalse mugavuse ja tervete silmade jaoks.<\/p>\n<p>Kontaktl\u00e4\u00e4tsede tellimusaeg\u00a0 \u00a0-0,5&#8230;-10,00 dioptrit kuni 7 t\u00f6\u00f6p\u00e4eva<br \/>\nKontaktl\u00e4\u00e4tsede tellimusaeg\u00a0 -10,50&#8230;12,00 dioptrit 3-4 n\u00e4dalat<br \/>\nKontaktl\u00e4\u00e4tsede tellimusaeg\u00a0 \u00a0+0,5&#8230;+6,00 dioptrit 3-4 n\u00e4dalat<\/p>\n<p>&nbsp;<\/p>","protected":false},"featured_media":31453,"comment_status":"closed","ping_status":"closed","template":"","meta":[],"product_cat":[32,869,860,19],"product_tag":[],"class_list":{"0":"post-28961","1":"product","2":"type-product","3":"status-publish","4":"has-post-thumbnail","6":"product_cat-1-paevased-kontaktlaatsed","7":"product_cat-alcon","8":"product_cat-dailies","9":"product_cat-kontaktlaatsed","11":"first","12":"instock","13":"shipping-taxable","14":"purchasable","15":"product-type-variable"},"_links":{"self":[{"href":"https:\/\/optiumgrupp.ee\/ru\/wp-json\/wp\/v2\/product\/28961","targetHints":{"allow":["GET"]}}],"collection":[{"href":"https:\/\/optiumgrupp.ee\/ru\/wp-json\/wp\/v2\/product"}],"about":[{"href":"https:\/\/optiumgrupp.ee\/ru\/wp-json\/wp\/v2\/types\/product"}],"replies":[{"embeddable":true,"href":"https:\/\/optiumgrupp.ee\/ru\/wp-json\/wp\/v2\/comments?post=28961"}],"wp:featuredmedia":[{"embeddable":true,"href":"https:\/\/optiumgrupp.ee\/ru\/wp-json\/wp\/v2\/media\/31453"}],"wp:attachment":[{"href":"https:\/\/optiumgrupp.ee\/ru\/wp-json\/wp\/v2\/media?parent=28961"}],"wp:term":[{"taxonomy":"product_cat","embeddable":true,"href":"https:\/\/optiumgrupp.ee\/ru\/wp-json\/wp\/v2\/product_cat?post=28961"},{"taxonomy":"product_tag","embeddable":true,"href":"https:\/\/optiumgrupp.ee\/ru\/wp-json\/wp\/v2\/product_tag?post=28961"}],"curies":[{"name":"wp","href":"https:\/\/api.w.org\/{rel}","templated":true}]}}