{"id":19482,"date":"2024-07-05T15:40:12","date_gmt":"2024-07-05T12:40:12","guid":{"rendered":"https:\/\/optiumgrupp.ee\/?post_type=product&#038;p=19482"},"modified":"2024-07-08T11:25:56","modified_gmt":"2024-07-08T08:25:56","slug":"dailies-total-30-for-astigmatism3tk-pk-1-kuulised-silikoonhudrogeellaatsed","status":"publish","type":"product","link":"https:\/\/optiumgrupp.ee\/ru\/product\/dailies-total-30-for-astigmatism3tk-pk-1-kuulised-silikoonhudrogeellaatsed\/","title":{"rendered":"DAILIES <br>Total 30 for Astigmatism<br><p><span style=\"font-weight:normal\">(3tk\/pk) 1-kuulised <br>\u0441\u0438\u043b\u0438\u043a\u043e\u043d-\u0433\u0438\u0434\u0440\u043e\u0433\u0435\u043b\u0435\u0432\u044b\u0435 \u043b\u0438\u043d\u0437\u044b<\/small><\/font>"},"content":{"rendered":"<p>1-kuulised\u00a0 silikoonh\u00fcdrogeell\u00e4\u00e4tsed (3tk\/pk).<\/p>\n<p>Total30 kuuajalised l\u00e4\u00e4tsed on Water Gradient tehnoloogiaga, mis t\u00e4hendab, et nende l\u00e4\u00e4tsede silmaga kokku puutuvad sisemine ja v\u00e4limine pind koosnevad peaaegu ainult veest. Tulemuseks on tunne, nagu l\u00e4\u00e4tsesid ei olekski silmas, isegi kuu l\u00f5pus.<\/p>\n<p>Kaks innovaatilist tehnoloogiat, mis tagavad \u00fclima mugavuse:<\/p>\n<p>WATER GRADIENT: l\u00e4\u00e4tsematerjali sees on niiskust 55%, kuid silmaga kokku puutuvad sisemine ja v\u00e4limine pind koosnevad peaaegu 100% veest. Tulemuseks on\u00a0tunne, nagu sa ei kannakski l\u00e4\u00e4tsesid\u00a0\u2013 ka kuu viimastel p\u00e4evadel. T\u00e4nu\u00a0<em>Water Gradient<\/em>\u00a0tehnoloogiale on tagatud suurep\u00e4rane kandmismugavus.<\/p>\n<p>CELLIGENT<sup>\u00ae<\/sup>\u00a0tehnoloogiaga l\u00e4\u00e4tsepind on\u00a0vastupidav, libe ning imiteerib loomulikku sarvkesta. Nn \u201cnutikad osakesed\u201d loovad l\u00e4\u00e4tsepinnal keskkonna, kuhu lipiididel ja bakteritel on raske kinnituda.<\/p>\n<p>Alconi uuemad toorilised l\u00e4\u00e4tsed on t\u00f5estatud\u00a0PRECISION BALANCE 8|4\u00a0l\u00e4\u00e4tse disainiga, mis tagab selle, et l\u00e4\u00e4tsed p\u00fcsivad kogu p\u00e4eva v\u00e4ltel \u00fches asendis silmas, tagades ideaalse n\u00e4gemisteravuse.<\/p>\n<ul>\n<li>SmartTears\u2122 tehnoloogia. Vabastab sinu oma pisarates leiduva koostisaine, mis aitab stabiliseerida pisarakile lipiidikihti.<\/li>\n<li>UV\/HEVL filtreerimine. Blokeerib enam kui 98% UVA- ja 99% UVB-kiirtest ning v\u00e4hendab v\u00f5rkkestani j\u00f5udva suure energiaga n\u00e4htava valguse (HEVL) kiirgust umbes 33%. UV-kiirgust neelavad kontaktl\u00e4\u00e4tsed EI asenda UV-kiirguse eest kaitsvaid p\u00e4ikeseprille, kuna l\u00e4\u00e4tsed ei kata t\u00e4ielikult silma ega \u00fcmbritsevat piirkonda.<\/li>\n<\/ul>\n<p>\u0418\u043d\u0441\u0442\u0440\u0443\u043a\u0446\u0438\u044e \u043f\u043e \u043f\u043e\u043b\u044c\u0437\u043e\u0432\u0430\u043d\u0438\u044e \u043a\u043e\u043d\u0442\u0430\u043a\u0442\u043d\u044b\u043c\u0438 \u043b\u0438\u043d\u0437\u0430\u043c\u0438 \u043d\u0430\u0439\u0434\u0435\u0442\u0435\u00a0<a href=\"https:\/\/new.optiumgrupp.ee\/laatsekandja-meelespea\/\">\u0417\u0414\u0415\u0421\u042c<\/a><\/p>\n<p>\u0415\u0441\u043b\u0438 \u0432\u0430\u043c \u043d\u0443\u0436\u0435\u043d \u0440\u0435\u0446\u0435\u043f\u0442 \u043d\u0430 \u043a\u043e\u043d\u0442\u0430\u043a\u0442\u043d\u044b\u0435 \u043b\u0438\u043d\u0437\u044b, \u0432\u044b \u043c\u043e\u0436\u0435\u0442\u0435 \u0437\u0430\u043f\u0438\u0441\u0430\u0442\u044c\u0441\u044f \u043d\u0430 \u043f\u0440\u0438\u0435\u043c \u0434\u043b\u044f \u043d\u0430\u0437\u043d\u0430\u0447\u0435\u043d\u0438\u044f \u043a\u043e\u043d\u0442\u0430\u043a\u0442\u043d\u044b\u0445 \u043b\u0438\u043d\u0437 <a href=\"https:\/\/new.optiumgrupp.ee\/registreerimine-nagemiskontrollile\/\">\u0417\u0414\u0415\u0421\u042c<\/a>.<\/p>","protected":false},"excerpt":{"rendered":"<p>Uued kaasaegsed kuuajalised silikoonh\u00fcdrogeell\u00e4\u00e4tsed astigmatismi korrigeerimiseks Alconilt! Total30 kuuajalised l\u00e4\u00e4tsed on Water Gradient tehnoloogiaga, mis t\u00e4hendab, et nende l\u00e4\u00e4tsede silmaga kokku puutuvad sisemine ja v\u00e4limine pind koosnevad peaaegu ainult veest. Tulemuseks on tunne, nagu l\u00e4\u00e4tsesid ei olekski silmas, isegi kuu l\u00f5pus.<\/p>\n<p>Kontaktl\u00e4\u00e4tsede tellimusaeg\u00a0 3-4 n\u00e4dalat<\/p>\n<p>&nbsp;<\/p>","protected":false},"featured_media":20111,"comment_status":"closed","ping_status":"closed","template":"","meta":[],"product_cat":[35,869,860,19],"product_tag":[],"class_list":{"0":"post-19482","1":"product","2":"type-product","3":"status-publish","4":"has-post-thumbnail","6":"product_cat-1-kuulised-varvilised-kontaktlaatsed","7":"product_cat-alcon","8":"product_cat-dailies","9":"product_cat-kontaktlaatsed","11":"first","12":"instock","13":"shipping-taxable","14":"purchasable","15":"product-type-variable"},"_links":{"self":[{"href":"https:\/\/optiumgrupp.ee\/ru\/wp-json\/wp\/v2\/product\/19482","targetHints":{"allow":["GET"]}}],"collection":[{"href":"https:\/\/optiumgrupp.ee\/ru\/wp-json\/wp\/v2\/product"}],"about":[{"href":"https:\/\/optiumgrupp.ee\/ru\/wp-json\/wp\/v2\/types\/product"}],"replies":[{"embeddable":true,"href":"https:\/\/optiumgrupp.ee\/ru\/wp-json\/wp\/v2\/comments?post=19482"}],"wp:featuredmedia":[{"embeddable":true,"href":"https:\/\/optiumgrupp.ee\/ru\/wp-json\/wp\/v2\/media\/20111"}],"wp:attachment":[{"href":"https:\/\/optiumgrupp.ee\/ru\/wp-json\/wp\/v2\/media?parent=19482"}],"wp:term":[{"taxonomy":"product_cat","embeddable":true,"href":"https:\/\/optiumgrupp.ee\/ru\/wp-json\/wp\/v2\/product_cat?post=19482"},{"taxonomy":"product_tag","embeddable":true,"href":"https:\/\/optiumgrupp.ee\/ru\/wp-json\/wp\/v2\/product_tag?post=19482"}],"curies":[{"name":"wp","href":"https:\/\/api.w.org\/{rel}","templated":true}]}}