{"id":190,"date":"2023-03-09T17:07:33","date_gmt":"2023-03-09T17:07:33","guid":{"rendered":"https:\/\/new.optiumgrupp.ee\/?post_type=product&#038;p=190"},"modified":"2025-11-17T09:43:34","modified_gmt":"2025-11-17T07:43:34","slug":"alovis-gel-10-ml-steriilne-niisutav-libestav","status":"publish","type":"product","link":"https:\/\/optiumgrupp.ee\/ru\/product\/alovis-gel-10-ml-steriilne-niisutav-libestav\/","title":{"rendered":"ALOVIS GEL <br>\u0413\u043b\u0430\u0437\u043d\u044b\u0435 \u043a\u0430\u043f\u043b\u0438 10 \u043c\u043b <br><p><span style=\"font-weight:normal\">\u0421\u0442\u0435\u0440\u0438\u043b\u044c\u043d\u044b\u0439, \u0443\u0432\u043b\u0430\u0436\u043d\u044f\u044e\u0449\u0438\u0439 <br>\u0438 \u0441\u043c\u0430\u0437\u043e\u0447\u043d\u044b\u0439<\/small><\/font>"},"content":{"rendered":"<p>ALOVIS (10\u043c\u043b).<br \/>\n1. \u0421\u0442\u0435\u0440\u0438\u043b\u044c\u043d\u044b\u0439 \u0443\u0432\u043b\u0430\u0436\u043d\u044f\u044e\u0449\u0438\u0439 \u0441\u043c\u0430\u0437\u044b\u0432\u0430\u044e\u0449\u0438\u0439 \u0440\u0430\u0441\u0442\u0432\u043e\u0440, \u0441\u043e\u0434\u0435\u0440\u0436\u0430\u0449\u0438\u0439 0,3% \u0433\u0438\u0430\u043b\u0443\u0440\u043e\u043d\u043e\u0432\u043e\u0439 \u043a\u0438\u0441\u043b\u043e\u0442\u044b \u0438 \u0430\u043b\u043e\u044d \u0432\u0435\u0440\u0430.<br \/>\n\u041f\u0440\u0435\u0434\u043d\u0430\u0437\u043d\u0430\u0447\u0435\u043d \u0434\u043b\u044f \u0443\u0432\u043b\u0430\u0436\u043d\u0435\u043d\u0438\u044f \u0441\u0443\u0445\u0438\u0445 \u0433\u043b\u0430\u0437 \u0438 \u0443\u0434\u0430\u043b\u0435\u043d\u0438\u044f \u0438\u043d\u043e\u0440\u043e\u0434\u043d\u044b\u0445 \u0442\u0435\u043b \u0438\u0437 \u0433\u043b\u0430\u0437\u0430.<br \/>\n\u041f\u043e\u0434\u0445\u043e\u0434\u0438\u0442 \u0434\u043b\u044f \u0438\u0441\u043f\u043e\u043b\u044c\u0437\u043e\u0432\u0430\u043d\u0438\u044f \u0441 \u043a\u043e\u043d\u0442\u0430\u043a\u0442\u043d\u044b\u043c\u0438 \u043b\u0438\u043d\u0437\u0430\u043c\u0438.<br \/>\n2. \u041f\u0440\u0438\u043c\u0435\u043d\u0435\u043d\u0438\u0435: \u0437\u0430\u043a\u0430\u043f\u044b\u0432\u0430\u0442\u044c \u0432 \u0433\u043b\u0430\u0437\u0430 2-3 \u0440\u0430\u0437\u0430 \u0432 \u0434\u0435\u043d\u044c \u0438\u043b\u0438 \u043f\u043e \u043c\u0435\u0440\u0435 \u043d\u0435\u043e\u0431\u0445\u043e\u0434\u0438\u043c\u043e\u0441\u0442\u0438.<br \/>\n\u0414\u043b\u044f \u0442\u0435\u0445, \u043a\u0442\u043e \u043d\u043e\u0441\u0438\u0442 \u043a\u043e\u043d\u0442\u0430\u043a\u0442\u043d\u044b\u0435 \u043b\u0438\u043d\u0437\u044b: \u043d\u0430\u043d\u0435\u0441\u0438\u0442\u0435 2-3 \u043a\u0430\u043f\u043b\u0438 \u043d\u0430 \u043b\u0438\u043d\u0437\u044b \u0434\u043e \u0438\u043b\u0438 \u043f\u043e\u0441\u043b\u0435 \u0442\u043e\u0433\u043e, \u043a\u0430\u043a \u043d\u0430\u0434\u0435\u043d\u0435\u0442\u0435 \u0438\u0445 \u043d\u0430 \u0433\u043b\u0430\u0437\u0430.<br \/>\n3. \u0421\u043e\u0441\u0442\u0430\u0432: \u0433\u0435\u043b\u044c \u0430\u043b\u043e\u044d \u0432\u0435\u0440\u0430, \u0433\u0438\u0430\u043b\u0443\u0440\u043e\u043d\u0430\u0442 \u043d\u0430\u0442\u0440\u0438\u044f 0,3%. \u0414\u0438\u043d\u0430\u0442\u0440\u0438\u0435\u0432\u0430\u044f \u0441\u043e\u043b\u044c EDTA, \u0438\u0437\u043e\u0442\u043e\u043d\u0438\u0447\u0435\u0441\u043a\u0438\u0439 \u0440\u0430\u0441\u0442\u0432\u043e\u0440 pH 7,2<br \/>\n4. \u041f\u0440\u0435\u0434\u0443\u043f\u0440\u0435\u0436\u0434\u0435\u043d\u0438\u0435: \u041f\u0440\u0438 \u043f\u043e\u044f\u0432\u043b\u0435\u043d\u0438\u0438 \u0440\u0430\u0437\u0434\u0440\u0430\u0436\u0435\u043d\u0438\u044f \u043f\u0440\u0435\u043a\u0440\u0430\u0442\u0438\u0442\u0435 \u0438\u0441\u043f\u043e\u043b\u044c\u0437\u043e\u0432\u0430\u043d\u0438\u0435 \u043a\u0430\u043f\u0435\u043b\u044c \u0438 \u043e\u0431\u0440\u0430\u0442\u0438\u0442\u0435\u0441\u044c \u043a \u043e\u0444\u0442\u0430\u043b\u044c\u043c\u043e\u043b\u043e\u0433\u0443.<br \/>\n\u041d\u0435 \u0438\u0441\u043f\u043e\u043b\u044c\u0437\u0443\u0439\u0442\u0435 \u0440\u0430\u0441\u0442\u0432\u043e\u0440, \u0435\u0441\u043b\u0438 \u0443 \u0432\u0430\u0441 \u0430\u043b\u043b\u0435\u0440\u0433\u0438\u044f \u043d\u0430 \u043a\u0430\u043a\u043e\u0439-\u043b\u0438\u0431\u043e \u0438\u0437 \u0438\u043d\u0433\u0440\u0435\u0434\u0438\u0435\u043d\u0442\u043e\u0432 \u044d\u0442\u043e\u0433\u043e \u043f\u0440\u043e\u0434\u0443\u043a\u0442\u0430.<br \/>\n\u041f\u043b\u043e\u0442\u043d\u043e \u0437\u0430\u043a\u0440\u044b\u0432\u0430\u0439\u0442\u0435 \u0444\u043b\u0430\u043a\u043e\u043d \u043f\u043e\u0441\u043b\u0435 \u043a\u0430\u0436\u0434\u043e\u0433\u043e \u0438\u0441\u043f\u043e\u043b\u044c\u0437\u043e\u0432\u0430\u043d\u0438\u044f.<br \/>\n\u0418\u0437\u0431\u0435\u0433\u0430\u0439\u0442\u0435 \u043f\u0440\u0438\u043a\u043e\u0441\u043d\u043e\u0432\u0435\u043d\u0438\u044f \u043d\u043e\u0441\u0438\u043a\u0430 \u0444\u043b\u0430\u043a\u043e\u043d\u0430 \u043a \u0440\u0443\u043a\u0430\u043c, \u0433\u043b\u0430\u0437\u0430\u043c \u0438 \u043a \u0434\u0440\u0443\u0433\u0438\u043c\u0438 \u043f\u043e\u0432\u0435\u0440\u0445\u043d\u043e\u0441\u0442\u044f\u043c\u0438.<br \/>\n\u0425\u0440\u0430\u043d\u0438\u0442\u044c \u043f\u0440\u0438 \u0442\u0435\u043c\u043f\u0435\u0440\u0430\u0442\u0443\u0440\u0435 5-35 \u0433\u0440\u0430\u0434\u0443\u0441\u043e\u0432 \u0421 \u0432 \u0437\u0430\u0449\u0438\u0449\u0435\u043d\u043d\u043e\u043c \u043e\u0442 \u0441\u0432\u0435\u0442\u0430 \u043c\u0435\u0441\u0442\u0435.<br \/>\n\u0425\u0440\u0430\u043d\u0438\u0442\u044c \u0432 \u043d\u0435\u0434\u043e\u0441\u0442\u0443\u043f\u043d\u043e\u043c \u0434\u043b\u044f \u0434\u0435\u0442\u0435\u0439 \u043c\u0435\u0441\u0442\u0435.<br \/>\n\u041d\u0435 \u0433\u043b\u043e\u0442\u0430\u0442\u044c.<br \/>\n\u041d\u0435 \u0438\u0441\u043f\u043e\u043b\u044c\u0437\u043e\u0432\u0430\u0442\u044c \u043f\u043e\u0441\u043b\u0435 \u0438\u0441\u0442\u0435\u0447\u0435\u043d\u0438\u044f \u0441\u0440\u043e\u043a\u0430 \u0433\u043e\u0434\u043d\u043e\u0441\u0442\u0438.<br \/>\n\u0418\u0441\u043f\u043e\u043b\u044c\u0437\u043e\u0432\u0430\u0442\u044c \u0432 \u0442\u0435\u0447\u0435\u043d\u0438\u0435 90 \u0434\u043d\u0435\u0439 \u043f\u043e\u0441\u043b\u0435 \u043e\u0442\u043a\u0440\u044b\u0442\u0438\u044f. \u0423\u043f\u0430\u043a\u043e\u0432\u043a\u0430 \u0441\u0442\u0435\u0440\u0438\u043b\u044c\u043d\u0430 \u0434\u043e \u0432\u0441\u043a\u0440\u044b\u0442\u0438\u044f.<br \/>\n5. \u041f\u0440\u043e\u0442\u0438\u0432\u043e\u043f\u043e\u043a\u0430\u0437\u0430\u043d\u0438\u044f: \u043f\u0440\u043e\u0442\u0438\u0432\u043e\u043f\u043e\u043a\u0430\u0437\u0430\u043d\u0438\u0439 \u043d\u0435 \u043e\u0431\u043d\u0430\u0440\u0443\u0436\u0435\u043d\u043e. \u041d\u0435 \u0438\u0441\u043f\u043e\u043b\u044c\u0437\u0443\u0439\u0442\u0435 \u0432 \u0441\u043b\u0443\u0447\u0430\u0435 \u043f\u043e\u0432\u044b\u0448\u0435\u043d\u043d\u043e\u0439 \u0447\u0443\u0432\u0441\u0442\u0432\u0438\u0442\u0435\u043b\u044c\u043d\u043e\u0441\u0442\u0438 \u043a \u043b\u044e\u0431\u043e\u043c\u0443 \u0438\u0437 \u0438\u043d\u0433\u0440\u0435\u0434\u0438\u0435\u043d\u0442\u043e\u0432. \u041d\u0435 \u043f\u0440\u043e\u0442\u0438\u0432\u043e\u043f\u043e\u043a\u0430\u0437\u0430\u043d \u043f\u0440\u0438 \u0433\u043e\u043c\u0435\u043e\u043f\u0430\u0442\u0438\u0447\u0435\u0441\u043a\u043e\u043c \u043b\u0435\u0447\u0435\u043d\u0438\u0438.<\/p>","protected":false},"excerpt":{"rendered":"<p>ALOVIS (10ml). 1. Steriilne, niisutav, libestav, h\u00fcaluroonhapet 0,3% ning Aloe Vera\u2019t sisaldav lahus. M\u00f5eldud kuiva silma niisutamiseks ning v\u00f5\u00f5rkeha silmast eemaldamiseks. Sobib kasutamiseks koos kontaktl\u00e4\u00e4tsedega. 2. Kasutus: Tilgutada silma 2-3 korda p\u00e4evas v\u00f5i vastavalt vajadusele. Kontaktl\u00e4\u00e4tsede kasutajatale: tilgutada 2-3 tilka l\u00e4\u00e4tsedele enne v\u00f5i p\u00e4rast nende silma panekut. 3. Koostis: Aloe Vera geel, naatriumh\u00fcaluronaat 0.3%. Dinaatrium [&hellip;]<\/p>","protected":false},"featured_media":8184,"comment_status":"closed","ping_status":"closed","template":"","meta":[],"product_cat":[38],"product_tag":[],"class_list":{"0":"post-190","1":"product","2":"type-product","3":"status-publish","4":"has-post-thumbnail","6":"product_cat-silmatilgad","8":"first","9":"instock","10":"shipping-taxable","11":"purchasable","12":"product-type-simple"},"_links":{"self":[{"href":"https:\/\/optiumgrupp.ee\/ru\/wp-json\/wp\/v2\/product\/190","targetHints":{"allow":["GET"]}}],"collection":[{"href":"https:\/\/optiumgrupp.ee\/ru\/wp-json\/wp\/v2\/product"}],"about":[{"href":"https:\/\/optiumgrupp.ee\/ru\/wp-json\/wp\/v2\/types\/product"}],"replies":[{"embeddable":true,"href":"https:\/\/optiumgrupp.ee\/ru\/wp-json\/wp\/v2\/comments?post=190"}],"wp:featuredmedia":[{"embeddable":true,"href":"https:\/\/optiumgrupp.ee\/ru\/wp-json\/wp\/v2\/media\/8184"}],"wp:attachment":[{"href":"https:\/\/optiumgrupp.ee\/ru\/wp-json\/wp\/v2\/media?parent=190"}],"wp:term":[{"taxonomy":"product_cat","embeddable":true,"href":"https:\/\/optiumgrupp.ee\/ru\/wp-json\/wp\/v2\/product_cat?post=190"},{"taxonomy":"product_tag","embeddable":true,"href":"https:\/\/optiumgrupp.ee\/ru\/wp-json\/wp\/v2\/product_tag?post=190"}],"curies":[{"name":"wp","href":"https:\/\/api.w.org\/{rel}","templated":true}]}}