{"id":18798,"date":"2024-07-05T15:29:34","date_gmt":"2024-07-05T12:29:34","guid":{"rendered":"https:\/\/optiumgrupp.ee\/?post_type=product&#038;p=18798"},"modified":"2024-07-05T15:42:49","modified_gmt":"2024-07-05T12:42:49","slug":"dailies-total-13tk-pk-1-kulised-silikoonhudrogeellaatsed","status":"publish","type":"product","link":"https:\/\/optiumgrupp.ee\/ru\/product\/dailies-total-13tk-pk-1-kulised-silikoonhudrogeellaatsed\/","title":{"rendered":"DAILIES <br>Total 30<br><p><span style=\"font-weight:normal\">(3tk\/pk) 1-kulised <br>\u0441\u0438\u043b\u0438\u043a\u043e\u043d-\u0433\u0438\u0434\u0440\u043e\u0433\u0435\u043b\u0435\u0432\u044b\u0435 \u043b\u0438\u043d\u0437\u044b<\/small><\/font>"},"content":{"rendered":"<p>1-kuulised\u00a0 silikoonh\u00fcdrogeell\u00e4\u00e4tsed (3tk\/pk).<\/p>\n<p>Total 30 l\u00e4\u00e4tsede puhul on kasutatud kaht innovaatilist tehnoloogiat:<br \/>\n1) WATER GRADIENT: l\u00e4\u00e4tsematerjali sees on niiskust v\u00e4hem, silmaga kokku puutuvad sisemine ja v\u00e4limine pind koosnevad peaaegu ainult veest. Tulemuseks on tunne, nagu sa ei kannakski l\u00e4\u00e4tsesid \u2013 ka kuu viimastel p\u00e4evadel.<br \/>\n2) CELLIGENT tehnoloogiaga l\u00e4\u00e4tsepind on vastupidav, libe ning imiteerib loomulikku sarvkesta. Nn \u201cnutikad osakesed\u201d loovad l\u00e4\u00e4tsepinnal keskkonna, kuhu rasvadel ja bakteritel on raske kinnituda.<\/p>\n<p>Materjal Lehfilcon A (silikoonh\u00fcdrogeel).<\/p>\n<p>Veesisaldus 55%.<\/p>\n<p>Hapniku l\u00e4bikanduvusindeks Dk \/ t = 100.<\/p>\n<p>1. klassi UV-filter,\u00a0 blokeerib 90% UVA- ja 99% UVB-kiirtest.<\/p>\n<p>NB! UV-kaitsega kontaktl\u00e4\u00e4tsed ei asenda UV-kaitsega p\u00e4ikeseprille, kuna nad ei kata t\u00e4ielikult silma ja selle \u00fcmbrust.<\/p>\n<p>Probleemide v\u00e4ltimiseks k\u00fcsi l\u00e4\u00e4tsede kasutusjuhendit optometristilt v\u00f5i silmaarstilt ja palu neil selgitada l\u00e4\u00e4tsede \u00f5iget kandmisre\u017eiimi.<\/p>\n<p>\u0418\u043d\u0441\u0442\u0440\u0443\u043a\u0446\u0438\u044e \u043f\u043e \u043f\u043e\u043b\u044c\u0437\u043e\u0432\u0430\u043d\u0438\u044e \u043a\u043e\u043d\u0442\u0430\u043a\u0442\u043d\u044b\u043c\u0438 \u043b\u0438\u043d\u0437\u0430\u043c\u0438 \u043d\u0430\u0439\u0434\u0435\u0442\u0435\u00a0<a href=\"https:\/\/new.optiumgrupp.ee\/laatsekandja-meelespea\/\">\u0417\u0414\u0415\u0421\u042c<\/a><\/p>\n<p>\u0415\u0441\u043b\u0438 \u0432\u0430\u043c \u043d\u0443\u0436\u0435\u043d \u0440\u0435\u0446\u0435\u043f\u0442 \u043d\u0430 \u043a\u043e\u043d\u0442\u0430\u043a\u0442\u043d\u044b\u0435 \u043b\u0438\u043d\u0437\u044b, \u0432\u044b \u043c\u043e\u0436\u0435\u0442\u0435 \u0437\u0430\u043f\u0438\u0441\u0430\u0442\u044c\u0441\u044f \u043d\u0430 \u043f\u0440\u0438\u0435\u043c \u0434\u043b\u044f \u043d\u0430\u0437\u043d\u0430\u0447\u0435\u043d\u0438\u044f \u043a\u043e\u043d\u0442\u0430\u043a\u0442\u043d\u044b\u0445 \u043b\u0438\u043d\u0437 <a href=\"https:\/\/new.optiumgrupp.ee\/registreerimine-nagemiskontrollile\/\">\u0417\u0414\u0415\u0421\u042c<\/a>.<\/p>","protected":false},"excerpt":{"rendered":"<p>1-kuulised silikoonh\u00fcdrogeell\u00e4\u00e4tsed Dailies Total30 on Ciba Vision\/Alconi uusim toode, milles on \u00fchendatud silikoonh\u00fcdrogeeli k\u00f5rge hapniku l\u00e4bilaskvus h\u00fcdrofiilse geeli erakordse pehmuse ja \u00fclik\u00f5rge veesisaldusega (80%).<\/p>\n<p>Kontaktl\u00e4\u00e4tsede tellimusaeg\u00a0 \u00a0-0,5&#8230;-8,00 dioptrit kuni 7 t\u00f6\u00f6p\u00e4eva<br \/>\nKontaktl\u00e4\u00e4tsede tellimusaeg\u00a0 \u00a0+8,0&#8230; 0,00 ja -8,50&#8230;.-12,00 dioptrit 3-4 n\u00e4dalat<\/p>\n<p>&nbsp;<\/p>","protected":false},"featured_media":18773,"comment_status":"closed","ping_status":"closed","template":"","meta":[],"product_cat":[35,869,860,19],"product_tag":[],"class_list":{"0":"post-18798","1":"product","2":"type-product","3":"status-publish","4":"has-post-thumbnail","6":"product_cat-1-kuulised-varvilised-kontaktlaatsed","7":"product_cat-alcon","8":"product_cat-dailies","9":"product_cat-kontaktlaatsed","11":"first","12":"instock","13":"shipping-taxable","14":"purchasable","15":"product-type-variable"},"_links":{"self":[{"href":"https:\/\/optiumgrupp.ee\/ru\/wp-json\/wp\/v2\/product\/18798","targetHints":{"allow":["GET"]}}],"collection":[{"href":"https:\/\/optiumgrupp.ee\/ru\/wp-json\/wp\/v2\/product"}],"about":[{"href":"https:\/\/optiumgrupp.ee\/ru\/wp-json\/wp\/v2\/types\/product"}],"replies":[{"embeddable":true,"href":"https:\/\/optiumgrupp.ee\/ru\/wp-json\/wp\/v2\/comments?post=18798"}],"wp:featuredmedia":[{"embeddable":true,"href":"https:\/\/optiumgrupp.ee\/ru\/wp-json\/wp\/v2\/media\/18773"}],"wp:attachment":[{"href":"https:\/\/optiumgrupp.ee\/ru\/wp-json\/wp\/v2\/media?parent=18798"}],"wp:term":[{"taxonomy":"product_cat","embeddable":true,"href":"https:\/\/optiumgrupp.ee\/ru\/wp-json\/wp\/v2\/product_cat?post=18798"},{"taxonomy":"product_tag","embeddable":true,"href":"https:\/\/optiumgrupp.ee\/ru\/wp-json\/wp\/v2\/product_tag?post=18798"}],"curies":[{"name":"wp","href":"https:\/\/api.w.org\/{rel}","templated":true}]}}