{"id":16779,"date":"2024-07-05T15:07:26","date_gmt":"2024-07-05T12:07:26","guid":{"rendered":"https:\/\/optiumgrupp.ee\/?post_type=product&#038;p=16779"},"modified":"2024-07-05T15:13:13","modified_gmt":"2024-07-05T12:13:13","slug":"air-optix-plus-hydraglyde-multifocal-6tk-pk-2-4-nadalane-silikoonhudrogeellaats","status":"publish","type":"product","link":"https:\/\/optiumgrupp.ee\/ru\/product\/air-optix-plus-hydraglyde-multifocal-6tk-pk-2-4-nadalane-silikoonhudrogeellaats\/","title":{"rendered":"AIR OPTIX PLUS <br>HydraGlyde Multifocal <br><p><span style=\"font-weight:normal\">(6\u0448\u0442\/\u0443\u043f) 2-4 \u043d\u0435\u0434\u0435\u043b\u044c\u043d\u044b\u0435 \u0441\u0438\u043b\u0438\u043a\u043e\u043d-\u0433\u0438\u0434\u0440\u043e\u0433\u0435\u043b\u0435\u0432\u044b\u0435 \u043b\u0438\u043d\u0437\u044b  <\/small><\/font>"},"content":{"rendered":"<p>Air Optix Aqua Multifocal l\u00e4\u00e4tsede disain on spetsiaalselt tehtud l\u00e4\u00e4tse efektiivseks vastamiseks pupilli loomulikule t\u00f6\u00f6le. Et n\u00e4ha objekte l\u00e4hidistantsil pupill aheneb, kuid kaugdistantsi jaoks ta suureneb, nii pupill t\u00f6\u00f6tab koos l\u00e4\u00e4tse disainiga. Precision Profile disainil on sujuv \u00fcleminek: l\u00e4\u00e4tse keskosas on lugemise tugevus, mis sujuvalt muutub keskdistantsi tugevuseks, ning \u00e4\u00e4res kaugtugevuseks.<\/p>\n<p>Bi-asf\u00e4\u00e4riline l\u00e4\u00e4tsepind parandab kujutise kvaliteedi ja lihtsustab l\u00e4\u00e4tse asetamist silmadesse. AirOptix Aqua Multifocal l\u00e4\u00e4tsed sobivad Teile kui olete \u00fcle 40 aasta vana ja kannate lugemisprille v\u00f5i progressiivseid prillil\u00e4\u00e4tsi ning tahate proovida kontaktl\u00e4\u00e4tsi.<\/p>\n<p>Air Optix Aqua Multifocal kontaktl\u00e4\u00e4tsed tagavad presb\u00fcoopidel n\u00e4gemisteravuse ja kvaliteedi k\u00f5ikidel distantsidel. Ultrapehme ja sile Air Optix l\u00e4\u00e4tsepind on spetsiaalselt tehtud nii, et h\u00fcljata mustust l\u00e4\u00e4tsedelt terve p\u00e4eva jooksul. See tagab mugavustunde terveks p\u00e4evaks. Sujuv optilise tugevuse \u00fcleminek teeb palju paremaks binokulaarset n\u00e4gemist. See l\u00e4\u00e4ts on kliiniliselt testitud ja vastab k\u00f5ikidele standardi n\u00f5uetele. L\u00e4\u00e4tse on lihtne kasutada.<\/p>\n<p>L\u00e4\u00e4tsedel on:<\/p>\n<p>LO (+1,0); MED (+1,25 kuni +1,75); HI (+2,0 kuni +2,5)<br \/>\nMaterjal: lotrafilcon B, silikoonh\u00fcdrogeel<br \/>\nVeesisaldus: 33%<br \/>\nHapniku l\u00e4bilaskev\u00f5ime (Dk\/t): 138<br \/>\nTugevuse skaala +6.00 kuni -10.00<br \/>\nAirOptix Aqua Multifocal l\u00e4\u00e4tsi v\u00f5ib kasutada p\u00e4evaste l\u00e4\u00e4tsedena 1 kuu v\u00f5i \u00f6\u00f6p\u00e4eval\u00e4\u00e4tsedena maksimaalselt 6 \u00f6\u00f6p\u00e4eva j\u00e4rjest. L\u00e4\u00e4tsede kasutusaeg ja kandmisreziim on individuaalsed. J\u00e4rgi l\u00e4\u00e4tsede kasutamisel optometristi v\u00f5i silmaarsti soovitusi.<\/p>\n<p>\u0418\u043d\u0441\u0442\u0440\u0443\u043a\u0446\u0438\u044e \u043f\u043e \u043f\u043e\u043b\u044c\u0437\u043e\u0432\u0430\u043d\u0438\u044e \u043a\u043e\u043d\u0442\u0430\u043a\u0442\u043d\u044b\u043c\u0438 \u043b\u0438\u043d\u0437\u0430\u043c\u0438 \u043d\u0430\u0439\u0434\u0435\u0442\u0435 <a href=\"https:\/\/new.optiumgrupp.ee\/laatsekandja-meelespea\/\">\u0417\u0414\u0415\u0421\u042c<\/a><\/p>","protected":false},"excerpt":{"rendered":"<p>AirOptix Aqua Multifocal mitmevaatelised 1-kuulised silikoonh\u00fcdrogeelist multifokaalsed kontaktl\u00e4\u00e4tsed sobivad nii p\u00e4evaseks kui ka \u00f6\u00f6p\u00e4evaringseks kandmiseks.<\/p>\n<p>Kontaktl\u00e4\u00e4tsede tellimusaeg 3-4 n\u00e4dalat.<\/p>","protected":false},"featured_media":16909,"comment_status":"closed","ping_status":"closed","template":"","meta":[],"product_cat":[29,862,869,19,856],"product_tag":[],"class_list":{"0":"post-16779","1":"product","2":"type-product","3":"status-publish","4":"has-post-thumbnail","6":"product_cat-2-4-nadalased-kontaktlaatsed-2","7":"product_cat-air-optix","8":"product_cat-alcon","9":"product_cat-kontaktlaatsed","10":"product_cat-multifokaalsed-kontaktlaatsed","11":"pa_add-multi-hi","12":"pa_add-multi-lo","13":"pa_add-multi-med","15":"first","16":"instock","17":"shipping-taxable","18":"purchasable","19":"product-type-variable"},"_links":{"self":[{"href":"https:\/\/optiumgrupp.ee\/ru\/wp-json\/wp\/v2\/product\/16779","targetHints":{"allow":["GET"]}}],"collection":[{"href":"https:\/\/optiumgrupp.ee\/ru\/wp-json\/wp\/v2\/product"}],"about":[{"href":"https:\/\/optiumgrupp.ee\/ru\/wp-json\/wp\/v2\/types\/product"}],"replies":[{"embeddable":true,"href":"https:\/\/optiumgrupp.ee\/ru\/wp-json\/wp\/v2\/comments?post=16779"}],"wp:featuredmedia":[{"embeddable":true,"href":"https:\/\/optiumgrupp.ee\/ru\/wp-json\/wp\/v2\/media\/16909"}],"wp:attachment":[{"href":"https:\/\/optiumgrupp.ee\/ru\/wp-json\/wp\/v2\/media?parent=16779"}],"wp:term":[{"taxonomy":"product_cat","embeddable":true,"href":"https:\/\/optiumgrupp.ee\/ru\/wp-json\/wp\/v2\/product_cat?post=16779"},{"taxonomy":"product_tag","embeddable":true,"href":"https:\/\/optiumgrupp.ee\/ru\/wp-json\/wp\/v2\/product_tag?post=16779"}],"curies":[{"name":"wp","href":"https:\/\/api.w.org\/{rel}","templated":true}]}}