{"id":14877,"date":"2024-07-05T14:24:59","date_gmt":"2024-07-05T11:24:59","guid":{"rendered":"https:\/\/optiumgrupp.ee\/?post_type=product&#038;p=14877"},"modified":"2024-07-05T15:34:52","modified_gmt":"2024-07-05T12:34:52","slug":"dailies-total-130tk-pk-1-paevased-silikoonhudrogeellaatsed-kopeeri","status":"publish","type":"product","link":"https:\/\/optiumgrupp.ee\/ru\/product\/dailies-total-130tk-pk-1-paevased-silikoonhudrogeellaatsed-kopeeri\/","title":{"rendered":"DAILIES <br>Total 1 Multifocal<br><p><span style=\"font-weight:normal\">(30\u0448\u0442\/\u0443\u043f) 1-\u0434\u043d\u0435\u0432\u043d\u044b\u0435 <br>\u0441\u0438\u043b\u0438\u043a\u043e\u043d-\u0433\u0438\u0434\u0440\u043e\u0433\u0435\u043b\u0435\u0432\u044b\u0435 \u043b\u0438\u043d\u0437\u044b<\/small><\/font> (kopeeri)"},"content":{"rendered":"<p>Dailies Total 1 Multifocal on Ciba Vision\/Alcon uusim toode, milles on \u00fchendatud silikoonh\u00fcdrogeeli k\u00f5rge hapniku l\u00e4bikanduvus ning h\u00fcdrofiilsete omadustega geeli erakordne pehmus ja \u00fclik\u00f5rge veesisaldus (80%).<\/p>\n<p>Tulemuseks on \u00fcletamatu, terve p\u00e4eva kestev mugavus ja hea kvaliteet. Kuna tegemist on siidiselt pehme ja libeda l\u00e4\u00e4tsega, siis v\u00f5ib esialgu olla harjumatu l\u00e4\u00e4tse silmast eemaldamine.<\/p>\n<p>Dailies Total 1 \u2014 \u043f\u0435\u0440\u0432\u044b\u0435 \u0432 \u043c\u0438\u0440\u0435 \u0441\u0438\u043b\u0438\u043a\u043e\u043d-\u0433\u0438\u0434\u0440\u043e\u0433\u0435\u043b\u0435\u0432\u044b\u0435 \u043b\u0438\u043d\u0437\u044b, \u043f\u043e\u043a\u0440\u044b\u0442\u044b\u0435 \u043c\u044f\u0433\u043a\u0438\u043c \u0433\u0435\u043b\u0435\u0432\u044b\u043c \u043c\u0430\u0442\u0435\u0440\u0438\u0430\u043b\u043e\u043c \u0432\u043d\u0443\u0442\u0440\u0438 \u0438 \u0441\u043d\u0430\u0440\u0443\u0436\u0438. \u0412 \u0441\u0440\u0435\u0434\u043d\u0435\u0439 \u0447\u0430\u0441\u0442\u0438 \u0445\u0440\u0443\u0441\u0442\u0430\u043b\u0438\u043a\u0430 \u0441\u043e\u0434\u0435\u0440\u0436\u0430\u043d\u0438\u0435 \u0432\u043e\u0434\u044b \u0441\u043e\u0441\u0442\u0430\u0432\u043b\u044f\u0435\u0442 33%, \u0430 \u043d\u0430 \u043f\u043e\u0432\u0435\u0440\u0445\u043d\u043e\u0441\u0442\u0438 \u0445\u0440\u0443\u0441\u0442\u0430\u043b\u0438\u043a\u0430 \u0441\u043e\u0434\u0435\u0440\u0436\u0430\u043d\u0438\u0435 \u0432\u043e\u0434\u044b \u0441\u043e\u0441\u0442\u0430\u0432\u043b\u044f\u0435\u0442 80%, \u0447\u0442\u043e \u0431\u043b\u0438\u0437\u043a\u043e \u043a \u0435\u0441\u0442\u0435\u0441\u0442\u0432\u0435\u043d\u043d\u043e\u043c\u0443 \u0441\u043e\u0434\u0435\u0440\u0436\u0430\u043d\u0438\u044e \u0432\u043e\u0434\u044b \u0432 \u0433\u043b\u0430\u0437\u0443. \u0421\u0438\u043b\u0438\u043a\u043e\u043d-\u0433\u0438\u0434\u0440\u043e\u0433\u0435\u043b\u0435\u0432\u044b\u0439 \u043c\u0430\u0442\u0435\u0440\u0438\u0430\u043b \u0432\u043d\u0443\u0442\u0440\u0438 \u043b\u0438\u043d\u0437 \u043f\u043e\u0437\u0432\u043e\u043b\u044f\u0435\u0442 \u043a\u0438\u0441\u043b\u043e\u0440\u043e\u0434\u0443 \u0434\u043e\u0441\u0442\u0438\u0433\u0430\u0442\u044c \u043f\u043e\u0432\u0435\u0440\u0445\u043d\u043e\u0441\u0442\u0438 \u0433\u043b\u0430\u0437\u0430 \u0432 6 \u0440\u0430\u0437 \u0431\u043e\u043b\u044c\u0448\u0435, \u0447\u0435\u043c \u0442\u0440\u0430\u0434\u0438\u0446\u0438\u043e\u043d\u043d\u044b\u0435 \u043e\u0434\u043d\u043e\u0434\u043d\u0435\u0432\u043d\u044b\u0435 \u043b\u0438\u043d\u0437\u044b. \u042d\u0442\u043e \u043a\u043e\u043d\u0442\u0430\u043a\u0442\u043d\u044b\u0435 \u043b\u0438\u043d\u0437\u044b, \u043a\u043e\u0442\u043e\u0440\u044b\u0435 \u043e\u0441\u043e\u0431\u0435\u043d\u043d\u043e \u043f\u043e\u0434\u0445\u043e\u0434\u044f\u0442 \u0434\u043b\u044f \u0447\u0443\u0432\u0441\u0442\u0432\u0438\u0442\u0435\u043b\u044c\u043d\u044b\u0445 \u0438 \u0441\u0443\u0445\u0438\u0445 \u0433\u043b\u0430\u0437. \u0414\u043e\u0441\u0442\u0443\u043f\u043d\u044b \u043b\u0438\u043d\u0437\u044b \u0441 \u043a\u0440\u0438\u0432\u0438\u0437\u043d\u043e\u0439 BC 8.5.<\/p>\n<p>\u0418\u043d\u0441\u0442\u0440\u0443\u043a\u0446\u0438\u044e \u043f\u043e \u043f\u043e\u043b\u044c\u0437\u043e\u0432\u0430\u043d\u0438\u044e \u043a\u043e\u043d\u0442\u0430\u043a\u0442\u043d\u044b\u043c\u0438 \u043b\u0438\u043d\u0437\u0430\u043c\u0438 \u043d\u0430\u0439\u0434\u0435\u0442\u0435\u00a0<a href=\"https:\/\/new.optiumgrupp.ee\/laatsekandja-meelespea\/\">\u0417\u0414\u0415\u0421\u042c<\/a><\/p>\n<p>\u0415\u0441\u043b\u0438 \u0432\u0430\u043c \u043d\u0443\u0436\u0435\u043d \u0440\u0435\u0446\u0435\u043f\u0442 \u043d\u0430 \u043a\u043e\u043d\u0442\u0430\u043a\u0442\u043d\u044b\u0435 \u043b\u0438\u043d\u0437\u044b, \u0432\u044b \u043c\u043e\u0436\u0435\u0442\u0435 \u0437\u0430\u043f\u0438\u0441\u0430\u0442\u044c\u0441\u044f \u043d\u0430 \u043f\u0440\u0438\u0435\u043c \u0434\u043b\u044f \u043d\u0430\u0437\u043d\u0430\u0447\u0435\u043d\u0438\u044f \u043a\u043e\u043d\u0442\u0430\u043a\u0442\u043d\u044b\u0445 \u043b\u0438\u043d\u0437 <a href=\"https:\/\/optiumgrupp.ee\/ru\/registreerimine-nagemiskontrollile\/\">\u0417\u0414\u0415\u0421\u042c<\/a>.<\/p>","protected":false},"excerpt":{"rendered":"<p>\u041e\u0434\u043d\u043e\u0434\u043d\u0435\u0432\u043d\u044b\u0435 \u0441\u0438\u043b\u0438\u043a\u043e\u043d-\u0433\u0438\u0434\u0440\u043e\u0433\u0435\u043b\u0435\u0432\u044b\u0435 \u043b\u0438\u043d\u0437\u044b Dailies Total 1 \u2014 \u043d\u043e\u0432\u0435\u0439\u0448\u0438\u0439 \u043f\u0440\u043e\u0434\u0443\u043a\u0442 \u043e\u0442 Ciba Vision\/Alcon, \u043a\u043e\u0442\u043e\u0440\u044b\u0439 \u0441\u043e\u0447\u0435\u0442\u0430\u0435\u0442 \u0432 \u0441\u0435\u0431\u0435 \u0432\u044b\u0441\u043e\u043a\u0443\u044e \u043a\u0438\u0441\u043b\u043e\u0440\u043e\u0434\u043e\u043f\u0440\u043e\u043d\u0438\u0446\u0430\u0435\u043c\u043e\u0441\u0442\u044c \u0441\u0438\u043b\u0438\u043a\u043e\u043d-\u0433\u0438\u0434\u0440\u043e\u0433\u0435\u043b\u044f \u0441 \u0438\u0441\u043a\u043b\u044e\u0447\u0438\u0442\u0435\u043b\u044c\u043d\u043e\u0439 \u043c\u044f\u0433\u043a\u043e\u0441\u0442\u044c\u044e \u0438 \u0447\u0440\u0435\u0437\u0432\u044b\u0447\u0430\u0439\u043d\u043e \u0432\u044b\u0441\u043e\u043a\u0438\u043c \u0441\u043e\u0434\u0435\u0440\u0436\u0430\u043d\u0438\u0435\u043c \u0432\u043e\u0434\u044b (80%) \u0433\u0438\u0434\u0440\u043e\u0444\u0438\u043b\u044c\u043d\u043e\u0433\u043e \u0433\u0435\u043b\u044f.<\/p>\n<p>Kontaktl\u00e4\u00e4tsede tellimusaeg\u00a03-4 n\u00e4dalat<\/p>\n<p>&nbsp;<\/p>","protected":false},"featured_media":15189,"comment_status":"closed","ping_status":"closed","template":"","meta":[],"product_cat":[32,869,860,19,856],"product_tag":[],"class_list":{"0":"post-14877","1":"product","2":"type-product","3":"status-publish","4":"has-post-thumbnail","6":"product_cat-1-paevased-kontaktlaatsed","7":"product_cat-alcon","8":"product_cat-dailies","9":"product_cat-kontaktlaatsed","10":"product_cat-multifokaalsed-kontaktlaatsed","11":"pa_add-multi-hi","12":"pa_add-multi-lo","13":"pa_add-multi-med","15":"first","16":"instock","17":"shipping-taxable","18":"purchasable","19":"product-type-variable"},"_links":{"self":[{"href":"https:\/\/optiumgrupp.ee\/ru\/wp-json\/wp\/v2\/product\/14877","targetHints":{"allow":["GET"]}}],"collection":[{"href":"https:\/\/optiumgrupp.ee\/ru\/wp-json\/wp\/v2\/product"}],"about":[{"href":"https:\/\/optiumgrupp.ee\/ru\/wp-json\/wp\/v2\/types\/product"}],"replies":[{"embeddable":true,"href":"https:\/\/optiumgrupp.ee\/ru\/wp-json\/wp\/v2\/comments?post=14877"}],"wp:featuredmedia":[{"embeddable":true,"href":"https:\/\/optiumgrupp.ee\/ru\/wp-json\/wp\/v2\/media\/15189"}],"wp:attachment":[{"href":"https:\/\/optiumgrupp.ee\/ru\/wp-json\/wp\/v2\/media?parent=14877"}],"wp:term":[{"taxonomy":"product_cat","embeddable":true,"href":"https:\/\/optiumgrupp.ee\/ru\/wp-json\/wp\/v2\/product_cat?post=14877"},{"taxonomy":"product_tag","embeddable":true,"href":"https:\/\/optiumgrupp.ee\/ru\/wp-json\/wp\/v2\/product_tag?post=14877"}],"curies":[{"name":"wp","href":"https:\/\/api.w.org\/{rel}","templated":true}]}}