{"id":8694,"date":"2023-12-11T10:28:33","date_gmt":"2023-12-11T08:28:33","guid":{"rendered":"https:\/\/new.optiumgrupp.ee\/?page_id=8694"},"modified":"2025-04-20T11:14:24","modified_gmt":"2025-04-20T08:14:24","slug":"uudised","status":"publish","type":"page","link":"https:\/\/optiumgrupp.ee\/ru\/uudised\/","title":{"rendered":"\u041d\u041e\u0412\u041e\u0421\u0422\u0418"},"content":{"rendered":"<div class=\"wp-block-media-text is-stacked-on-mobile\"><figure class=\"wp-block-media-text__media\"><video controls src=\"https:\/\/optiumgrupp.ee\/wp-content\/uploads\/2025\/04\/WhatsApp-Video-2025-04-13-at-23.47.32.mp4\"><\/video><\/figure><div class=\"wp-block-media-text__content\">\n<p>\ud83d\udd76 Kuni mai l\u00f5puni \u2013 eripakkumised Eyedrive klaasidele!<br>Eyedrive\u00ae on spetsiaalselt autojuhtidele loodud prilliklaasid, mis parandavad n\u00e4htavust ja suurendavad s\u00f5idumugavust nii p\u00e4eval kui ka \u00f6\u00f6sel. Need klaasid kasutavad innovatiivset tehnoloogiat, mis:<br>\ud83d\ude98 V\u00e4hendab pimestust<br>\ud83c\udf19 Parandab \u00f6ist n\u00e4gemist<br>\u2600\ufe0f Kohandub erineva valgusega<\/p>\n\n\n\n<p>Tule ja proovi Eyedrive klaase Optium Grupp optikasalongis!<\/p>\n<\/div><\/div>\n\n\n\n<p><\/p>\n\n\n\n<figure class=\"wp-block-image size-full\"><img loading=\"lazy\" decoding=\"async\" width=\"936\" height=\"483\" src=\"https:\/\/new.optiumgrupp.ee\/wp-content\/uploads\/2023\/12\/uudis.png\" alt=\"\" class=\"wp-image-8695\" srcset=\"https:\/\/optiumgrupp.ee\/wp-content\/uploads\/2023\/12\/uudis.png 936w, https:\/\/optiumgrupp.ee\/wp-content\/uploads\/2023\/12\/uudis-300x155.png 300w, https:\/\/optiumgrupp.ee\/wp-content\/uploads\/2023\/12\/uudis-768x396.png 768w, https:\/\/optiumgrupp.ee\/wp-content\/uploads\/2023\/12\/uudis-18x9.png 18w, https:\/\/optiumgrupp.ee\/wp-content\/uploads\/2023\/12\/uudis-624x322.png 624w, https:\/\/optiumgrupp.ee\/wp-content\/uploads\/2023\/12\/uudis-200x103.png 200w\" sizes=\"auto, (max-width: 936px) 100vw, 936px\" \/><\/figure>\n\n\n\n<p>\u041c\u044b \u0440\u0430\u0434\u044b \u043f\u0440\u0435\u0434\u0441\u0442\u0430\u0432\u0438\u0442\u044c \u043d\u043e\u0432\u0435\u0439\u0448\u0438\u0435 \u0442\u0435\u0445\u043d\u043e\u043b\u043e\u0433\u0438\u0447\u0435\u0441\u043a\u0438\u0435 \u0438\u043d\u043d\u043e\u0432\u0430\u0446\u0438\u0438 \u0432 \u043e\u0431\u043b\u0430\u0441\u0442\u0438 \u0437\u0440\u0435\u043d\u0438\u044f!<\/p>\n\n\n\n<p>\u041f\u0440\u043e\u0433\u0440\u0435\u0441\u0441\u0438\u0432\u043d\u044b\u0435 \u0441\u0442\u0435\u043a\u043b\u0430 FUSION \u2013 \u044d\u0442\u043e \u043b\u0443\u0447\u0448\u0435\u0435, \u0447\u0442\u043e \u043c\u044b \u043c\u043e\u0436\u0435\u043c \u043f\u0440\u0435\u0434\u043b\u043e\u0436\u0438\u0442\u044c \u0432\u0430\u0448\u0438\u043c \u0433\u043b\u0430\u0437\u0430\u043c, \u0431\u043b\u0430\u0433\u043e\u0434\u0430\u0440\u044f \u0438\u043d\u043d\u043e\u0432\u0430\u0446\u0438\u043e\u043d\u043d\u044b\u043c \u0438 \u0432\u044b\u0441\u043e\u043a\u043e\u0442\u0435\u0445\u043d\u043e\u043b\u043e\u0433\u0438\u0447\u043d\u044b\u043c \u0440\u0430\u0437\u0440\u0430\u0431\u043e\u0442\u043a\u0430\u043c.<\/p>\n\n\n\n<p>\u0415\u0434\u0438\u043d\u0441\u0442\u0432\u0435\u043d\u043d\u0438\u0435 \u043f\u0440\u043e\u0433\u0440\u0435\u0441\u0441\u0438\u0432\u043d\u0438\u0435 \u0441\u0442\u0435\u043a\u043b\u0430, \u0433\u0434\u0435 \u0442\u044b \u0440\u0435\u0448\u0430\u0435\u0448\u044c, \u0447\u0442\u043e \u0432\u0430\u0436\u043d\u043e!<\/p>\n\n\n\n<p>\u0425\u043e\u0442\u0438\u0442\u0435 \u043b\u0438 \u0432\u044b \u0443\u0432\u0435\u043b\u0438\u0447\u0438\u0442\u044c \u0437\u043e\u043d\u0443 \u043e\u0431\u0437\u043e\u0440\u0430 \u043d\u0430 \u0440\u0430\u0441\u0441\u0442\u043e\u044f\u043d\u0438\u0438 \u0438\u043b\u0438 \u0432\u0430\u043c \u043d\u0443\u0436\u043d\u043e \u0431\u043e\u043b\u0435\u0435 \u0448\u0438\u0440\u043e\u043a\u043e\u0435 \u043f\u043e\u043b\u0435 \u0437\u0440\u0435\u043d\u0438\u044f \u0434\u043b\u044f \u0447\u0442\u0435\u043d\u0438\u044f \u2013 \u043f\u0440\u043e\u0433\u0440\u0435\u0441\u0441\u0438\u0432\u043d\u044b\u0435 \u0441\u0442\u0435\u043a\u043b\u0430 FUSION \u043f\u043e\u0437\u0432\u043e\u043b\u044f\u0435\u0442 \u0432\u0430\u043c \u043f\u0440\u0438\u043d\u0438\u043c\u0430\u0442\u044c \u0440\u0435\u0448\u0435\u043d\u0438\u044f.<\/p>\n\n\n\n<p>Tule soeta Sinule loodud klaas tutvumishinnaga -30% soodsamalt!<\/p>\n\n\n\n<p><br><\/p>","protected":false},"excerpt":{"rendered":"<p>\ud83d\udd76 Kuni mai l\u00f5puni \u2013 eripakkumised Eyedrive klaasidele!Eyedrive\u00ae on spetsiaalselt autojuhtidele loodud prilliklaasid, mis parandavad n\u00e4htavust ja suurendavad s\u00f5idumugavust nii p\u00e4eval kui ka \u00f6\u00f6sel. Need klaasid kasutavad innovatiivset tehnoloogiat, mis:\ud83d\ude98 V\u00e4hendab pimestust\ud83c\udf19 Parandab \u00f6ist n\u00e4gemist\u2600\ufe0f Kohandub erineva valgusega Tule ja proovi Eyedrive klaase Optium Grupp optikasalongis! Meil on r\u00f5\u00f5m tutvustada viimaseaja tehnoloogilist uuendust silman\u00e4gemises! FUSION [&hellip;]<\/p>","protected":false},"author":1,"featured_media":0,"parent":0,"menu_order":0,"comment_status":"closed","ping_status":"closed","template":"","meta":{"footnotes":""},"class_list":["post-8694","page","type-page","status-publish","hentry"],"_links":{"self":[{"href":"https:\/\/optiumgrupp.ee\/ru\/wp-json\/wp\/v2\/pages\/8694","targetHints":{"allow":["GET"]}}],"collection":[{"href":"https:\/\/optiumgrupp.ee\/ru\/wp-json\/wp\/v2\/pages"}],"about":[{"href":"https:\/\/optiumgrupp.ee\/ru\/wp-json\/wp\/v2\/types\/page"}],"author":[{"embeddable":true,"href":"https:\/\/optiumgrupp.ee\/ru\/wp-json\/wp\/v2\/users\/1"}],"replies":[{"embeddable":true,"href":"https:\/\/optiumgrupp.ee\/ru\/wp-json\/wp\/v2\/comments?post=8694"}],"version-history":[{"count":5,"href":"https:\/\/optiumgrupp.ee\/ru\/wp-json\/wp\/v2\/pages\/8694\/revisions"}],"predecessor-version":[{"id":47916,"href":"https:\/\/optiumgrupp.ee\/ru\/wp-json\/wp\/v2\/pages\/8694\/revisions\/47916"}],"wp:attachment":[{"href":"https:\/\/optiumgrupp.ee\/ru\/wp-json\/wp\/v2\/media?parent=8694"}],"curies":[{"name":"wp","href":"https:\/\/api.w.org\/{rel}","templated":true}]}}