{"id":7845,"date":"2023-05-07T21:55:26","date_gmt":"2023-05-07T21:55:26","guid":{"rendered":"https:\/\/new.optiumgrupp.ee\/?page_id=7845"},"modified":"2024-06-06T14:03:36","modified_gmt":"2024-06-06T11:03:36","slug":"avaleht","status":"publish","type":"page","link":"https:\/\/optiumgrupp.ee\/ru\/","title":{"rendered":"\u0413\u041b\u0410\u0412\u041d\u0410\u042f"},"content":{"rendered":"<div class=\"wp-block-media-text alignwide is-stacked-on-mobile\" style=\"grid-template-columns:60% auto\"><figure class=\"wp-block-media-text__media\"><a href=\"https:\/\/optiumgrupp.ee\/ru\/pood\/\"><img loading=\"lazy\" decoding=\"async\" width=\"894\" height=\"704\" src=\"https:\/\/optiumgrupp.ee\/wp-content\/uploads\/2023\/07\/pilt-kinkekaardid.jpg\" alt=\"\" class=\"wp-image-8365 size-full\" srcset=\"https:\/\/optiumgrupp.ee\/wp-content\/uploads\/2023\/07\/pilt-kinkekaardid.jpg 894w, https:\/\/optiumgrupp.ee\/wp-content\/uploads\/2023\/07\/pilt-kinkekaardid-300x236.jpg 300w, https:\/\/optiumgrupp.ee\/wp-content\/uploads\/2023\/07\/pilt-kinkekaardid-768x605.jpg 768w, https:\/\/optiumgrupp.ee\/wp-content\/uploads\/2023\/07\/pilt-kinkekaardid-15x12.jpg 15w, https:\/\/optiumgrupp.ee\/wp-content\/uploads\/2023\/07\/pilt-kinkekaardid-624x491.jpg 624w, https:\/\/optiumgrupp.ee\/wp-content\/uploads\/2023\/07\/pilt-kinkekaardid-200x157.jpg 200w\" sizes=\"auto, (max-width: 894px) 100vw, 894px\" \/><\/a><\/figure><div class=\"wp-block-media-text__content\">\n<strong><a href=\"https:\/\/optiumgrupp.ee\/ru\/pood\/\" style=\"color:#636363\"><center>\u0418\u041d\u0422\u0415\u0420\u041d\u0415\u0422-\u041c\u0410\u0413\u0410\u0417\u0418\u041d<\/center><\/a><\/strong>\n\n\n\n<center>\u041f\u0440\u0438\u0445\u043e\u0434\u0438\u0442\u0435 \u043e\u0437\u043d\u0430\u043a\u043e\u043c\u0438\u0442\u044c\u0441\u044f \u0441 \u043d\u0430\u0448\u0438\u043c\u0438 \u043d\u043e\u0432\u044b\u043c\u0438 \u0438 \u0438\u043d\u0442\u0435\u0440\u0435\u0441\u043d\u044b\u043c\u0438 \u043f\u0440\u0435\u0434\u043b\u043e\u0436\u0435\u043d\u0438\u044f\u043c\u0438. \u041c\u044b \u0436\u0434\u0435\u043c \u0432\u0430\u0441!<\/center>\n<\/div><\/div>\n\n\n\n<div class=\"wp-block-media-text alignwide is-stacked-on-mobile\" style=\"grid-template-columns:60% auto\"><figure class=\"wp-block-media-text__media\"><a href=\"https:\/\/optiumgrupp.ee\/ru\/salongid\/\"><img loading=\"lazy\" decoding=\"async\" width=\"1024\" height=\"779\" src=\"https:\/\/optiumgrupp.ee\/wp-content\/uploads\/2023\/10\/Meie-salongid.png\" alt=\"\" class=\"wp-image-8645 size-full\" srcset=\"https:\/\/optiumgrupp.ee\/wp-content\/uploads\/2023\/10\/Meie-salongid.png 1024w, https:\/\/optiumgrupp.ee\/wp-content\/uploads\/2023\/10\/Meie-salongid-300x228.png 300w, https:\/\/optiumgrupp.ee\/wp-content\/uploads\/2023\/10\/Meie-salongid-768x584.png 768w, https:\/\/optiumgrupp.ee\/wp-content\/uploads\/2023\/10\/Meie-salongid-16x12.png 16w, https:\/\/optiumgrupp.ee\/wp-content\/uploads\/2023\/10\/Meie-salongid-624x475.png 624w, https:\/\/optiumgrupp.ee\/wp-content\/uploads\/2023\/10\/Meie-salongid-200x152.png 200w\" sizes=\"auto, (max-width: 1024px) 100vw, 1024px\" \/><\/a><\/figure><div class=\"wp-block-media-text__content\">\n<strong><a href=\"https:\/\/optiumgrupp.ee\/ru\/salongid\/\" style=\"color:#636363\"><center>MEIE SALONGID<\/center><\/a><\/strong>\n\n\n\n<center>Leia endale l\u00e4him Optium Grupp Optika salong siit!<\/center>\n<\/div><\/div>\n\n\n\n<div class=\"wp-block-media-text alignwide is-stacked-on-mobile\" style=\"grid-template-columns:60% auto\"><figure class=\"wp-block-media-text__media\"><a href=\"https:\/\/optiumgrupp.ee\/ru\/registreerimine-nagemiskontrollile\/\"><img loading=\"lazy\" decoding=\"async\" width=\"1024\" height=\"779\" src=\"https:\/\/optiumgrupp.ee\/wp-content\/uploads\/2023\/07\/pilt-nagemiskotroll-1024x779.webp\" alt=\"\" class=\"wp-image-8346 size-full\" srcset=\"https:\/\/optiumgrupp.ee\/wp-content\/uploads\/2023\/07\/pilt-nagemiskotroll-1024x779.webp 1024w, https:\/\/optiumgrupp.ee\/wp-content\/uploads\/2023\/07\/pilt-nagemiskotroll-300x228.webp 300w, https:\/\/optiumgrupp.ee\/wp-content\/uploads\/2023\/07\/pilt-nagemiskotroll-768x584.webp 768w, https:\/\/optiumgrupp.ee\/wp-content\/uploads\/2023\/07\/pilt-nagemiskotroll-16x12.webp 16w, https:\/\/optiumgrupp.ee\/wp-content\/uploads\/2023\/07\/pilt-nagemiskotroll-624x475.webp 624w, https:\/\/optiumgrupp.ee\/wp-content\/uploads\/2023\/07\/pilt-nagemiskotroll-200x152.webp 200w, https:\/\/optiumgrupp.ee\/wp-content\/uploads\/2023\/07\/pilt-nagemiskotroll.webp 1042w\" sizes=\"auto, (max-width: 1024px) 100vw, 1024px\" \/><\/a><\/figure><div class=\"wp-block-media-text__content\">\n<a href=\"https:\/\/optiumgrupp.ee\/ru\/registreerimine-nagemiskontrollile\/\" style=\"color:#636363\"><strong><center>\u0420\u0415\u0413\u0418\u0421\u0422\u0420\u0410\u0426\u0418\u042f \u041d\u0410 \u041f\u0420\u041e\u0412\u0415\u0420\u041a\u0423 \u0417\u0420\u0415\u041d\u0418\u042f<\/center><\/strong><\/a>\n\n\n\n<center>\u0422\u0430\u0440\u0442\u0443, \u041f\u044f\u0440\u043d\u0443, \u0419\u044b\u0445\u0432\u0438, \u041d\u0430\u0440\u0432\u0430, \u0412\u0438\u043b\u044c\u044f\u043d\u0434\u0438<\/center>\n<\/div><\/div>\n\n\n\n<div class=\"wp-block-media-text alignwide is-stacked-on-mobile\" style=\"grid-template-columns:61% auto\"><figure class=\"wp-block-media-text__media\"><a href=\"https:\/\/optiumgrupp.ee\/ru\/product-category\/paikeseprillid\/\"><img loading=\"lazy\" decoding=\"async\" width=\"1024\" height=\"702\" src=\"https:\/\/optiumgrupp.ee\/wp-content\/uploads\/2023\/07\/Screenshot_2021-05-29-Tinted-and-polarized-lenses-Archivy-OMEGA-OPTIX-1024x702.png\" alt=\"\" class=\"wp-image-8354 size-full\" srcset=\"https:\/\/optiumgrupp.ee\/wp-content\/uploads\/2023\/07\/Screenshot_2021-05-29-Tinted-and-polarized-lenses-Archivy-OMEGA-OPTIX-1024x702.png 1024w, https:\/\/optiumgrupp.ee\/wp-content\/uploads\/2023\/07\/Screenshot_2021-05-29-Tinted-and-polarized-lenses-Archivy-OMEGA-OPTIX-300x206.png 300w, https:\/\/optiumgrupp.ee\/wp-content\/uploads\/2023\/07\/Screenshot_2021-05-29-Tinted-and-polarized-lenses-Archivy-OMEGA-OPTIX-768x526.png 768w, https:\/\/optiumgrupp.ee\/wp-content\/uploads\/2023\/07\/Screenshot_2021-05-29-Tinted-and-polarized-lenses-Archivy-OMEGA-OPTIX-18x12.png 18w, https:\/\/optiumgrupp.ee\/wp-content\/uploads\/2023\/07\/Screenshot_2021-05-29-Tinted-and-polarized-lenses-Archivy-OMEGA-OPTIX-624x428.png 624w, https:\/\/optiumgrupp.ee\/wp-content\/uploads\/2023\/07\/Screenshot_2021-05-29-Tinted-and-polarized-lenses-Archivy-OMEGA-OPTIX-200x137.png 200w, https:\/\/optiumgrupp.ee\/wp-content\/uploads\/2023\/07\/Screenshot_2021-05-29-Tinted-and-polarized-lenses-Archivy-OMEGA-OPTIX.png 1042w\" sizes=\"auto, (max-width: 1024px) 100vw, 1024px\" \/><\/a><\/figure><div class=\"wp-block-media-text__content\">\n<center><strong><a href=\"https:\/\/optiumgrupp.ee\/ru\/product-category\/paikeseprillid\/\" style=\"color:#636363\">\u0421\u041e\u041b\u041d\u0415\u0427\u041d\u042b\u0415 \u041e\u0427\u041a\u0418<\/a><\/strong><\/center>\n\n\n\n<center>\u0421\u043e\u043b\u043d\u0446\u0435 \u0443\u0436\u0435 \u0441\u0432\u0435\u0442\u0438\u0442, \u0438 \u043f\u0440\u0438\u0448\u043b\u043e \u0432\u0440\u0435\u043c\u044f \u043d\u0430\u0439\u0442\u0438 \u043b\u0443\u0447\u0448\u0443\u044e \u0437\u0430\u0449\u0438\u0442\u0443 \u0434\u043b\u044f \u0432\u0430\u0448\u0438\u0445 \u0433\u043b\u0430\u0437!<\/center>\n<\/div><\/div>\n\n\n\n<div class=\"wp-block-media-text alignwide is-stacked-on-mobile\" style=\"grid-template-columns:61% auto\"><figure class=\"wp-block-media-text__media\"><a href=\"https:\/\/\/ru\/optiumgrupp.ee\/product-category\/kontaktlaatsed\/\"><img loading=\"lazy\" decoding=\"async\" width=\"1024\" height=\"701\" src=\"https:\/\/optiumgrupp.ee\/wp-content\/uploads\/2023\/07\/pilt-silmatilgad-1-1024x701.jpg\" alt=\"\" class=\"wp-image-8369 size-full\" srcset=\"https:\/\/optiumgrupp.ee\/wp-content\/uploads\/2023\/07\/pilt-silmatilgad-1-1024x701.jpg 1024w, https:\/\/optiumgrupp.ee\/wp-content\/uploads\/2023\/07\/pilt-silmatilgad-1-300x205.jpg 300w, https:\/\/optiumgrupp.ee\/wp-content\/uploads\/2023\/07\/pilt-silmatilgad-1-768x526.jpg 768w, https:\/\/optiumgrupp.ee\/wp-content\/uploads\/2023\/07\/pilt-silmatilgad-1-18x12.jpg 18w, https:\/\/optiumgrupp.ee\/wp-content\/uploads\/2023\/07\/pilt-silmatilgad-1-624x427.jpg 624w, https:\/\/optiumgrupp.ee\/wp-content\/uploads\/2023\/07\/pilt-silmatilgad-1-200x137.jpg 200w, https:\/\/optiumgrupp.ee\/wp-content\/uploads\/2023\/07\/pilt-silmatilgad-1.jpg 1042w\" sizes=\"auto, (max-width: 1024px) 100vw, 1024px\" \/><\/a><\/figure><div class=\"wp-block-media-text__content\">\n<center><strong><a href=\"https:\/\/optiumgrupp.ee\/ru\/product-category\/paikeseprillid\/\" style=\"color:#636363\">\u041a\u041e\u041d\u0422\u0410\u041a\u0422\u041d\u042b\u0415 \u041b\u0418\u041d\u0417\u042b<\/a><\/strong><\/center>\n\n\n\n<center>\u041f\u043e\u0440\u0430 \u043e\u0431\u043d\u043e\u0432\u0438\u0442\u044c \u0437\u0430\u043f\u0430\u0441 \u043b\u0438\u043d\u0437!<\/center>\n<\/div><\/div>\n\n\n\n<div class=\"wp-block-media-text alignwide is-stacked-on-mobile\" style=\"grid-template-columns:61% auto\"><figure class=\"wp-block-media-text__media\"><a href=\"https:\/\/optiumgrupp.ee\/ru\/product-category\/kontaktlaatsed\/laatsehooldusvedelik\/\"><img loading=\"lazy\" decoding=\"async\" width=\"1024\" height=\"701\" src=\"https:\/\/optiumgrupp.ee\/wp-content\/uploads\/2023\/07\/pilt-laatse-hooldusduvedelik-1024x701.jpg\" alt=\"\" class=\"wp-image-8363 size-full\" srcset=\"https:\/\/optiumgrupp.ee\/wp-content\/uploads\/2023\/07\/pilt-laatse-hooldusduvedelik-1024x701.jpg 1024w, https:\/\/optiumgrupp.ee\/wp-content\/uploads\/2023\/07\/pilt-laatse-hooldusduvedelik-300x205.jpg 300w, https:\/\/optiumgrupp.ee\/wp-content\/uploads\/2023\/07\/pilt-laatse-hooldusduvedelik-768x526.jpg 768w, https:\/\/optiumgrupp.ee\/wp-content\/uploads\/2023\/07\/pilt-laatse-hooldusduvedelik-18x12.jpg 18w, https:\/\/optiumgrupp.ee\/wp-content\/uploads\/2023\/07\/pilt-laatse-hooldusduvedelik-624x427.jpg 624w, https:\/\/optiumgrupp.ee\/wp-content\/uploads\/2023\/07\/pilt-laatse-hooldusduvedelik-200x137.jpg 200w, https:\/\/optiumgrupp.ee\/wp-content\/uploads\/2023\/07\/pilt-laatse-hooldusduvedelik.jpg 1042w\" sizes=\"auto, (max-width: 1024px) 100vw, 1024px\" \/><\/a><\/figure><div class=\"wp-block-media-text__content\">\n<strong><a href=\"https:\/\/optiumgrupp.ee\/ru\/product-category\/kontaktlaatsed\/laatsehooldusvedelik\/\" style=\"color:#636363\"><center>\u0416\u0418\u0414\u041a\u041e\u0421\u0422\u042c \u0414\u041b\u042f \u0423\u0425\u041e\u0414\u0410<\/center><\/a><\/strong>\n\n\n\n<center>\u041c\u043d\u043e\u0433\u043e\u0444\u0443\u043d\u043a\u0446\u0438\u043e\u043d\u0430\u043b\u044c\u043d\u044b\u0435 \u0441\u0440\u0435\u0434\u0441\u0442\u0432\u0430 \u0434\u043b\u044f \u0443\u0445\u043e\u0434\u0430 \u0437\u0430 \u043b\u0438\u043d\u0437\u0430\u043c\u0438, \u0443\u0434\u0430\u043b\u044f\u044e\u0449\u0438\u0435 \u0431\u0435\u043b\u043e\u043a, \u0434\u043b\u044f \u0432\u0441\u0435\u0445 \u0442\u0438\u043f\u043e\u0432 \u043c\u044f\u0433\u043a\u0438\u0445 \u043a\u043e\u043d\u0442\u0430\u043a\u0442\u043d\u044b\u0445 \u043b\u0438\u043d\u0437 (\u0432 \u0442\u043e\u043c \u0447\u0438\u0441\u043b\u0435 \u0441\u0438\u043b\u0438\u043a\u043e\u043d-\u0433\u0438\u0434\u0440\u043e\u0433\u0435\u043b\u0435\u0432\u044b\u0445 \u043b\u0438\u043d\u0437 \u043d\u043e\u0432\u043e\u0433\u043e \u043f\u043e\u043a\u043e\u043b\u0435\u043d\u0438\u044f).<\/center>\n<\/div><\/div>\n\n\n\n<div class=\"wp-block-media-text alignwide is-stacked-on-mobile\" style=\"grid-template-columns:61% auto\"><figure class=\"wp-block-media-text__media\"><a href=\"https:\/\/optiumgrupp.ee\/ru\/product-category\/prilliraamid\/\"><img loading=\"lazy\" decoding=\"async\" width=\"402\" height=\"307\" src=\"https:\/\/optiumgrupp.ee\/wp-content\/uploads\/2023\/07\/pilt-1-1.jpg\" alt=\"\" class=\"wp-image-8342 size-full\" srcset=\"https:\/\/optiumgrupp.ee\/wp-content\/uploads\/2023\/07\/pilt-1-1.jpg 402w, https:\/\/optiumgrupp.ee\/wp-content\/uploads\/2023\/07\/pilt-1-1-300x229.jpg 300w, https:\/\/optiumgrupp.ee\/wp-content\/uploads\/2023\/07\/pilt-1-1-16x12.jpg 16w, https:\/\/optiumgrupp.ee\/wp-content\/uploads\/2023\/07\/pilt-1-1-200x153.jpg 200w\" sizes=\"auto, (max-width: 402px) 100vw, 402px\" \/><\/a><\/figure><div class=\"wp-block-media-text__content\">\n<strong><a href=\"https:\/\/optiumgrupp.ee\/ru\/product-category\/prilliraamid\/\" style=\"color:#636363\"><center>\u041e\u041f\u0420\u0410\u0412\u042b \u0414\u041b\u042f \u041e\u0427\u041a\u041e\u0412<\/center><\/a><\/strong>\n\n\n\n<center>\u0425\u043e\u0440\u043e\u0448\u0438\u0435 \u0446\u0435\u043d\u044b, \u043a\u0440\u0430\u0441\u0438\u0432\u044b\u0435 \u043e\u043f\u0440\u0430\u0432\u044b \u0438 \u043a\u0430\u0447\u0435\u0441\u0442\u0432\u0435\u043d\u043d\u044b\u0435 \u0441\u0442\u0435\u043a\u043b\u0430 \u0436\u0434\u0443\u0442 \u0412\u0430\u0441!<\/center>\n<\/div><\/div>\n\n\n\n<div class=\"wp-block-media-text alignwide is-stacked-on-mobile\" style=\"grid-template-columns:61% auto\"><figure class=\"wp-block-media-text__media\"><a href=\"https:\/\/optiumgrupp.ee\/ru\/product-category\/silmatilgad\/\"><img loading=\"lazy\" decoding=\"async\" width=\"1024\" height=\"701\" src=\"https:\/\/optiumgrupp.ee\/wp-content\/uploads\/2023\/07\/pilt-kontaktlaatsed-1-1024x701.webp\" alt=\"\" class=\"wp-image-8370 size-full\" srcset=\"https:\/\/optiumgrupp.ee\/wp-content\/uploads\/2023\/07\/pilt-kontaktlaatsed-1-1024x701.webp 1024w, https:\/\/optiumgrupp.ee\/wp-content\/uploads\/2023\/07\/pilt-kontaktlaatsed-1-300x205.webp 300w, https:\/\/optiumgrupp.ee\/wp-content\/uploads\/2023\/07\/pilt-kontaktlaatsed-1-768x526.webp 768w, https:\/\/optiumgrupp.ee\/wp-content\/uploads\/2023\/07\/pilt-kontaktlaatsed-1-18x12.webp 18w, https:\/\/optiumgrupp.ee\/wp-content\/uploads\/2023\/07\/pilt-kontaktlaatsed-1-624x427.webp 624w, https:\/\/optiumgrupp.ee\/wp-content\/uploads\/2023\/07\/pilt-kontaktlaatsed-1-200x137.webp 200w, https:\/\/optiumgrupp.ee\/wp-content\/uploads\/2023\/07\/pilt-kontaktlaatsed-1.webp 1042w\" sizes=\"auto, (max-width: 1024px) 100vw, 1024px\" \/><\/a><\/figure><div class=\"wp-block-media-text__content\">\n<strong><a href=\"https:\/\/optiumgrupp.ee\/ru\/product-category\/silmatilgad\/\" style=\"color:#636363\"><center>\u0413\u041b\u0410\u0417\u041d\u042b\u0415 \u041a\u0410\u041f\u041b\u0418<\/center><\/a><\/strong>\n\n\n\n<center>\u0412\u044b \u0447\u0443\u0432\u0441\u0442\u0432\u0443\u0435\u0442\u0435, \u0447\u0442\u043e \u0432\u0430\u0448\u0438 \u0433\u043b\u0430\u0437\u0430 \u043d\u0443\u0436\u0434\u0430\u044e\u0442\u0441\u044f \u0432 \u0434\u043e\u043f\u043e\u043b\u043d\u0438\u0442\u0435\u043b\u044c\u043d\u043e\u043c \u0443\u0432\u043b\u0430\u0436\u043d\u0435\u043d\u0438\u0438? Optium Grupp \u041e\u043f\u0442\u0438\u043a\u0430 \u043f\u0440\u0435\u0434\u043b\u0430\u0433\u0430\u0435\u0442 \u0448\u0438\u0440\u043e\u043a\u0438\u0439 \u0430\u0441\u0441\u043e\u0440\u0442\u0438\u043c\u0435\u043d\u0442 \u0433\u043b\u0430\u0437\u043d\u044b\u0445 \u043a\u0430\u043f\u0435\u043b\u044c \u0434\u043b\u044f \u043a\u0430\u0436\u0434\u043e\u0433\u043e \u043f\u043e\u043b\u044c\u0437\u043e\u0432\u0430\u0442\u0435\u043b\u044f.<\/center>\n<\/div><\/div>\n\n\n\n<div class=\"wp-block-media-text alignwide is-stacked-on-mobile\" style=\"grid-template-columns:61% auto\"><figure class=\"wp-block-media-text__media\"><a href=\"https:\/\/optiumgrupp.ee\/ru\/product-category\/kinkekaardid\/\"><img loading=\"lazy\" decoding=\"async\" width=\"1024\" height=\"701\" src=\"https:\/\/optiumgrupp.ee\/wp-content\/uploads\/2023\/07\/pilt-kinkekaart-1024x701.png\" alt=\"\" class=\"wp-image-8372 size-full\" srcset=\"https:\/\/optiumgrupp.ee\/wp-content\/uploads\/2023\/07\/pilt-kinkekaart-1024x701.png 1024w, https:\/\/optiumgrupp.ee\/wp-content\/uploads\/2023\/07\/pilt-kinkekaart-300x205.png 300w, https:\/\/optiumgrupp.ee\/wp-content\/uploads\/2023\/07\/pilt-kinkekaart-768x526.png 768w, https:\/\/optiumgrupp.ee\/wp-content\/uploads\/2023\/07\/pilt-kinkekaart-18x12.png 18w, https:\/\/optiumgrupp.ee\/wp-content\/uploads\/2023\/07\/pilt-kinkekaart-624x427.png 624w, https:\/\/optiumgrupp.ee\/wp-content\/uploads\/2023\/07\/pilt-kinkekaart-200x137.png 200w, https:\/\/optiumgrupp.ee\/wp-content\/uploads\/2023\/07\/pilt-kinkekaart.png 1042w\" sizes=\"auto, (max-width: 1024px) 100vw, 1024px\" \/><\/a><\/figure><div class=\"wp-block-media-text__content\">\n<strong><a href=\"https:\/\/optiumgrupp.ee\/ru\/product-category\/kinkekaardid\/\" style=\"color:#636363\"><center>\u041f\u041e\u0414\u0410\u0420\u041e\u0427\u041d\u042b\u0415 \u041a\u0410\u0420\u0422\u042b<\/center><\/a><\/strong>\n\n\n\n<center>\u0412 Optium Grupp \u041e\u043f\u0442\u0438\u043a\u0435 \u0432\u044b \u043d\u0430\u0439\u0434\u0435\u0442\u0435 \u043b\u0443\u0447\u0448\u0443\u044e \u0438\u0434\u0435\u044e \u0434\u043b\u044f \u043f\u043e\u0434\u0430\u0440\u043a\u0430 \u2013 \u043f\u043e\u0434\u0430\u0440\u043e\u0447\u043d\u0443\u044e \u043a\u0430\u0440\u0442\u0443 \u0434\u043b\u044f \u043b\u0443\u0447\u0448\u0435\u0433\u043e \u0437\u0440\u0435\u043d\u0438\u044f!<\/center>\n<\/div><\/div>\n\n\n\n<div class=\"wp-block-media-text alignwide is-stacked-on-mobile\" style=\"grid-template-columns:61% auto\"><figure class=\"wp-block-media-text__media\"><a href=\"https:\/\/optiumgrupp.ee\/ru\/BLOGI\/\"><img loading=\"lazy\" decoding=\"async\" width=\"1024\" height=\"700\" src=\"https:\/\/optiumgrupp.ee\/wp-content\/uploads\/2023\/07\/pilt-blogi-1024x700.jpg\" alt=\"\" class=\"wp-image-8367 size-full\" srcset=\"https:\/\/optiumgrupp.ee\/wp-content\/uploads\/2023\/07\/pilt-blogi-1024x700.jpg 1024w, https:\/\/optiumgrupp.ee\/wp-content\/uploads\/2023\/07\/pilt-blogi-300x205.jpg 300w, https:\/\/optiumgrupp.ee\/wp-content\/uploads\/2023\/07\/pilt-blogi-768x525.jpg 768w, https:\/\/optiumgrupp.ee\/wp-content\/uploads\/2023\/07\/pilt-blogi-18x12.jpg 18w, https:\/\/optiumgrupp.ee\/wp-content\/uploads\/2023\/07\/pilt-blogi-624x427.jpg 624w, https:\/\/optiumgrupp.ee\/wp-content\/uploads\/2023\/07\/pilt-blogi-200x137.jpg 200w, https:\/\/optiumgrupp.ee\/wp-content\/uploads\/2023\/07\/pilt-blogi.jpg 1043w\" sizes=\"auto, (max-width: 1024px) 100vw, 1024px\" \/><\/a><\/figure><div class=\"wp-block-media-text__content\">\n<strong><a href=\"https:\/\/optiumgrupp.ee\/ru\/BLOGI\/\" style=\"color:#636363\"><center>\u0411\u041b\u041e\u0413<\/center><\/a><\/strong>\n\n\n\n<center>\u0411\u0443\u0434\u044c\u0442\u0435 \u0432 \u043a\u0443\u0440\u0441\u0435 \u043d\u043e\u0432\u043e\u0441\u0442\u0435\u0439 \u0438\u0437 \u043c\u0438\u0440\u0430 \u043e\u043f\u0442\u0438\u043a\u0438.<\/center>\n<\/div><\/div>","protected":false},"excerpt":{"rendered":"<p>E-POOD Tule tutvu meie uute ja p\u00f5nevate pakkumistega. Ootame Teid! MEIE SALONGID Leia endale l\u00e4him Optium Grupp Optika salong siit! REGISTREERIMINE N\u00c4GEMISKONTROLLILE Tartu, P\u00e4rnu, J\u00f5hvi, Narva, Viljandi P\u00c4IKESEPRILLID P\u00e4ike juba s\u00e4rab ning aeg on oma silmadele parim kaitse leida! KONTAKTL\u00c4\u00c4TSED Aeg on l\u00e4\u00e4tsevarusid t\u00e4iendada! L\u00c4\u00c4TSEHOOLDUSVEDELIK Mitmeotstarbeline valke eemaldav l\u00e4\u00e4tsehooldusvahend igat t\u00fc\u00fcpi pehmetele kontaktl\u00e4\u00e4tsedele (k.a uue [&hellip;]<\/p>","protected":false},"author":1,"featured_media":0,"parent":0,"menu_order":0,"comment_status":"closed","ping_status":"closed","template":"","meta":{"footnotes":""},"class_list":["post-7845","page","type-page","status-publish","hentry"],"_links":{"self":[{"href":"https:\/\/optiumgrupp.ee\/ru\/wp-json\/wp\/v2\/pages\/7845","targetHints":{"allow":["GET"]}}],"collection":[{"href":"https:\/\/optiumgrupp.ee\/ru\/wp-json\/wp\/v2\/pages"}],"about":[{"href":"https:\/\/optiumgrupp.ee\/ru\/wp-json\/wp\/v2\/types\/page"}],"author":[{"embeddable":true,"href":"https:\/\/optiumgrupp.ee\/ru\/wp-json\/wp\/v2\/users\/1"}],"replies":[{"embeddable":true,"href":"https:\/\/optiumgrupp.ee\/ru\/wp-json\/wp\/v2\/comments?post=7845"}],"version-history":[{"count":144,"href":"https:\/\/optiumgrupp.ee\/ru\/wp-json\/wp\/v2\/pages\/7845\/revisions"}],"predecessor-version":[{"id":8894,"href":"https:\/\/optiumgrupp.ee\/ru\/wp-json\/wp\/v2\/pages\/7845\/revisions\/8894"}],"wp:attachment":[{"href":"https:\/\/optiumgrupp.ee\/ru\/wp-json\/wp\/v2\/media?parent=7845"}],"curies":[{"name":"wp","href":"https:\/\/api.w.org\/{rel}","templated":true}]}}