{"id":7441,"date":"2023-03-20T06:47:18","date_gmt":"2023-03-20T06:47:18","guid":{"rendered":"https:\/\/new.optiumgrupp.ee\/?page_id=7441"},"modified":"2026-04-16T15:34:43","modified_gmt":"2026-04-16T12:34:43","slug":"kampaaniad-meie-muugisalongides","status":"publish","type":"page","link":"https:\/\/optiumgrupp.ee\/ru\/kampaaniad-meie-muugisalongides\/","title":{"rendered":""},"content":{"rendered":"<p><\/p>\n\n\n\n<figure class=\"wp-block-image size-large\"><img loading=\"lazy\" decoding=\"async\" width=\"1024\" height=\"460\" src=\"https:\/\/optiumgrupp.ee\/wp-content\/uploads\/2026\/04\/uus50-1024x460.jpg\" alt=\"\" class=\"wp-image-48495\" srcset=\"https:\/\/optiumgrupp.ee\/wp-content\/uploads\/2026\/04\/uus50-1024x460.jpg 1024w, https:\/\/optiumgrupp.ee\/wp-content\/uploads\/2026\/04\/uus50-300x135.jpg 300w, https:\/\/optiumgrupp.ee\/wp-content\/uploads\/2026\/04\/uus50-768x345.jpg 768w, https:\/\/optiumgrupp.ee\/wp-content\/uploads\/2026\/04\/uus50-18x8.jpg 18w, https:\/\/optiumgrupp.ee\/wp-content\/uploads\/2026\/04\/uus50-624x280.jpg 624w, https:\/\/optiumgrupp.ee\/wp-content\/uploads\/2026\/04\/uus50-200x90.jpg 200w, https:\/\/optiumgrupp.ee\/wp-content\/uploads\/2026\/04\/uus50.jpg 1114w\" sizes=\"auto, (max-width: 1024px) 100vw, 1024px\" \/><\/figure>\n\n\n\n<p><\/p>\n\n\n\n<p>\u00b7 <strong>MITMEVAATELISED KLAASID<\/strong><\/p>\n\n\n\n<p>\u00b7 Omega Exact DS Duo+, Fusion, Balance kogu hinnakirja ulatuses -30%<\/p>\n\n\n\n<p>\u00b7 Omega kontorit\u00f6\u00f6 klaasid -30%<\/p>\n\n\n\n<p>\u00b7 Bod Lenses Effecto, Velveto (vastavalt hinnakirjale) -30%<\/p>\n\n\n\n<p>\u00b7 Bod kontorit\u00f6\u00f6 klaasid -30%<\/p>\n\n\n\n<p><strong>\u00dcHEVAATELISED KLAASID<\/strong><\/p>\n\n\n\n<p>\u00b7 Stock ja RX SV &#8211; Omega kataloog -30%<\/p>\n\n\n\n<p>\u00b7 Bod SV RX ja stock -50%<\/p>\n\n\n\n<p>\u00b7 Laoj\u00e4\u00e4gid Maarjam\u00f5isas -50%<\/p>\n\n\n\n<p>Pakkumine kehtib t\u00e4ishinnaga toodetele prilliraamide ja klaaside koosostul kuni 30.04.2026<\/p>\n\n\n<div data-olk-copy-source=\"MessageBody\">\n<div class=\"gmail_quote\">\n<blockquote>\n<div><strong style=\"font-size: 1rem;\"><span style=\"color: #000080;\">OPTLISED T\u00d6\u00d6- JA OHUTUSPRILLID<\/span><\/strong><\/div>\n<\/blockquote>\n<\/div>\n<\/div>\n<div class=\"xyinxu5 x4uap5 x1g2khh7 xkhd6sd\"><span class=\"x193iq5w xeuugli x13faqbe x1vvkbs x1xmvt09 x1lliihq x1s928wv xhkezso x1gmr53x x1cpjm7i x1fgarty x1943h6x xudqn12 x3x7a5m x1f6kntn xvq8zen xo1l8bm xzsf02u\" dir=\"auto\">Aiat\u00f6\u00f6de hooaeg on t\u00e4ies hoos ning Sinu silmad vajavad kindlasti lisakaitset!<br class=\"html-br\" \/><br class=\"html-br\" \/>Lendlev praht, teravad oksad-Sinu silmadele lisab turvatunnet \u00fcks korralik kaitseprill!<br class=\"html-br\" \/><br class=\"html-br\" \/>Selleks, et ei peaks j\u00e4relandmisi tegema ka n\u00e4gemise osas saame Sinu uued kaitseprillid valmistada vastavalt Sinu n\u00e4gemisretseptile!<br class=\"html-br\" \/><br class=\"html-br\" \/>Mida enam oodata- k\u00fclasta l\u00e4himat Optium Grupp Optika salongi ning tee oma silmadele head juba t\u00e4na!<\/span><\/div>\n<div><img loading=\"lazy\" decoding=\"async\" class=\"alignnone size-full wp-image-8871\" src=\"https:\/\/optiumgrupp.ee\/wp-content\/uploads\/2024\/05\/optium-kaitseprillid-1114x207-kodukas-est-13-12.jpg\" alt=\"\" width=\"1114\" height=\"207\" srcset=\"https:\/\/optiumgrupp.ee\/wp-content\/uploads\/2024\/05\/optium-kaitseprillid-1114x207-kodukas-est-13-12.jpg 1114w, https:\/\/optiumgrupp.ee\/wp-content\/uploads\/2024\/05\/optium-kaitseprillid-1114x207-kodukas-est-13-12-300x56.jpg 300w, https:\/\/optiumgrupp.ee\/wp-content\/uploads\/2024\/05\/optium-kaitseprillid-1114x207-kodukas-est-13-12-1024x190.jpg 1024w, https:\/\/optiumgrupp.ee\/wp-content\/uploads\/2024\/05\/optium-kaitseprillid-1114x207-kodukas-est-13-12-768x143.jpg 768w, https:\/\/optiumgrupp.ee\/wp-content\/uploads\/2024\/05\/optium-kaitseprillid-1114x207-kodukas-est-13-12-18x3.jpg 18w, https:\/\/optiumgrupp.ee\/wp-content\/uploads\/2024\/05\/optium-kaitseprillid-1114x207-kodukas-est-13-12-624x116.jpg 624w, https:\/\/optiumgrupp.ee\/wp-content\/uploads\/2024\/05\/optium-kaitseprillid-1114x207-kodukas-est-13-12-200x37.jpg 200w\" sizes=\"auto, (max-width: 1114px) 100vw, 1114px\" \/><\/div>\n<p><span style=\"color: #000080;\"><strong>\u0412 \u041c\u0415\u0421\u042f\u0426 \u0414\u041d\u042f \u0420\u041e\u0416\u0414\u0415\u041d\u0418\u042f \u0412\u0421\u0415 \u041e\u041f\u0420\u0410\u0412\u042b \u0414\u041b\u042f \u041e\u0427\u041a\u041e\u0412 -30%<\/strong><\/span><\/p>\n\n\n<p><\/p>\n\n\n\n<p>Pakkumine kehtib prilliraamide ja klaaside koosostul. T\u00e4psemad kampaania tingimused meie m\u00fc\u00fcgisalongides.<\/p>\n\n\n\n<figure class=\"wp-block-gallery has-nested-images columns-default is-cropped wp-block-gallery-1 is-layout-flex wp-block-gallery-is-layout-flex\">\n<figure class=\"wp-block-image size-full\"><img loading=\"lazy\" decoding=\"async\" width=\"740\" height=\"307\" data-id=\"7442\" src=\"https:\/\/optiumgrupp.ee\/wp-content\/uploads\/2023\/03\/optium_grupp_ou_sunnipaevalastele_sunnikuul_klaasid.jpg\" alt=\"\" class=\"wp-image-7442\" srcset=\"https:\/\/optiumgrupp.ee\/wp-content\/uploads\/2023\/03\/optium_grupp_ou_sunnipaevalastele_sunnikuul_klaasid.jpg 740w, https:\/\/optiumgrupp.ee\/wp-content\/uploads\/2023\/03\/optium_grupp_ou_sunnipaevalastele_sunnikuul_klaasid-300x124.jpg 300w, https:\/\/optiumgrupp.ee\/wp-content\/uploads\/2023\/03\/optium_grupp_ou_sunnipaevalastele_sunnikuul_klaasid-624x259.jpg 624w, https:\/\/optiumgrupp.ee\/wp-content\/uploads\/2023\/03\/optium_grupp_ou_sunnipaevalastele_sunnikuul_klaasid-200x83.jpg 200w\" sizes=\"auto, (max-width: 740px) 100vw, 740px\" \/><\/figure>\n<\/figure>\n\n\n<h4><span style=\"color: #000080;\"><strong>\u041f\u0420\u0418\u0421\u041e\u0415\u0414\u0418\u041d\u042f\u0419\u0422\u0415\u0421\u042c \u041a \u041d\u0410\u0428\u0415\u0419 \u0420\u0410\u0421\u0421\u042b\u041b\u041a\u0415 \u041d\u041e\u0412\u041e\u0421\u0422\u0415\u0419!<\/strong><\/span><\/h4>\n<p>\u041f\u043e\u0434\u043f\u0438\u0448\u0438\u0442\u0435\u0441\u044c \u043d\u0430 \u043d\u0430\u0448\u0443 \u0440\u0430\u0441\u0441\u044b\u043b\u043a\u0443 \u0438 \u0443\u0437\u043d\u0430\u0432\u0430\u0439\u0442\u0435 \u043f\u0435\u0440\u0432\u044b\u043c\u0438 \u043e \u043d\u0430\u0448\u0438\u0445 \u043b\u0443\u0447\u0448\u0438\u0445 \u043f\u0440\u0435\u0434\u043b\u043e\u0436\u0435\u043d\u0438\u044f\u0445 \u0438 \u043d\u043e\u0432\u043e\u0441\u0442\u044f\u0445!<\/p>\n\n<style id=\"wpforms-css-vars-root\">\n\t\t\t\t:root {\n\t\t\t\t\t--wpforms-field-border-radius: 3px;\n--wpforms-field-background-color: #ffffff;\n--wpforms-field-border-color: rgba( 0, 0, 0, 0.25 );\n--wpforms-field-text-color: rgba( 0, 0, 0, 0.7 );\n--wpforms-label-color: rgba( 0, 0, 0, 0.85 );\n--wpforms-label-sublabel-color: rgba( 0, 0, 0, 0.55 );\n--wpforms-label-error-color: #d63637;\n--wpforms-button-border-radius: 3px;\n--wpforms-button-background-color: #066aab;\n--wpforms-button-text-color: #ffffff;\n--wpforms-field-size-input-height: 43px;\n--wpforms-field-size-input-spacing: 15px;\n--wpforms-field-size-font-size: 16px;\n--wpforms-field-size-line-height: 19px;\n--wpforms-field-size-padding-h: 14px;\n--wpforms-field-size-checkbox-size: 16px;\n--wpforms-field-size-sublabel-spacing: 5px;\n--wpforms-field-size-icon-size: 1;\n--wpforms-label-size-font-size: 16px;\n--wpforms-label-size-line-height: 19px;\n--wpforms-label-size-sublabel-font-size: 14px;\n--wpforms-label-size-sublabel-line-height: 17px;\n--wpforms-button-size-font-size: 17px;\n--wpforms-button-size-height: 41px;\n--wpforms-button-size-padding-h: 15px;\n--wpforms-button-size-margin-top: 10px;\n\n\t\t\t\t}\n\t\t\t<\/style>\n\n\n<p><\/p>","protected":false},"excerpt":{"rendered":"<p>\u00b7 MITMEVAATELISED KLAASID \u00b7 Omega Exact DS Duo+, Fusion, Balance kogu hinnakirja ulatuses -30% \u00b7 Omega kontorit\u00f6\u00f6 klaasid -30% \u00b7 Bod Lenses Effecto, Velveto (vastavalt hinnakirjale) -30% \u00b7 Bod kontorit\u00f6\u00f6 klaasid -30% \u00dcHEVAATELISED KLAASID \u00b7 Stock ja RX SV &#8211; Omega kataloog -30% \u00b7 Bod SV RX ja stock -50% \u00b7 Laoj\u00e4\u00e4gid Maarjam\u00f5isas -50% Pakkumine [&hellip;]<\/p>","protected":false},"author":1,"featured_media":0,"parent":0,"menu_order":0,"comment_status":"closed","ping_status":"closed","template":"","meta":{"footnotes":""},"class_list":["post-7441","page","type-page","status-publish","hentry"],"_links":{"self":[{"href":"https:\/\/optiumgrupp.ee\/ru\/wp-json\/wp\/v2\/pages\/7441","targetHints":{"allow":["GET"]}}],"collection":[{"href":"https:\/\/optiumgrupp.ee\/ru\/wp-json\/wp\/v2\/pages"}],"about":[{"href":"https:\/\/optiumgrupp.ee\/ru\/wp-json\/wp\/v2\/types\/page"}],"author":[{"embeddable":true,"href":"https:\/\/optiumgrupp.ee\/ru\/wp-json\/wp\/v2\/users\/1"}],"replies":[{"embeddable":true,"href":"https:\/\/optiumgrupp.ee\/ru\/wp-json\/wp\/v2\/comments?post=7441"}],"version-history":[{"count":224,"href":"https:\/\/optiumgrupp.ee\/ru\/wp-json\/wp\/v2\/pages\/7441\/revisions"}],"predecessor-version":[{"id":48509,"href":"https:\/\/optiumgrupp.ee\/ru\/wp-json\/wp\/v2\/pages\/7441\/revisions\/48509"}],"wp:attachment":[{"href":"https:\/\/optiumgrupp.ee\/ru\/wp-json\/wp\/v2\/media?parent=7441"}],"curies":[{"name":"wp","href":"https:\/\/api.w.org\/{rel}","templated":true}]}}