{"id":7408,"date":"2023-03-13T10:53:09","date_gmt":"2023-03-13T10:53:09","guid":{"rendered":"https:\/\/new.optiumgrupp.ee\/?page_id=7408"},"modified":"2025-12-19T10:04:16","modified_gmt":"2025-12-19T08:04:16","slug":"firmast","status":"publish","type":"page","link":"https:\/\/optiumgrupp.ee\/ru\/firmast\/","title":{"rendered":"\u041e \u0444\u0438\u0440\u043c\u0435"},"content":{"rendered":"<p><strong>O\u00dc Optium Grupp<\/strong> \u044f\u0432\u043b\u044f\u0435\u0442\u0441\u044f \u043f\u0440\u0435\u0434\u043f\u0440\u0438\u044f\u0442\u0438\u0435\u043c \u0440\u043e\u0437\u043d\u0438\u0447\u043d\u043e\u0439 \u0442\u043e\u0440\u0433\u043e\u0432\u043b\u0438 \u043e\u043f\u0442\u0438\u043a\u043e\u0439, \u043a\u043e\u0442\u043e\u0440\u043e\u0435 \u043d\u0430\u0447\u0430\u043b\u043e \u0441\u0432\u043e\u044e \u0434\u0435\u044f\u0442\u0435\u043b\u044c\u043d\u043e\u0441\u0442\u044c \u0432 \u0422\u0430\u0440\u0442\u0443\u0441\u043a\u043e\u0439 \u043f\u043e\u043b\u0438\u043a\u043b\u0438\u043d\u0438\u043a\u0435 Maarjam\u00f5isa 18.01.1997.<\/p>\n\n\n\n<p>\u0412 \u043d\u0430\u0447\u0430\u043b\u0435 \u043f\u0440\u043e\u0432\u043e\u0434\u0438\u043b\u0438\u0441\u044c \u043f\u0440\u043e\u0432\u0435\u0440\u043a\u0438 \u0437\u0440\u0435\u043d\u0438\u044f \u043e\u0444\u0442\u0430\u043b\u044c\u043c\u043e\u043b\u043e\u0433\u0430\u043c\u0438. \u0421 2008 \u0433\u043e\u0434\u0430 \u043a\u043e\u043d\u0446\u0435\u043f\u0446\u0438\u044f \u043a\u043e\u043c\u043f\u0430\u043d\u0438\u0438 \u0438\u0437\u043c\u0435\u043d\u0438\u043b\u0430\u0441\u044c, \u0438 \u043f\u043e\u043c\u0438\u043c\u043e \u043e\u0444\u0442\u0430\u043b\u044c\u043c\u043e\u043b\u043e\u0433\u043e\u0432 \u0443 \u043d\u0430\u0441 \u0440\u0430\u0431\u043e\u0442\u0430\u044e\u0442 \u043e\u043f\u0442\u043e\u043c\u0435\u0442\u0440\u0438\u0441\u0442\u044b, \u043e\u043a\u043e\u043d\u0447\u0438\u0432\u0448\u0438\u0435 \u0422\u0430\u043b\u043b\u0438\u043d\u043d\u0441\u043a\u0438\u0439 \u0443\u043d\u0438\u0432\u0435\u0440\u0441\u0438\u0442\u0435\u0442 \u0437\u0434\u043e\u0440\u043e\u0432\u044c\u044f (Tallinna Tervishoiu K\u00f5rgkool). \u041f\u043e\u0441\u043a\u043e\u043b\u044c\u043a\u0443 \u043f\u0440\u0435\u0434\u043f\u0440\u0438\u044f\u0442\u0438\u0435 \u043d\u0430\u0445\u043e\u0434\u0438\u0442\u0441\u044f \u0432 \u043a\u043b\u0438\u043d\u0438\u043a\u0435 \u0422\u0430\u0440\u0442\u0443\u0441\u043a\u043e\u0433\u043e \u0443\u043d\u0438\u0432\u0435\u0440\u0441\u0438\u0442\u0435\u0442\u0430, \u0443 \u043d\u0430\u0441 \u0445\u043e\u0440\u043e\u0448\u0435\u0435 \u0441\u043e\u0442\u0440\u0443\u0434\u043d\u0438\u0447\u0435\u0441\u0442\u0432\u043e \u0441 \u0442\u0430\u0440\u0442\u0443\u0441\u043a\u0438\u043c\u0438 \u043e\u0444\u0442\u0430\u043b\u044c\u043c\u043e\u043b\u043e\u0433\u0430\u043c\u0438.<\/p>\n\n\n\n<p>\u041e\u0441\u043d\u043e\u0432\u043d\u044b\u043c \u043d\u0430\u043f\u0440\u0430\u0432\u043b\u0435\u043d\u0438\u0435\u043c \u0434\u0435\u044f\u0442\u0435\u043b\u044c\u043d\u043e\u0441\u0442\u0438 \u043a\u043e\u043c\u043f\u0430\u043d\u0438\u0438 \u044f\u0432\u043b\u044f\u0435\u0442\u0441\u044f \u043f\u0440\u043e\u0432\u0435\u0440\u043a\u0430 \u0437\u0440\u0435\u043d\u0438\u044f, \u0437\u0430\u043a\u0430\u0437 \u043e\u0447\u043a\u043e\u0432\u044b\u0445 \u043b\u0438\u043d\u0437 \u0438 \u0438\u0437\u0433\u043e\u0442\u043e\u0432\u043b\u0435\u043d\u0438\u0435 \u043e\u0447\u043a\u043e\u0432.<br>\u041e\u0447\u043a\u0438 \u0438\u0437\u0433\u043e\u0442\u0430\u0432\u043b\u0438\u0432\u0430\u044e\u0442\u0441\u044f \u0432 \u043d\u0430\u0448\u0435\u0439 \u0441\u043e\u0431\u0441\u0442\u0432\u0435\u043d\u043d\u043e\u0439 \u043b\u0430\u0431\u043e\u0440\u0430\u0442\u043e\u0440\u0438\u0438 \u0432 \u0422\u0430\u0440\u0442\u0443 \u043d\u0430 \u043f\u043e\u043b\u043d\u043e\u0441\u0442\u044c\u044e \u0430\u0432\u0442\u043e\u043c\u0430\u0442\u0438\u0447\u0435\u0441\u043a\u043e\u043c \u0444\u0440\u0430\u043d\u0446\u0443\u0437\u0441\u043a\u043e\u043c \u043e\u0431\u043e\u0440\u0443\u0434\u043e\u0432\u0430\u043d\u0438\u0438 \u00abEssilor\u00bb, \u0447\u0442\u043e \u043f\u043e\u0437\u0432\u043e\u043b\u044f\u0435\u0442 \u043f\u0440\u043e\u0438\u0437\u0432\u043e\u0434\u0438\u0442\u044c \u043e\u0447\u043a\u0438 \u0432\u044b\u0441\u043e\u043a\u043e\u0433\u043e \u043a\u0430\u0447\u0435\u0441\u0442\u0432\u0430.<\/p>\n\n\n\n<p>\u041d\u0430\u0448\u0438 \u0441\u0430\u043b\u043e\u043d\u044b \u043d\u0430\u0445\u043e\u0434\u044f\u0442\u0441\u044f <strong>\u0422\u0430\u0440\u0442\u0443, \u041d\u0430\u0440\u0432\u0430, \u041f\u044f\u0440\u043d\u0443, \u0419\u044b\u0445\u0432\u0438 \u0438 \u0412\u0438\u043b\u044c\u044f\u043d\u0434\u0438<\/strong>.<\/p>\n\n\n\n<p>\u041c\u044b \u043f\u0440\u0435\u0434\u043b\u0430\u0433\u0430\u0435\u043c \u0442\u043e\u0432\u0430\u0440\u044b \u0438\u0437 \u0440\u0430\u0437\u043d\u044b\u0445 \u0441\u0442\u0440\u0430\u043d - \u0418\u0442\u0430\u043b\u0438\u0438, \u0424\u0440\u0430\u043d\u0446\u0438\u0438, \u0413\u0435\u0440\u043c\u0430\u043d\u0438\u0438, \u0410\u043d\u0433\u043b\u0438\u0438.<\/p>\n\n\n\n<p>T\u00e4psemalt saate tutvuda meie firmaga kodulehel: &nbsp;www.optiumgrupp.ee<\/p>","protected":false},"excerpt":{"rendered":"<p>O\u00dc Optium Grupp on optika jaem\u00fc\u00fcgi firma, mis alustas oma tegevust Tartu Maarjam\u00f5isa Polikliinikus 18.01.1997. Alguses viisid n\u00e4gemise kontrolle l\u00e4bi silmaarstid. Alates 2008. aastast on muutunud firma kontseptsioon ja lisaks silmaarstidele t\u00f6\u00f6tavad meil ka optometristid, kes on l\u00f5petanud Tallinna Tervishoiu K\u00f5rgkooli. Kuna firma asub Tartu \u00dclikooli Kliinikumis, on meil hea koost\u00f6\u00f6 Tartu silmaarstidega. Firma p\u00f5hitegevuseks [&hellip;]<\/p>","protected":false},"author":1,"featured_media":0,"parent":0,"menu_order":0,"comment_status":"closed","ping_status":"closed","template":"","meta":{"footnotes":""},"class_list":["post-7408","page","type-page","status-publish","hentry"],"_links":{"self":[{"href":"https:\/\/optiumgrupp.ee\/ru\/wp-json\/wp\/v2\/pages\/7408","targetHints":{"allow":["GET"]}}],"collection":[{"href":"https:\/\/optiumgrupp.ee\/ru\/wp-json\/wp\/v2\/pages"}],"about":[{"href":"https:\/\/optiumgrupp.ee\/ru\/wp-json\/wp\/v2\/types\/page"}],"author":[{"embeddable":true,"href":"https:\/\/optiumgrupp.ee\/ru\/wp-json\/wp\/v2\/users\/1"}],"replies":[{"embeddable":true,"href":"https:\/\/optiumgrupp.ee\/ru\/wp-json\/wp\/v2\/comments?post=7408"}],"version-history":[{"count":3,"href":"https:\/\/optiumgrupp.ee\/ru\/wp-json\/wp\/v2\/pages\/7408\/revisions"}],"predecessor-version":[{"id":48320,"href":"https:\/\/optiumgrupp.ee\/ru\/wp-json\/wp\/v2\/pages\/7408\/revisions\/48320"}],"wp:attachment":[{"href":"https:\/\/optiumgrupp.ee\/ru\/wp-json\/wp\/v2\/media?parent=7408"}],"curies":[{"name":"wp","href":"https:\/\/api.w.org\/{rel}","templated":true}]}}