{"id":55,"date":"2023-03-08T10:13:41","date_gmt":"2023-03-08T10:13:41","guid":{"rendered":"https:\/\/new.optiumgrupp.ee\/?page_id=55"},"modified":"2025-11-11T14:55:25","modified_gmt":"2025-11-11T12:55:25","slug":"salongid","status":"publish","type":"page","link":"https:\/\/optiumgrupp.ee\/ru\/salongid\/","title":{"rendered":"\u0421\u0410\u041b\u041e\u041d\u042b \u041e\u041f\u0422\u0418\u041a\u0418 OPTIUM GRUPP"},"content":{"rendered":"<h3><strong>\u041f\u042f\u0420\u041d\u0423<\/strong><\/h3>\n<p><span style=\"color: #000080;\"><strong>\u0422\u041e\u0420\u0413\u041e\u0412\u042b\u0419 \u0426\u0415\u041d\u0422\u0420 PORT ARTUR 2<\/strong><\/span><br \/>\n\u041f\u044f\u0440\u043d\u0443, \u041b\u0430\u0439 11<br \/>\n\u041f\u043d-\u0421\u0431 10:00 - 20:00<br \/>\n\u0412\u0441 10:00 - 18:00<br \/>\nTel: <a href=\"tel: 3724452521\">+372 445 2521<\/a><br \/>\n\u042d\u043b\u0435\u043a\u0442\u0440\u043e\u043d\u043d\u0430\u044f \u043f\u043e\u0447\u0442\u0430: <a href=\"mailto:parnu@optiumgrupp.ee\">parnu@optiumgrupp.ee<\/a><\/p>\n<p><img loading=\"lazy\" decoding=\"async\" class=\"alignnone  wp-image-7685\" src=\"https:\/\/optiumgrupp.ee\/wp-content\/uploads\/2023\/04\/portartur-e1681906753330.jpg\" alt=\"\" width=\"210\" height=\"210\" srcset=\"https:\/\/optiumgrupp.ee\/wp-content\/uploads\/2023\/04\/portartur-e1681906753330.jpg 385w, https:\/\/optiumgrupp.ee\/wp-content\/uploads\/2023\/04\/portartur-e1681906753330-300x300.jpg 300w, https:\/\/optiumgrupp.ee\/wp-content\/uploads\/2023\/04\/portartur-e1681906753330-150x150.jpg 150w, https:\/\/optiumgrupp.ee\/wp-content\/uploads\/2023\/04\/portartur-e1681906753330-200x200.jpg 200w, https:\/\/optiumgrupp.ee\/wp-content\/uploads\/2023\/04\/portartur-e1681906753330-100x100.jpg 100w\" sizes=\"auto, (max-width: 210px) 100vw, 210px\" \/> <a href=\"https:\/\/portartur.ee\/k\/optium-grupp\/\"><img loading=\"lazy\" decoding=\"async\" class=\"alignnone  wp-image-7686\" src=\"https:\/\/optiumgrupp.ee\/wp-content\/uploads\/2023\/04\/parnu.jpg\" alt=\"\" width=\"280\" height=\"210\" \/> <\/a><\/p>\n<p><iframe loading=\"lazy\" src=\"https:\/\/maps.google.com\/maps?width=100%25&amp;height=200&amp;hl=en&amp;q=P%C3%A4rnu,%20Lai%2011+(My%20Business%20Name)&amp;t=&amp;z=14&amp;ie=UTF8&amp;iwloc=B&amp;output=embed\" width=\"87%\" height=\"125\" frameborder=\"0\" marginwidth=\"0\" marginheight=\"0\" scrolling=\"no\" data-mce-fragment=\"1\"><a href=\"https:\/\/www.gps.ie\/marine-gps\/\">ship tracker<\/a><\/iframe><\/p>\n<h3>\u0422\u0410\u0420\u0422\u0423<\/h3>\n<p><span style=\"color: #000080;\"><strong>\u0422\u0410\u0420\u0422\u0423 EEDEN<\/strong><\/span><br \/>\n\u0422\u0430\u0440\u0442\u0443, \u041a\u0430\u043b\u0434\u0430 \u0442\u0435\u044d 1\u0441<br \/>\nE-L 10.00 \u2013 21.00<br \/>\nP 10.00-19.00<br \/>\nTel: <a href=\"tel: 3727441811\">+372 744 1811<\/a><br \/>\n\u042d\u043b\u0435\u043a\u0442\u0440\u043e\u043d\u043d\u0430\u044f \u043f\u043e\u0447\u0442\u0430: <a href=\"\/ru\/eeden@optiumgrupp.ee\/\">eeden@optiumgrupp.ee<\/a><\/p>\n<p><a href=\"https:\/\/www.eeden.ee\/kauplused\/list\/poed\/teenused\/optium-grupp-optika\/\"><img loading=\"lazy\" decoding=\"async\" class=\"alignnone  wp-image-7692\" src=\"https:\/\/optiumgrupp.ee\/wp-content\/uploads\/2023\/04\/Eeden-keskus-e1681907323658-300x300.png\" alt=\"\" width=\"210\" height=\"210\" \/><\/a> <a href=\"https:\/\/www.eeden.ee\/kauplused\/list\/poed\/teenused\/optium-grupp-optika\/\"><img loading=\"lazy\" decoding=\"async\" class=\"alignnone  wp-image-7694\" src=\"https:\/\/optiumgrupp.ee\/wp-content\/uploads\/2023\/04\/eeden.jpg\" alt=\"\" width=\"280\" height=\"210\" \/><\/a><\/p>\n<p><iframe loading=\"lazy\" src=\"https:\/\/maps.google.com\/maps?width=100%25&amp;height=200&amp;hl=en&amp;q=Tartu,%20Kalda%20tee%201c+(My%20Business%20Name)&amp;t=&amp;z=14&amp;ie=UTF8&amp;iwloc=B&amp;output=embed\" width=\"87%\" height=\"125\" frameborder=\"0\" marginwidth=\"0\" marginheight=\"0\" scrolling=\"no\" data-mce-fragment=\"1\"><a href=\"https:\/\/www.gps.ie\/marine-gps\/\">shipping gps<\/a><\/iframe><\/p>\n<p><span style=\"color: #000080;\"><strong>\u0422\u0410\u0420\u0422\u0423 L\u00d5UNAKESKUS<\/strong><\/span><br \/>\n\u0422\u0430\u0440\u0442\u0443, \u041b\u044f\u044d\u043d\u0435\u0440\u0438\u043d\u0433\u0442\u0435\u044d 39<br \/>\n\u041f\u043d-\u0412\u0441 10:00 - 21:00<br \/>\nTel: <a href=\"tel: 3727441167\">+372 744 1167<\/a><br \/>\n\u042d\u043b\u0435\u043a\u0442\u0440\u043e\u043d\u043d\u0430\u044f \u043f\u043e\u0447\u0442\u0430: <a href=\"mailto:lounakeskus@optiumgrupp.ee\">lounakeskus@optiumgrupp.ee<\/a><\/p>\n<p><span style=\"color: #333399;\"><a style=\"color: #333399;\" href=\"https:\/\/astri.ee\/lounakeskus\/majajuht\/#\/profile?location=LK-173\"><img loading=\"lazy\" decoding=\"async\" class=\"alignnone  wp-image-7697\" src=\"https:\/\/optiumgrupp.ee\/wp-content\/uploads\/2023\/04\/lounakeskus-300x298.jpg\" alt=\"\" width=\"212\" height=\"210\" srcset=\"https:\/\/optiumgrupp.ee\/wp-content\/uploads\/2023\/04\/lounakeskus-300x298.jpg 300w, https:\/\/optiumgrupp.ee\/wp-content\/uploads\/2023\/04\/lounakeskus-150x150.jpg 150w, https:\/\/optiumgrupp.ee\/wp-content\/uploads\/2023\/04\/lounakeskus-624x620.jpg 624w, https:\/\/optiumgrupp.ee\/wp-content\/uploads\/2023\/04\/lounakeskus-200x199.jpg 200w, https:\/\/optiumgrupp.ee\/wp-content\/uploads\/2023\/04\/lounakeskus-100x100.jpg 100w, https:\/\/optiumgrupp.ee\/wp-content\/uploads\/2023\/04\/lounakeskus.jpg 634w\" sizes=\"auto, (max-width: 212px) 100vw, 212px\" \/><\/a> <\/span><a href=\"https:\/\/astri.ee\/optium-optika\/\"><img loading=\"lazy\" decoding=\"async\" class=\"alignnone  wp-image-7730\" src=\"https:\/\/optiumgrupp.ee\/wp-content\/uploads\/2023\/04\/louna.jpg\" alt=\"\" width=\"280\" height=\"211\" \/><\/a><\/p>\n<p><iframe loading=\"lazy\" src=\"https:\/\/www.google.com\/maps\/embed?pb=!1m18!1m12!1m3!1d2093.1059198057133!2d26.674999776748237!3d58.35788398839855!2m3!1f0!2f0!3f0!3m2!1i1024!2i768!4f13.1!3m3!1m2!1s0x46eb377299b02c6d%3A0xcf8af76935a9d6c8!2sL%C3%A4%C3%A4neringtee%2039%2C%2050501%20Tartu!5e0!3m2!1sen!2see!4v1698132521646!5m2!1sen!2see\" width=\"87%\" height=\"125 style=\" allowfullscreen=\"allowfullscreen\"><\/iframe><\/p>\n<p><span style=\"color: #000080;\"><b>\u0426\u0415\u041d\u0422\u0420 \u0417\u0414\u041e\u0420\u041e\u0412\u042c\u042f MAARJAM\u00d5ISA<\/b><\/span><br \/>\n\u0422\u0430\u0440\u0442\u0443, \u041f\u0443\u0443\u0441\u0435\u043f\u0430 1\u0410<br \/>\n\u041f\u043d-\u041f\u0442 08.00 - 16.00<br \/>\nTel: <a href=\"tel: 3727319151\">+372 731 9151<\/a><br \/>\n\u042d\u043b\u0435\u043a\u0442\u0440\u043e\u043d\u043d\u0430\u044f \u043f\u043e\u0447\u0442\u0430: <a href=\"mailto:maarjamoisa@optiumgrupp.ee\">maarjamoisa@optiumgrupp.ee<\/a><\/p>\n<p><img loading=\"lazy\" decoding=\"async\" class=\"alignnone  wp-image-7667\" src=\"https:\/\/optiumgrupp.ee\/wp-content\/uploads\/2023\/04\/Marjamoisa-Optium-grupp-e1681908098627.jpg\" alt=\"\" width=\"225\" height=\"225\" \/> <img loading=\"lazy\" decoding=\"async\" class=\"alignnone  wp-image-7758\" src=\"https:\/\/optiumgrupp.ee\/wp-content\/uploads\/2023\/04\/Maarjamoisa-prillipood-1.jpg\" alt=\"\" width=\"265\" height=\"225\" \/><\/p>\n<p><iframe loading=\"lazy\" src=\"https:\/\/maps.google.com\/maps?width=100%25&amp;height=200&amp;hl=en&amp;q=Tartu,%20Puusepa%201A+(My%20Business%20Name)&amp;t=&amp;z=14&amp;ie=UTF8&amp;iwloc=B&amp;output=embed\" width=\"87%\" height=\"125\" frameborder=\"0\" marginwidth=\"0\" marginheight=\"0\" scrolling=\"no\"><a href=\"https:\/\/www.gps.ie\/marine-gps\/\">navigation gps<\/a><\/iframe><\/p>\n<h3>\u041d\u0410\u0420\u0412\u0410<\/h3>\n<p><span style=\"color: #000080;\"><b>\u0422\u041e\u0420\u0413\u041e\u0412\u042b\u0419 \u0426\u0415\u041d\u0422\u0420 ASTRI<\/b><\/span><br \/>\n\u041d\u0430\u0440\u0432\u0430, \u0422\u0430\u043b\u043b\u0438\u043d\u0441\u043a\u043e\u0435 \u0448\u043e\u0441\u0441\u0435 41<br \/>\n\u041f\u043d-\u0412\u0441 10:00 - 20:00<br \/>\nTel: <a href=\"tel: 3723560974\">+372 356 0974<\/a><br \/>\n\u042d\u043b\u0435\u043a\u0442\u0440\u043e\u043d\u043d\u0430\u044f \u043f\u043e\u0447\u0442\u0430: <a href=\"mailto:narva@optiumgrupp.ee\">narva@optiumgrupp.ee<\/a><\/p>\n<p><a href=\"https:\/\/astri.ee\/astri-keskus\/majajuht\/#\/profile?location=AK-111\"><img loading=\"lazy\" decoding=\"async\" class=\"alignnone  wp-image-7669\" src=\"https:\/\/optiumgrupp.ee\/wp-content\/uploads\/2023\/04\/astri-keskus-e1681908289680-300x300.jpg\" alt=\"\" width=\"211\" height=\"211\" srcset=\"https:\/\/optiumgrupp.ee\/wp-content\/uploads\/2023\/04\/astri-keskus-e1681908289680-300x300.jpg 300w, https:\/\/optiumgrupp.ee\/wp-content\/uploads\/2023\/04\/astri-keskus-e1681908289680-150x150.jpg 150w, https:\/\/optiumgrupp.ee\/wp-content\/uploads\/2023\/04\/astri-keskus-e1681908289680-624x624.jpg 624w, https:\/\/optiumgrupp.ee\/wp-content\/uploads\/2023\/04\/astri-keskus-e1681908289680-200x200.jpg 200w, https:\/\/optiumgrupp.ee\/wp-content\/uploads\/2023\/04\/astri-keskus-e1681908289680-100x100.jpg 100w, https:\/\/optiumgrupp.ee\/wp-content\/uploads\/2023\/04\/astri-keskus-e1681908289680.jpg 630w\" sizes=\"auto, (max-width: 211px) 100vw, 211px\" \/><\/a> <img loading=\"lazy\" decoding=\"async\" class=\"alignnone  wp-image-7837\" src=\"https:\/\/optiumgrupp.ee\/wp-content\/uploads\/2023\/05\/Astri-prillipood-300x225.jpg\" alt=\"\" width=\"281\" height=\"211\" srcset=\"https:\/\/optiumgrupp.ee\/wp-content\/uploads\/2023\/05\/Astri-prillipood-300x225.jpg 300w, https:\/\/optiumgrupp.ee\/wp-content\/uploads\/2023\/05\/Astri-prillipood-1024x767.jpg 1024w, https:\/\/optiumgrupp.ee\/wp-content\/uploads\/2023\/05\/Astri-prillipood-768x575.jpg 768w, https:\/\/optiumgrupp.ee\/wp-content\/uploads\/2023\/05\/Astri-prillipood-16x12.jpg 16w, https:\/\/optiumgrupp.ee\/wp-content\/uploads\/2023\/05\/Astri-prillipood-624x467.jpg 624w, https:\/\/optiumgrupp.ee\/wp-content\/uploads\/2023\/05\/Astri-prillipood-200x150.jpg 200w, https:\/\/optiumgrupp.ee\/wp-content\/uploads\/2023\/05\/Astri-prillipood.jpg 1170w\" sizes=\"auto, (max-width: 281px) 100vw, 281px\" \/><\/p>\n<p><iframe loading=\"lazy\" src=\"https:\/\/maps.google.com\/maps?width=100%25&amp;height=200&amp;hl=en&amp;q=Narva,%20Tallinna%20mnt%2041+(My%20Business%20Name)&amp;t=&amp;z=14&amp;ie=UTF8&amp;iwloc=B&amp;output=embed\" width=\"87%\" height=\"125\" frameborder=\"0\" marginwidth=\"0\" marginheight=\"0\" scrolling=\"no\"><a href=\"https:\/\/www.gps.ie\/marine-gps\/\">ship tracker<\/a><\/iframe><\/p>\n<h3>\u0419\u042b\u0425\u0412\u0418<\/h3>\n<p><span style=\"color: #000080;\"><b>JEWE KESKUS<\/b><\/span><br \/>\n<strong><span style=\"color: #ff0000;\">UUS AADRESS!<\/span><\/strong> J\u00f5hvi, Narva mnt 8<br \/>\nE-R 09.00-19.00<br \/>\nL 09.00-16.00<br \/>\n\u0412\u0441 - \u0437\u0430\u043a\u0440\u044b\u0442\u043e<br \/>\nTel: <a href=\"tel: 3723327575\">+372 332 7575<\/a><br \/>\n\u042d\u043b\u0435\u043a\u0442\u0440\u043e\u043d\u043d\u0430\u044f \u043f\u043e\u0447\u0442\u0430: <a href=\"mailto:johvi@optiumgrupp.ee\">johvi@optiumgrupp.ee<\/a><br \/>\n<a href=\"https:\/\/www.jewekeskus.ee\/\"><img loading=\"lazy\" decoding=\"async\" class=\"alignnone  wp-image-7630\" src=\"https:\/\/optiumgrupp.ee\/wp-content\/uploads\/2025\/08\/jewekeskus2-300x225.jpeg\" alt=\"\" width=\"275\" height=\"210\" \/><\/a> <img loading=\"lazy\" decoding=\"async\" class=\"alignnone  wp-image-7719\" src=\"https:\/\/optiumgrupp.ee\/wp-content\/uploads\/2025\/09\/jewe-1.jpg\" alt=\"\" width=\"282\" height=\"211\" \/><\/p>\n<p><iframe loading=\"lazy\" src=\"https:\/\/www.google.com\/maps\/embed?pb=!1m18!1m12!1m3!1d2033.5268292537755!2d27.415421312599612!3d59.357545908656135!2m3!1f0!2f0!3f0!3m2!1i1024!2i768!4f13.1!3m3!1m2!1s0x46946f876f8f612d%3A0xbbfa587a8d35020!2sJewe%20Center!5e0!3m2!1sen!2sus!4v1758192903342!5m2!1sen!2sus\" width=\"99%\" height=\"125\" frameborder=\"0\" marginwidth=\"0\" marginheight=\"0\" scrolling=\"no\"><a href=\"https:\/\/www.gps.ie\/marine-gps\/\">marine gps<\/a><\/iframe><\/p>\n<h3>\u0412\u0418\u041b\u042c\u042f\u041d\u0414\u0418<\/h3>\n<p><span style=\"color: #000080;\"><b>\u0422\u041e\u0420\u0413\u041e\u0412\u042b\u0419 \u0426\u0415\u041d\u0422\u0420 UKU<\/b><\/span><br \/>\n\u0412\u0438\u043b\u044c\u044f\u043d\u0434\u0438, \u0422\u0430\u043b\u043b\u0438\u043d\u0441\u043a\u043e\u0435 \u0448\u043e\u0441\u0441\u0435 41<br \/>\n\u041f\u043d-\u041f\u0442 09.00 \u2013 19.00<br \/>\n\u0421\u0431 09.00 \u2013 17.00<br \/>\n\u0412\u0441 10.00 \u2013 15.00<br \/>\nTel: <a href=\"tel: 3724494343\">+372 449 4343<\/a><br \/>\n\u042d\u043b\u0435\u043a\u0442\u0440\u043e\u043d\u043d\u0430\u044f \u043f\u043e\u0447\u0442\u0430: <a href=\"\/ru\/viljandi@optiumgrupp.ee\/\">viljandi@optiumgrupp.ee<\/a><\/p>\n<p><a href=\"https:\/\/www.ukukeskus.ee\/majaplaan\/\"><img loading=\"lazy\" decoding=\"async\" class=\"alignnone  wp-image-7630\" src=\"https:\/\/optiumgrupp.ee\/wp-content\/uploads\/2023\/04\/Uku-kaubanduskeskus_2-2000x1200-1-e1681908749545-300x300.jpg\" alt=\"\" width=\"210\" height=\"210\" srcset=\"https:\/\/optiumgrupp.ee\/wp-content\/uploads\/2023\/04\/Uku-kaubanduskeskus_2-2000x1200-1-e1681908749545-300x300.jpg 300w, https:\/\/optiumgrupp.ee\/wp-content\/uploads\/2023\/04\/Uku-kaubanduskeskus_2-2000x1200-1-e1681908749545-1024x1024.jpg 1024w, https:\/\/optiumgrupp.ee\/wp-content\/uploads\/2023\/04\/Uku-kaubanduskeskus_2-2000x1200-1-e1681908749545-150x150.jpg 150w, https:\/\/optiumgrupp.ee\/wp-content\/uploads\/2023\/04\/Uku-kaubanduskeskus_2-2000x1200-1-e1681908749545-768x768.jpg 768w, https:\/\/optiumgrupp.ee\/wp-content\/uploads\/2023\/04\/Uku-kaubanduskeskus_2-2000x1200-1-e1681908749545-624x624.jpg 624w, https:\/\/optiumgrupp.ee\/wp-content\/uploads\/2023\/04\/Uku-kaubanduskeskus_2-2000x1200-1-e1681908749545-200x200.jpg 200w, https:\/\/optiumgrupp.ee\/wp-content\/uploads\/2023\/04\/Uku-kaubanduskeskus_2-2000x1200-1-e1681908749545-100x100.jpg 100w, https:\/\/optiumgrupp.ee\/wp-content\/uploads\/2023\/04\/Uku-kaubanduskeskus_2-2000x1200-1-e1681908749545.jpg 1200w\" sizes=\"auto, (max-width: 210px) 100vw, 210px\" \/><\/a> <img loading=\"lazy\" decoding=\"async\" class=\"alignnone  wp-image-7719\" src=\"https:\/\/optiumgrupp.ee\/wp-content\/uploads\/2023\/04\/uku.jpg\" alt=\"\" width=\"282\" height=\"211\" \/><\/p>\n<p><iframe loading=\"lazy\" src=\"https:\/\/www.google.com\/maps\/embed?pb=!1m18!1m12!1m3!1d2092.405753741123!2d25.592847865534992!3d58.36969369662047!2m3!1f0!2f0!3f0!3m2!1i1024!2i768!4f13.1!3m3!1m2!1s0x46ec9883bbb7937f%3A0x82a47172f16343ea!2sUKU%20Keskus%2C%20Tallinna%20tn%2041%2C%20Viljandi%2C%2071020%20Viljandi%20maakond!5e0!3m2!1set!2see!4v1758194165561!5m2!1set!2see\" width=\"90%\" height=\"125\" frameborder=\"0\" marginwidth=\"0\" marginheight=\"0\" scrolling=\"no\"><a href=\"https:\/\/www.gps.ie\/marine-gps\/\">marine gps<\/a><\/iframe><\/p>","protected":false},"excerpt":{"rendered":"<p>P\u00c4RNU KAUBANDUSKESKUS PORT ARTUR 2 P\u00e4rnu, Lai 11 E-L 10.00 \u2013 20.00 P 10.00 \u2013 18.00 Tel: +372 445 2521 E-mail: parnu@optiumgrupp.ee ship tracker TARTU TARTU EEDEN Tartu, Kalda tee 1c E-L 10.00 \u2013 21.00 P 10.00-19.00 Tel: +372 744 1811 E-mail: eeden@optiumgrupp.ee shipping gps TARTU L\u00d5UNAKESKUS Tartu, L\u00e4\u00e4neringtee 39 E-P 10.00 \u2013 21.00 Tel: [&hellip;]<\/p>","protected":false},"author":1,"featured_media":0,"parent":0,"menu_order":0,"comment_status":"closed","ping_status":"closed","template":"","meta":{"footnotes":""},"class_list":["post-55","page","type-page","status-publish","hentry"],"_links":{"self":[{"href":"https:\/\/optiumgrupp.ee\/ru\/wp-json\/wp\/v2\/pages\/55","targetHints":{"allow":["GET"]}}],"collection":[{"href":"https:\/\/optiumgrupp.ee\/ru\/wp-json\/wp\/v2\/pages"}],"about":[{"href":"https:\/\/optiumgrupp.ee\/ru\/wp-json\/wp\/v2\/types\/page"}],"author":[{"embeddable":true,"href":"https:\/\/optiumgrupp.ee\/ru\/wp-json\/wp\/v2\/users\/1"}],"replies":[{"embeddable":true,"href":"https:\/\/optiumgrupp.ee\/ru\/wp-json\/wp\/v2\/comments?post=55"}],"version-history":[{"count":231,"href":"https:\/\/optiumgrupp.ee\/ru\/wp-json\/wp\/v2\/pages\/55\/revisions"}],"predecessor-version":[{"id":48290,"href":"https:\/\/optiumgrupp.ee\/ru\/wp-json\/wp\/v2\/pages\/55\/revisions\/48290"}],"wp:attachment":[{"href":"https:\/\/optiumgrupp.ee\/ru\/wp-json\/wp\/v2\/media?parent=55"}],"curies":[{"name":"wp","href":"https:\/\/api.w.org\/{rel}","templated":true}]}}