{"id":47951,"date":"2025-05-20T14:19:43","date_gmt":"2025-05-20T11:19:43","guid":{"rendered":"https:\/\/optiumgrupp.ee\/?page_id=47951"},"modified":"2026-03-06T11:57:41","modified_gmt":"2026-03-06T09:57:41","slug":"47951-2","status":"publish","type":"page","link":"https:\/\/optiumgrupp.ee\/ru\/47951-2\/","title":{"rendered":""},"content":{"rendered":"<!DOCTYPE html>\n<html lang=\"et\">\n<head>\n    <meta charset=\"UTF-8\">\n    <meta name=\"viewport\" content=\"width=device-width, initial-scale=1.0\">\n    <title>Broneeri Aeg<\/title>\n    <link rel=\"stylesheet\" href=\"https:\/\/optiumgrupp.ee\/styles.css\"> <!-- Kui kasutad stiilide faili -->\n<\/head>\n<body>\n\n<table>\n  <tr id=\"rida5\">\n    <td><\/td>\n  <\/tr>\n<\/table>\n<h2>BRONEERI AEG<\/h2><br>\n\n<b><a href=\"https:\/\/optiumgrupp.ee\/ru\/broneeringu-info\/\" style=\"color: blue;\">Broneeringu info -vajuta siia-<\/a><\/b>\n    <h2>Vali salong<\/h2>\n    <select id=\"citySelect\">\n        <option value=\"\">\u2014 \u0412\u044b\u0431\u0440\u0430\u0442\u044c \u0441\u0430\u043b\u043e\u043d \u043e\u043f\u0442\u0438\u043a\u0438 \u2014<\/option>\n        <option value=\"Lounakeskus\">\u0422\u0430\u0440\u0442\u0443, L\u00f5unakeskus (\u0422\u0430\u0440\u0442\u0443, \u041b\u044f\u044d\u043d\u0435\u0440\u0438\u043d\u0433\u0442\u0435\u044d 39)<\/option>\n        <option value=\"Eeden\">Tartu, Eeden (Tartu, Kalda tee 1C)<\/option>\n        <option value=\"Maarjamoisa\">\u0426\u0435\u043d\u0440 \u0437\u0434\u043e\u0440\u043e\u0432\u044c\u044f Marjam\u00f5isa (\u0422\u0430\u0440\u0442\u0443, \u041f\u0443\u0443\u0441\u0435\u043f\u0430 1\u0410)<\/option>\n        <option value=\"Viljandi\">\u0412\u0438\u043b\u044c\u044f\u043d\u0434\u0438, Uku (\u0412\u0438\u043b\u044c\u044f\u043d\u0434\u0438, \u0422\u0430\u043b\u043b\u0438\u043d\u043d\u0441\u043a\u043e\u0435 \u0448\u043e\u0441\u0441\u0435 41)<\/option>\n        <option value=\"Parnu\">\u041f\u044f\u0440\u043d\u0443, Port Artur 2 (\u041f\u044f\u0440\u043d\u0443, \u041b\u0430\u0439 11)<\/option>\n        <option value=\"Johvi\">J\u00f5hvi, Jewe Kekus (J\u00f5hvi, Narva mnt 8)<\/option>\n        <option value=\"Narva\">\u041d\u0430\u0440\u0432\u0430, \u0422\u043e\u0440\u0433\u043e\u0432\u044b\u0439 \u0446\u0435\u043d\u0442\u0440 Astri (\u041d\u0430\u0440\u0432\u0430, \u0422\u0430\u043b\u043b\u0438\u043d\u0441\u043a\u043e\u0435 \u0448\u043e\u0441\u0441\u0435 41)<\/option>\n   \n    <\/select>\n\n    <h2>Vali teenuse pakkuja<\/h2>\n    <select id=\"providerSelect\" disabled>\n        <option value=\"\">&#8212; Vali teenuse pakkuja &#8212;<\/option>\n    <\/select>\n\n    <h2>Vali teenus<\/h2>\n    <select id=\"serviceSelect\" disabled>\n        <option value=\"\">&#8212; Vali teenus &#8212;<\/option>\n    <\/select>\n\n    <h2>Vali kuup\u00e4ev<\/h2>\n <input type=\"text\" id=\"dateSelect\" placeholder=\"Vali kuup\u00e4ev\" disabled>\n\n<!-- Flatpickr -->\n<link rel=\"stylesheet\" href=\"https:\/\/cdn.jsdelivr.net\/npm\/flatpickr\/dist\/flatpickr.min.css\" \/>\n<script src=\"https:\/\/cdn.jsdelivr.net\/npm\/flatpickr\"><\/script>\n<script src=\"https:\/\/cdn.jsdelivr.net\/npm\/flatpickr\/dist\/l10n\/et.js\"><\/script>\n\n<script>\nlet calendarInstance;\n\nfunction loadCalendarIfReady() {\n  const city = document.getElementById(\"citySelect\").value;\n  const providerSelect = document.getElementById(\"providerSelect\");\n  const provider = providerSelect.value;\n  const input = document.getElementById(\"dateSelect\");\n\n  console.log(\"Valitud linn:\", city);\n  console.log(\"Valitud provider:\", provider);\n  console.log(\"Valitud provider tekst:\", providerSelect.options[providerSelect.selectedIndex].text);\n\n  if (!city || !provider) {\n    input.disabled = true;\n    input.value = \"\";\n    if (calendarInstance) calendarInstance.destroy();\n    return;\n  }\n\n  fetch(`https:\/\/optiumgrupp.ee\/get_dates.php?linn=${encodeURIComponent(city)}&provider=${encodeURIComponent(provider)}`)\n    .then(response => response.json())\n    .then(freeDates => {\n      if (!Array.isArray(freeDates)) {\n        alert(\"Serverist tuli ootamatu vastus.\");\n        return;\n      }\n\n      input.disabled = false;\n      input.value = \"\";\n\n      if (calendarInstance) calendarInstance.destroy();\n\n      calendarInstance = flatpickr(\"#dateSelect\", {\n        locale: \"et\",\n        dateFormat: \"Y-m-d\",\n        mode: \"single\",\n        disable: [\n          function(date) {\n            const d = date.toISOString().split(\"T\")[0];\n            return !freeDates.includes(d);\n          }\n        ],\n        onDayCreate: function(dObj, dStr, fp, dayElem) {\n          const date = dayElem.dateObj.toISOString().split(\"T\")[0];\n          if (freeDates.includes(date)) {\n            dayElem.style.backgroundColor = \"lightgreen\";\n            dayElem.style.borderRadius = \"50%\";\n          }\n        }\n      });\n    })\n    .catch(error => {\n      alert(\"Viga kuup\u00e4evade laadimisel. Proovi hiljem uuesti.\");\n      console.error(error);\n    });\n}\n\n\/\/ M\u00f5lemad valikud k\u00e4ivitavad kalendri laadimise\ndocument.getElementById(\"citySelect\").addEventListener(\"change\", loadCalendarIfReady);\ndocument.getElementById(\"providerSelect\").addEventListener(\"change\", loadCalendarIfReady);\n<\/script>\n    <h2>Vali kellaaeg<\/h2>\n    <select id=\"timeSelect\" disabled>\n        <option value=\"\">&#8212; Vali kellaaeg &#8212;<\/option>\n    <\/select>\n\n\n\n\n   <h2>Nimi<\/h2>\n    <input type=\"nimi\" id=\"niminInput\" placeholder=\"Sisesta nimi\" required>\n\n\n    <h2>Vanus<\/h2>\n    <input type=\"number\" id=\"ageInput\" placeholder=\"Sisesta vanus\" min=\"0\" max=\"120\">\n    \n     <h2>Telefon<\/h2>\n    <input type=\"telefon\" id=\"telefonInput\" placeholder=\"Sisesta telefon\" required>\n\n    <h2>E-post<\/h2>\n    <input type=\"email\" id=\"emailInput\" placeholder=\"Sisesta e-post\" required>\n\n    <button id=\"bookButton\" disabled>Broneeri aeg<\/button>\n\n    <div id=\"output\"><\/div>\n\n    <script src=\"https:\/\/optiumgrupp.ee\/script.js\"><\/script>\n<\/body>\n<\/html>","protected":false},"excerpt":{"rendered":"<p>Broneeri Aeg BRONEERI AEG Broneeringu info -vajuta siia- Vali salong &#8212; Vali salong &#8212;Tartu, L\u00f5unakeskus (Tartu, Ringtee 75)Tartu, Eeden (Tartu, Kalda tee 1C)Tartu, Maarjam\u00f5isa Polikliinik (Tartu, Puusepa 1A)Viljandi, Uku (Viljandi, Tallinna mnt 41)P\u00e4rnu, Port Artur 2 (P\u00e4rnu, Lai 11)J\u00f5hvi, Jewe Kekus (J\u00f5hvi, Narva mnt 8)Narva, Astri Keskus (Narva, Tallinna mnt 41) Vali teenuse pakkuja &#8212; [&hellip;]<\/p>","protected":false},"author":4,"featured_media":0,"parent":0,"menu_order":0,"comment_status":"closed","ping_status":"closed","template":"","meta":{"footnotes":""},"class_list":["post-47951","page","type-page","status-publish","hentry"],"_links":{"self":[{"href":"https:\/\/optiumgrupp.ee\/ru\/wp-json\/wp\/v2\/pages\/47951","targetHints":{"allow":["GET"]}}],"collection":[{"href":"https:\/\/optiumgrupp.ee\/ru\/wp-json\/wp\/v2\/pages"}],"about":[{"href":"https:\/\/optiumgrupp.ee\/ru\/wp-json\/wp\/v2\/types\/page"}],"author":[{"embeddable":true,"href":"https:\/\/optiumgrupp.ee\/ru\/wp-json\/wp\/v2\/users\/4"}],"replies":[{"embeddable":true,"href":"https:\/\/optiumgrupp.ee\/ru\/wp-json\/wp\/v2\/comments?post=47951"}],"version-history":[{"count":123,"href":"https:\/\/optiumgrupp.ee\/ru\/wp-json\/wp\/v2\/pages\/47951\/revisions"}],"predecessor-version":[{"id":48462,"href":"https:\/\/optiumgrupp.ee\/ru\/wp-json\/wp\/v2\/pages\/47951\/revisions\/48462"}],"wp:attachment":[{"href":"https:\/\/optiumgrupp.ee\/ru\/wp-json\/wp\/v2\/media?parent=47951"}],"curies":[{"name":"wp","href":"https:\/\/api.w.org\/{rel}","templated":true}]}}