{"id":46150,"date":"2024-07-22T13:28:11","date_gmt":"2024-07-22T10:28:11","guid":{"rendered":"https:\/\/optiumgrupp.ee\/?page_id=46150"},"modified":"2024-07-22T13:31:29","modified_gmt":"2024-07-22T10:31:29","slug":"jarelmaks","status":"publish","type":"page","link":"https:\/\/optiumgrupp.ee\/ru\/jarelmaks\/","title":{"rendered":"\u0420\u0430\u0441\u0441\u0440\u043e\u0447\u043a\u0430"},"content":{"rendered":"<p><strong>\u0420\u0430\u0441\u0441\u0440\u043e\u0447\u043a\u0430 ESTO \u2013 \u044d\u0442\u043e \u0438\u043d\u043d\u043e\u0432\u0430\u0446\u0438\u043e\u043d\u043d\u043e\u0435 \u043f\u043b\u0430\u0442\u0435\u0436\u043d\u043e\u0435 \u0440\u0435\u0448\u0435\u043d\u0438\u0435, \u043f\u043e\u0437\u0432\u043e\u043b\u044f\u044e\u0449\u0435\u0435 \u0440\u0430\u0437\u0434\u0435\u043b\u0438\u0442\u044c \u043f\u043b\u0430\u0442\u0435\u0436 \u043d\u0430 \u0435\u0436\u0435\u043c\u0435\u0441\u044f\u0447\u043d\u044b\u0435 \u043f\u043b\u0430\u0442\u0435\u0436\u0438. \u0420\u0430\u0441\u043f\u0440\u0435\u0434\u0435\u043b\u0438\u0442\u0435 \u0441\u0443\u043c\u043c\u0443 \u043f\u043e\u043a\u0443\u043f\u043a\u0438 \u043d\u0430 \u0431\u043e\u043b\u0435\u0435 \u0434\u043b\u0438\u0442\u0435\u043b\u044c\u043d\u044b\u0439 \u043f\u0435\u0440\u0438\u043e\u0434 \u0432\u0440\u0435\u043c\u0435\u043d\u0438! \u0418\u0441\u043f\u043e\u043b\u044c\u0437\u0443\u0439\u0442\u0435 \u0440\u0430\u0441\u0441\u0440\u043e\u0447\u043a\u0443 ESTO \u0432 \u0438\u043d\u0442\u0435\u0440\u043d\u0435\u0442-\u043c\u0430\u0433\u0430\u0437\u0438\u043d\u0430\u0445 \u0438 \u0444\u0438\u0437\u0438\u0447\u0435\u0441\u043a\u0438\u0445 \u043c\u0430\u0433\u0430\u0437\u0438\u043d\u0430\u0445.<\/strong><\/p>\n\n\n\n<p><strong>\u041a\u0430\u043a \u0432\u043e\u0441\u043f\u043e\u043b\u044c\u0437\u043e\u0432\u0430\u0442\u044c\u0441\u044f \u0440\u0430\u0441\u0441\u0440\u043e\u0447\u043a\u043e\u0439 ESTO?<\/strong><\/p>\n\n\n\n<figure class=\"wp-block-image\"><img decoding=\"async\" src=\"https:\/\/padelsport.ee\/wp-content\/uploads\/2024\/07\/HP_EE-1.png\" alt=\"\" class=\"wp-image-5102\"\/><\/figure>\n\n\n\n<ol class=\"wp-block-list\">\n<li>\u0414\u043e\u0431\u0430\u0432\u044c\u0442\u0435 \u0442\u043e\u0432\u0430\u0440 \u0432 \u043a\u043e\u0440\u0437\u0438\u043d\u0443;<\/li>\n\n\n\n<li>\u0412 \u043a\u0430\u0447\u0435\u0441\u0442\u0432\u0435 \u0441\u043f\u043e\u0441\u043e\u0431\u0430 \u043e\u043f\u043b\u0430\u0442\u044b \u043f\u0440\u0438 \u043e\u0444\u043e\u0440\u043c\u043b\u0435\u043d\u0438\u0438 \u0437\u0430\u043a\u0430\u0437\u0430 \u0432\u044b\u0431\u0435\u0440\u0438\u0442\u0435 \u0440\u0430\u0441\u0441\u0440\u043e\u0447\u043a\u0443 ESTO;<\/li>\n\n\n\n<li>\u0412\u044b\u0431\u0435\u0440\u0438\u0442\u0435 \u043f\u0435\u0440\u0438\u043e\u0434 \u043f\u043e\u0433\u0430\u0448\u0435\u043d\u0438\u044f \u2013 \u043e\u0442 3 \u0434\u043e 60 \u043c\u0435\u0441\u044f\u0446\u0435\u0432;<\/li>\n\n\n\n<li>\u0412\u044b \u043f\u043e\u043b\u0443\u0447\u0438\u0442\u0435 \u0440\u0435\u0448\u0435\u043d\u0438\u0435 \u0432 \u0440\u0435\u0436\u0438\u043c\u0435 \u0440\u0435\u0430\u043b\u044c\u043d\u043e\u0433\u043e \u0432\u0440\u0435\u043c\u0435\u043d\u0438;<\/li>\n\n\n\n<li>\u0412 \u0441\u043b\u0443\u0447\u0430\u0435 \u043f\u043e\u043b\u043e\u0436\u0438\u0442\u0435\u043b\u044c\u043d\u043e\u0433\u043e \u0440\u0435\u0448\u0435\u043d\u0438\u044f \u043f\u043e\u0434\u043f\u0438\u0448\u0438\u0442\u0435 \u0434\u043e\u0433\u043e\u0432\u043e\u0440 \u043e\u043d\u043b\u0430\u0439\u043d-\u043f\u043e\u0434\u043f\u0438\u0441\u044c\u044e \u0441 \u043f\u043e\u043c\u043e\u0449\u044c\u044e ID-\u043a\u0430\u0440\u0442\u044b, Smart-ID \u0438\u043b\u0438 Mobile-ID;<\/li>\n<\/ol>\n\n\n\n<p>\u041e\u0437\u043d\u0430\u043a\u043e\u043c\u044c\u0442\u0435\u0441\u044c \u0441 \u043c\u0430\u0433\u0430\u0437\u0438\u043d\u0430\u043c\u0438-\u043f\u0430\u0440\u0442\u043d\u0435\u0440\u0430\u043c\u0438 ESTO \u043d\u0430 ESTO Market:&nbsp;<a href=\"https:\/\/esto.eu\/ee\/esto-market?lang=et\" target=\"_blank\" rel=\"noreferrer noopener\">https:\/\/esto.eu\/ee\/esto-market<\/a><\/p>\n\n\n\n<p><strong>\u0420\u0430\u0441\u0441\u0440\u043e\u0447\u043a\u0443 ESTO \u043f\u0440\u0435\u0434\u043b\u0430\u0433\u0430\u0435\u0442 \u0438 \u0443\u043f\u0440\u0430\u0432\u043b\u044f\u0435\u0442 ESTO AS.\u00a0<\/strong><\/p>\n\n\n\n<p class=\"has-small-font-size\"><em>\u0413\u043e\u0434\u043e\u0432\u0430\u044f \u043f\u0440\u043e\u0446\u0435\u043d\u0442\u043d\u0430\u044f \u0441\u0442\u0430\u0432\u043a\u0430 \u043f\u043e \u043a\u0440\u0435\u0434\u0438\u0442\u0443 ESTO AS \u0441\u043e\u0441\u0442\u0430\u0432\u043b\u044f\u0435\u0442 23,63% \u043f\u0440\u0438 \u0441\u043b\u0435\u0434\u0443\u044e\u0449\u0438\u0445 \u043f\u0440\u0438\u043c\u0435\u0440\u043d\u044b\u0445 \u0443\u0441\u043b\u043e\u0432\u0438\u044f\u0445: \u0441\u0443\u043c\u043c\u0430 \u043a\u0440\u0435\u0434\u0438\u0442\u0430 1490 \u0435\u0432\u0440\u043e, \u0441\u0442\u043e\u0438\u043c\u043e\u0441\u0442\u044c \u0442\u043e\u0432\u0430\u0440\u043e\u0432\/\u0443\u0441\u043b\u0443\u0433 1490 \u0435\u0432\u0440\u043e, \u043f\u0435\u0440\u0432\u043e\u043d\u0430\u0447\u0430\u043b\u044c\u043d\u044b\u0439 \u0432\u0437\u043d\u043e\u0441 0%, \u0444\u0438\u043a\u0441\u0438\u0440\u043e\u0432\u0430\u043d\u043d\u0430\u044f \u043f\u0440\u043e\u0446\u0435\u043d\u0442\u043d\u0430\u044f \u0441\u0442\u0430\u0432\u043a\u0430 11,90%, \u043f\u043b\u0430\u0442\u0430 \u0437\u0430 \u0434\u043e\u0433\u043e\u0432\u043e\u0440 0 \u0435\u0432\u0440\u043e, \u043e\u0431\u0449\u0430\u044f \u0441\u0443\u043c\u043c\u0430 \u043a\u0440\u0435\u0434\u0438\u0442\u0430 \u0438 \u043f\u043e\u0433\u0430\u0448\u0435\u043d\u0438\u044f \u043e\u0431\u044f\u0437\u0430\u0442\u0435\u043b\u044c\u0441\u0442\u0432 1844,64 \u0435\u0432\u0440\u043e, \u043f\u0440\u0438 \u0443\u0441\u043b\u043e\u0432\u0438\u0438 \u043f\u043e\u0433\u0430\u0448\u0435\u043d\u0438\u044f \u043a\u0440\u0435\u0434\u0438\u0442\u0430 \u0432 \u0442\u0435\u0447\u0435\u043d\u0438\u0435 24 \u043c\u0435\u0441\u044f\u0446\u0435\u0432 \u0440\u0430\u0432\u043d\u044b\u043c\u0438 \u0435\u0436\u0435\u043c\u0435\u0441\u044f\u0447\u043d\u044b\u043c\u0438 \u043f\u043b\u0430\u0442\u0435\u0436\u0430\u043c\u0438 \u043f\u043e 76,86 \u0435\u0432\u0440\u043e.<\/em><\/p>\n\n\n\n<hr class=\"wp-block-separator has-alpha-channel-opacity\"\/>\n\n\n\n<p><strong>ESTO 3 \u2013 \u0441\u0430\u043c\u044b\u0439 \u043f\u043e\u043f\u0443\u043b\u044f\u0440\u043d\u044b\u0439 \u0441\u043f\u043e\u0441\u043e\u0431 \u043e\u043f\u043b\u0430\u0442\u044b \u043d\u043e\u0432\u043e\u0433\u043e \u043f\u043e\u043a\u043e\u043b\u0435\u043d\u0438\u044f, \u043a\u043e\u0442\u043e\u0440\u044b\u0439 \u043f\u043e\u0437\u0432\u043e\u043b\u044f\u0435\u0442 \u0440\u0430\u0437\u0434\u0435\u043b\u0438\u0442\u044c \u043e\u0431\u0449\u0443\u044e \u0441\u0443\u043c\u043c\u0443 \u043f\u043e\u043a\u0443\u043f\u043a\u0438 \u043d\u0430 3 \u0440\u0430\u0432\u043d\u044b\u0445 \u043f\u043b\u0430\u0442\u0435\u0436\u0430. \u0412\u0441\u0435, \u0447\u0442\u043e \u0432\u0430\u043c \u043d\u0443\u0436\u043d\u043e \u2013 \u0431\u0435\u0437 \u0438\u043d\u0442\u0440\u0435\u0441\u0441\u0430, \u043a\u043e\u043c\u0438\u0441\u0441\u0438\u0439 \u0438 \u043f\u0440\u0435\u0434\u043e\u043f\u043b\u0430\u0442\u044b. \u0418\u0441\u043f\u043e\u043b\u044c\u0437\u0443\u0439\u0442\u0435 \u0442\u0440\u0435\u0445\u044d\u0442\u0430\u043f\u043d\u044b\u0439 \u0441\u043f\u043e\u0441\u043e\u0431 \u043e\u043f\u043b\u0430\u0442\u044b ESTO \u0432 \u0438\u043d\u0442\u0435\u0440\u043d\u0435\u0442-\u043c\u0430\u0433\u0430\u0437\u0438\u043d\u0430\u0445 \u0438 \u0444\u0438\u0437\u0438\u0447\u0435\u0441\u043a\u0438\u0445 \u043c\u0430\u0433\u0430\u0437\u0438\u043d\u0430\u0445.<\/strong><\/p>\n\n\n\n<p><strong>\u041a\u0430\u043a \u044d\u0442\u043e \u0440\u0430\u0431\u043e\u0442\u0430\u0435\u0442?<\/strong><\/p>\n\n\n\n<figure class=\"wp-block-image\"><img decoding=\"async\" src=\"https:\/\/padelsport.ee\/wp-content\/uploads\/2024\/07\/ESTO-3-1.png\" alt=\"\" class=\"wp-image-5103\"\/><\/figure>\n\n\n\n<ol class=\"wp-block-list\">\n<li>\u0414\u043e\u0431\u0430\u0432\u044c\u0442\u0435 \u0442\u043e\u0432\u0430\u0440 \u0432 \u043a\u043e\u0440\u0437\u0438\u043d\u0443;<\/li>\n\n\n\n<li>\u0412\u044b\u0431\u0435\u0440\u0438\u0442\u0435 ESTO 3 \u0432 \u043a\u0430\u0447\u0435\u0441\u0442\u0432\u0435 \u0441\u043f\u043e\u0441\u043e\u0431\u0430 \u043e\u043f\u043b\u0430\u0442\u044b \u043f\u0440\u0438 \u043e\u0444\u043e\u0440\u043c\u043b\u0435\u043d\u0438\u0438 \u0437\u0430\u043a\u0430\u0437\u0430;<\/li>\n\n\n\n<li>\u0412\u044b \u043f\u043e\u043b\u0443\u0447\u0438\u0442\u0435 \u0440\u0435\u0448\u0435\u043d\u0438\u0435 \u0432 \u0440\u0435\u0436\u0438\u043c\u0435 \u0440\u0435\u0430\u043b\u044c\u043d\u043e\u0433\u043e \u0432\u0440\u0435\u043c\u0435\u043d\u0438;<\/li>\n\n\n\n<li>\u0412 \u0441\u043b\u0443\u0447\u0430\u0435 \u043f\u043e\u043b\u043e\u0436\u0438\u0442\u0435\u043b\u044c\u043d\u043e\u0433\u043e \u0440\u0435\u0448\u0435\u043d\u0438\u044f \u043f\u043e\u0434\u0442\u0432\u0435\u0440\u0434\u0438\u0442\u0435 \u043f\u043e\u043a\u0443\u043f\u043a\u0443;<\/li>\n\n\n\n<li>ESTO \u043e\u0442\u043f\u0440\u0430\u0432\u0438\u0442 \u0432\u0430\u043c \u043f\u0435\u0440\u0432\u044b\u0439 \u0441\u0447\u0435\u0442 15-\u0433\u043e \u0447\u0438\u0441\u043b\u0430 \u0441\u043b\u0435\u0434\u0443\u044e\u0449\u0435\u0433\u043e \u043c\u0435\u0441\u044f\u0446\u0430.<\/li>\n<\/ol>\n\n\n\n<p>\u041e\u0437\u043d\u0430\u043a\u043e\u043c\u044c\u0442\u0435\u0441\u044c \u0441 \u043c\u0430\u0433\u0430\u0437\u0438\u043d\u0430\u043c\u0438-\u043f\u0430\u0440\u0442\u043d\u0435\u0440\u0430\u043c\u0438 ESTO \u043d\u0430 ESTO Market:&nbsp;<a href=\"https:\/\/esto.eu\/ee\/esto-market?lang=et\" target=\"_blank\" rel=\"noreferrer noopener\">https:\/\/esto.eu\/ee\/esto-market<\/a><\/p>\n\n\n\n<p>\u0424\u0438\u043d\u0430\u043d\u0441\u043e\u0432\u044b\u0435 \u0443\u0441\u043b\u0443\u0433\u0438 \u043f\u0440\u0435\u0434\u043e\u0441\u0442\u0430\u0432\u043b\u044f\u044e\u0442\u0441\u044f ESTO AS. \u041f\u0435\u0440\u0435\u0434 \u0437\u0430\u043a\u043b\u044e\u0447\u0435\u043d\u0438\u0435\u043c \u0434\u043e\u0433\u043e\u0432\u043e\u0440\u0430 \u043e\u0437\u043d\u0430\u043a\u043e\u043c\u044c\u0442\u0435\u0441\u044c \u0441 \u0443\u0441\u043b\u043e\u0432\u0438\u044f\u043c\u0438 \u0438, \u043f\u0440\u0438 \u043d\u0435\u043e\u0431\u0445\u043e\u0434\u0438\u043c\u043e\u0441\u0442\u0438, \u043f\u0440\u043e\u043a\u043e\u043d\u0441\u0443\u043b\u044c\u0442\u0438\u0440\u0443\u0439\u0442\u0435\u0441\u044c \u0441\u043e \u0441\u043f\u0435\u0446\u0438\u0430\u043b\u0438\u0441\u0442\u043e\u043c. \u0414\u043e\u043f\u043e\u043b\u043d\u0438\u0442\u0435\u043b\u044c\u043d\u0430\u044f \u0438\u043d\u0444\u043e\u0440\u043c\u0430\u0446\u0438\u044f \u043d\u0430 \u0441\u0430\u0439\u0442\u0435 https:\/\/esto.eu\/ee?lang=ru<\/p>\n\n\n\n<hr class=\"wp-block-separator has-alpha-channel-opacity\"\/>\n\n\n\n<p><strong>ESTO Pay Later \u2013 \u00ab\u041a\u0443\u043f\u0438 \u0441\u0435\u0439\u0447\u0430\u0441, \u043f\u043b\u0430\u0442\u0438 \u043f\u043e\u0442\u043e\u043c\u00bb \u2013 \u044d\u0442\u043e \u043d\u043e\u0432\u044b\u0439 \u0441\u043f\u043e\u0441\u043e\u0431 \u043e\u043f\u043b\u0430\u0442\u044b \u043f\u043e\u043a\u0443\u043f\u043e\u043a, \u043a\u043e\u0442\u043e\u0440\u044b\u0439 \u043f\u043e\u0437\u0432\u043e\u043b\u044f\u0435\u0442 \u043e\u043f\u043b\u0430\u0447\u0438\u0432\u0430\u0442\u044c \u043f\u043e\u043a\u0443\u043f\u043a\u0438 \u0432 \u0442\u0435\u0447\u0435\u043d\u0438\u0435 30 \u0434\u043d\u0435\u0439. \u0412\u0441\u0435, \u0447\u0442\u043e \u0432\u0430\u043c \u043d\u0443\u0436\u043d\u043e \u2013 \u0431\u0435\u0437 \u0438\u043d\u0442\u0440\u0435\u0441\u0441\u0430, \u043a\u043e\u043c\u0438\u0441\u0441\u0438\u0439 \u0438 \u043f\u0440\u0435\u0434\u043e\u043f\u043b\u0430\u0442\u044b.<\/strong><\/p>\n\n\n\n<p><strong>\u041a\u0430\u043a \u044d\u0442\u043e \u0440\u0430\u0431\u043e\u0442\u0430\u0435\u0442?<\/strong><\/p>\n\n\n\n<figure class=\"wp-block-image\"><img decoding=\"async\" src=\"https:\/\/padelsport.ee\/wp-content\/uploads\/2024\/07\/Pay-Later_ee.png\" alt=\"\" class=\"wp-image-5104\"\/><\/figure>\n\n\n\n<p><br>1. \u0414\u043e\u0431\u0430\u0432\u044c\u0442\u0435 \u0442\u043e\u0432\u0430\u0440 \u0432 \u043a\u043e\u0440\u0437\u0438\u043d\u0443;<br>2.\t\u0412\u044b\u0431\u0435\u0440\u0438\u0442\u0435 ESTO Pay Later \u0432 \u043a\u0430\u0447\u0435\u0441\u0442\u0432\u0435 \u0441\u043f\u043e\u0441\u043e\u0431\u0430 \u043e\u043f\u043b\u0430\u0442\u044b \u043f\u0440\u0438 \u043e\u0444\u043e\u0440\u043c\u043b\u0435\u043d\u0438\u0438 \u0437\u0430\u043a\u0430\u0437\u0430;<br>3.\t\u0412\u044b \u043f\u043e\u043b\u0443\u0447\u0438\u0442\u0435 \u0440\u0435\u0448\u0435\u043d\u0438\u0435 \u0432 \u0440\u0435\u0436\u0438\u043c\u0435 \u0440\u0435\u0430\u043b\u044c\u043d\u043e\u0433\u043e \u0432\u0440\u0435\u043c\u0435\u043d\u0438;<br>4.\t\u0412 \u0441\u043b\u0443\u0447\u0430\u0435 \u043f\u043e\u043b\u043e\u0436\u0438\u0442\u0435\u043b\u044c\u043d\u043e\u0433\u043e \u0440\u0435\u0448\u0435\u043d\u0438\u044f \u043f\u043e\u0434\u0442\u0432\u0435\u0440\u0434\u0438\u0442\u0435 \u043f\u043e\u043a\u0443\u043f\u043a\u0443;<br>5.\tESTO \u043e\u0442\u043f\u0440\u0430\u0432\u0438\u0442 \u0432\u0430\u043c \u0441\u0447\u0435\u0442, \u043a\u043e\u0442\u043e\u0440\u044b\u0439 \u0432\u0430\u043c \u0431\u0443\u0434\u0435\u0442 \u043d\u0435\u043e\u0431\u0445\u043e\u0434\u0438\u043c\u043e \u043e\u043f\u043b\u0430\u0442\u0438\u0442\u044c \u0432 \u0442\u0435\u0447\u0435\u043d\u0438\u0435 30 \u0434\u043d\u0435\u0439.<\/p>\n\n\n\n<p>\u0418\u0441\u043f\u043e\u043b\u044c\u0437\u0443\u0439\u0442\u0435 ESTO Pay Later \u0432 \u0438\u043d\u0442\u0435\u0440\u043d\u0435\u0442-\u043c\u0430\u0433\u0430\u0437\u0438\u043d\u0430\u0445 \u0438 \u0444\u0438\u0437\u0438\u0447\u0435\u0441\u043a\u0438\u0445 \u043c\u0430\u0433\u0430\u0437\u0438\u043d\u0430\u0445. \u041e\u0437\u043d\u0430\u043a\u043e\u043c\u044c\u0442\u0435\u0441\u044c \u0441 \u043c\u0430\u0433\u0430\u0437\u0438\u043d\u0430\u043c\u0438-\u043f\u0430\u0440\u0442\u043d\u0435\u0440\u0430\u043c\u0438 ESTO \u043d\u0430 ESTO Market:<\/p>\n\n\n\n<p>\u0424\u0438\u043d\u0430\u043d\u0441\u043e\u0432\u044b\u0435 \u0443\u0441\u043b\u0443\u0433\u0438 \u043f\u0440\u0435\u0434\u043e\u0441\u0442\u0430\u0432\u043b\u044f\u044e\u0442\u0441\u044f ESTO AS. \u041f\u0435\u0440\u0435\u0434 \u0437\u0430\u043a\u043b\u044e\u0447\u0435\u043d\u0438\u0435\u043c \u0434\u043e\u0433\u043e\u0432\u043e\u0440\u0430 \u043e\u0437\u043d\u0430\u043a\u043e\u043c\u044c\u0442\u0435\u0441\u044c \u0441 \u0443\u0441\u043b\u043e\u0432\u0438\u044f\u043c\u0438 \u0438, \u043f\u0440\u0438 \u043d\u0435\u043e\u0431\u0445\u043e\u0434\u0438\u043c\u043e\u0441\u0442\u0438, \u043f\u0440\u043e\u043a\u043e\u043d\u0441\u0443\u043b\u044c\u0442\u0438\u0440\u0443\u0439\u0442\u0435\u0441\u044c \u0441\u043e \u0441\u043f\u0435\u0446\u0438\u0430\u043b\u0438\u0441\u0442\u043e\u043c. \u0414\u043e\u043f\u043e\u043b\u043d\u0438\u0442\u0435\u043b\u044c\u043d\u0430\u044f \u0438\u043d\u0444\u043e\u0440\u043c\u0430\u0446\u0438\u044f \u043d\u0430 \u0441\u0430\u0439\u0442\u0435 https:\/\/esto.eu\/ee?lang=ru<\/p>\n\n\n\n<p>\u041e\u0431 ESTO<br>ESTO \u044f\u0432\u043b\u044f\u0435\u0442\u0441\u044f \u043f\u043e\u043f\u0443\u043b\u044f\u0440\u043d\u0435\u0439\u0448\u0438\u043c \u043f\u043e\u0441\u0442\u0430\u0432\u0449\u0438\u043a\u043e\u043c \u043f\u043b\u0430\u0442\u0435\u0436\u043d\u044b\u0445 \u0440\u0435\u0448\u0435\u043d\u0438\u0439 \u0432 \u0441\u0442\u0440\u0430\u043d\u0430\u0445 \u0411\u0430\u043b\u0442\u0438\u0438, \u0441\u043e\u0432\u0435\u0440\u0448\u0438\u0432\u0448\u0438\u0439 \u0440\u0435\u0432\u043e\u043b\u044e\u0446\u0438\u044e \u0432 \u043f\u0440\u043e\u0446\u0435\u0441\u0441\u0430\u0445 \u043f\u0440\u043e\u0434\u0430\u0436 \u0438 \u043f\u043e\u043a\u0443\u043f\u043e\u043a. \u0423 ESTO \u043f\u043e\u0447\u0442\u0438 500 000 \u0430\u043a\u0442\u0438\u0432\u043d\u044b\u0445 \u043a\u043b\u0438\u0435\u043d\u0442\u043e\u0432 \u0438 \u0431\u043e\u043b\u0435\u0435 4 000 \u043c\u0430\u0433\u0430\u0437\u0438\u043d\u043e\u0432-\u043f\u0430\u0440\u0442\u043d\u0435\u0440\u043e\u0432 \u043f\u043e \u0432\u0441\u0435\u0439 \u0411\u0430\u043b\u0442\u0438\u0438. \u041c\u0438\u0441\u0441\u0438\u044f ESTO \u2013 \u043f\u043e\u043c\u043e\u0433\u0430\u0442\u044c \u043f\u0430\u0440\u0442\u043d\u0435\u0440\u0430\u043c \u043f\u0440\u043e\u0434\u0430\u0432\u0430\u0442\u044c, \u0430 \u043a\u043b\u0438\u0435\u043d\u0442\u0430\u043c \u043f\u043e\u043a\u0443\u043f\u0430\u0442\u044c. ESTO \u043f\u0440\u0435\u0434\u043b\u0430\u0433\u0430\u0435\u0442 \u0440\u0430\u0437\u043d\u043e\u043e\u0431\u0440\u0430\u0437\u043d\u044b\u0439 \u0430\u0441\u0441\u043e\u0440\u0442\u0438\u043c\u0435\u043d\u0442 \u043f\u0440\u043e\u0434\u0443\u043a\u0442\u043e\u0432 \u043a\u0430\u043a \u0434\u043b\u044f B2B, \u0442\u0430\u043a \u0438 \u0434\u043b\u044f B2C \u043a\u043b\u0438\u0435\u043d\u0442\u043e\u0432. \u0415\u0441\u043b\u0438 \u0432\u0430\u043c \u043d\u0443\u0436\u043d\u0430 \u043f\u043e\u043c\u043e\u0449\u044c, \u0441\u0432\u044f\u0436\u0438\u0442\u0435\u0441\u044c \u0441 \u0441\u043e\u0442\u0440\u0443\u0434\u043d\u0438\u043a\u043e\u043c ESTO AS \u043f\u043e \u0430\u0434\u0440\u0435\u0441\u0443 info@esto.ee  \u0438\u043b\u0438 \u043f\u043e\u0441\u0435\u0442\u0438\u0442\u0435 https:\/\/esto.eu\/ee\/kliendile-klienditugi?lang=ru<br>Kui vajad abi, v\u00f5ta \u00fchendust ESTO AS t\u00f6\u00f6tajaga info@esto.ee v\u00f5i k\u00fclasta https:\/\/esto.eu\/ee\/kliendile-klienditugi.<\/p>","protected":false},"excerpt":{"rendered":"<p>ESTO j\u00e4relmaks on paindlik makselahendus, mis v\u00f5imaldab jaotada makse mugavalt igakuisteks osamakseteks. Jaota ostusumma mugavalt endale sobiva perioodi peale. Perioodi ja sissemakse suurust saad valida ostu vormistamisel, kui valid kassast ESTO j\u00e4relmaksu. Kuidas kasutada ESTO j\u00e4relmaksu? Kasuta ESTO j\u00e4relmaksu e-poodides ja f\u00fc\u00fcsilistes kauplustes. K\u00f5ik ESTO partnerpoed leiad ESTO Marketist:&nbsp;https:\/\/esto.eu\/ee\/esto-market ESTO j\u00e4relmaksu pakub ja haldab ESTO [&hellip;]<\/p>","protected":false},"author":1,"featured_media":0,"parent":0,"menu_order":0,"comment_status":"closed","ping_status":"closed","template":"","meta":{"footnotes":""},"class_list":["post-46150","page","type-page","status-publish","hentry"],"_links":{"self":[{"href":"https:\/\/optiumgrupp.ee\/ru\/wp-json\/wp\/v2\/pages\/46150","targetHints":{"allow":["GET"]}}],"collection":[{"href":"https:\/\/optiumgrupp.ee\/ru\/wp-json\/wp\/v2\/pages"}],"about":[{"href":"https:\/\/optiumgrupp.ee\/ru\/wp-json\/wp\/v2\/types\/page"}],"author":[{"embeddable":true,"href":"https:\/\/optiumgrupp.ee\/ru\/wp-json\/wp\/v2\/users\/1"}],"replies":[{"embeddable":true,"href":"https:\/\/optiumgrupp.ee\/ru\/wp-json\/wp\/v2\/comments?post=46150"}],"version-history":[{"count":2,"href":"https:\/\/optiumgrupp.ee\/ru\/wp-json\/wp\/v2\/pages\/46150\/revisions"}],"predecessor-version":[{"id":46154,"href":"https:\/\/optiumgrupp.ee\/ru\/wp-json\/wp\/v2\/pages\/46150\/revisions\/46154"}],"wp:attachment":[{"href":"https:\/\/optiumgrupp.ee\/ru\/wp-json\/wp\/v2\/media?parent=46150"}],"curies":[{"name":"wp","href":"https:\/\/api.w.org\/{rel}","templated":true}]}}